{"id":1024,"date":"2013-09-16T14:34:45","date_gmt":"2013-09-16T12:34:45","guid":{"rendered":"http:\/\/www.bobergsstuteri.se\/?page_id=1024"},"modified":"2020-11-19T09:13:29","modified_gmt":"2020-11-19T08:13:29","slug":"bobergsapple","status":"publish","type":"page","link":"http:\/\/www.bobergsstuteri.se\/?page_id=1024","title":{"rendered":"Bobergs\u00e4pple"},"content":{"rendered":"<h1 style=\"text-align: center;\"><strong>Bobergs\u00e4pplet<\/strong><img decoding=\"async\" loading=\"lazy\" class=\"size-medium wp-image-1025 aligncenter\" src=\"http:\/\/www.bobergsstuteri.se\/wp-content\/uploads\/2013\/09\/IMG_4082-e1379334619953-300x250.jpg\" alt=\"IMG_4082\" width=\"300\" height=\"250\" srcset=\"http:\/\/www.bobergsstuteri.se\/wp-content\/uploads\/2013\/09\/IMG_4082-e1379334619953-300x250.jpg 300w, http:\/\/www.bobergsstuteri.se\/wp-content\/uploads\/2013\/09\/IMG_4082-e1379334619953-1024x856.jpg 1024w\" sizes=\"(max-width: 300px) 100vw, 300px\" \/><\/h1>\n<p style=\"text-align: center;\"><strong><span style=\"color: #ff0000;\">\u00a0<\/span><\/strong><\/p>\n<p>\u00c4pplesorten <strong>&#8221;Bobergs\u00e4pple<\/strong>&#8221; h\u00e4rstammar fr\u00e5n Ellen, Almas och\u00a0Ivans\u00a0farfars farfars farfar Carl August Andersson. I boken &#8221;V\u00e5ra \u00e4pplesorter&#8221; av Anton Nilsson beskrivs frukten och tr\u00e4det:<\/p>\n<p><strong>Frukten\u00a0<\/strong>\u00e4r medelstor. Form\u00a0rund till plattrund. K\u00f6ttet \u00e4r n\u00e4stan vitt, fint, r\u00e4tt fast, av behaglig, ganska fin smak, svagt syrlig.<\/p>\n<p><strong>Tr\u00e4det<\/strong> v\u00e4xer t\u00e4mligen kraftigt och ganska glest. Det \u00e4r h\u00e4rdigt,\u00a0synnerligen friskt och b\u00f6rdigt.<\/p>\n<p>F\u00f6r mer information: <a href=\"https:\/\/sv.wikipedia.org\/wiki\/Bobergs%C3%A4pple\">https:\/\/sv.wikipedia.org\/wiki\/Bobergs%C3%A4pple<\/a><span style=\"color: #800080;\">\u00a0<\/span><\/p>\n<p style=\"text-align: center;\"><span style=\"color: #000000;\"><strong>Ympkvistar fr\u00e5n v\u00e5ra Bobergs\u00e4ppletr\u00e4d skickas\u00a0till plantskola i februari. D\u00e4r ympas de p\u00e5 grundstammar. Vi f\u00e5r dem \u00e5ter och \u00e4r f\u00e4rdiga att plantera i september. <\/strong><\/span><\/p>\n<p style=\"text-align: center;\"><span style=\"color: #ff0000;\"><strong><span style=\"color: #000000;\">\u00c4r du intresserad av ett eget Bobergs\u00e4ppletr\u00e4d 2021 &#8211; anm\u00e4l ditt intresse nu via mail eller telefon, Vi s\u00e4ljer ett begr\u00e4nsat antal Bobergs\u00e4ppletr\u00e4d &#8211; F\u00f6rst till kvarn!<\/span> <\/strong><\/span><\/p>\n<p style=\"text-align: center;\"><strong><em><span style=\"color: #ff0000;\">\u00a0<\/span><\/em><\/strong><\/p>\n<div id='gallery-1' class='gallery galleryid-1024 gallery-columns-3 gallery-size-thumbnail'><dl class='gallery-item'>\n\t\t\t<dt class='gallery-icon portrait'>\n\t\t\t\t<a href='http:\/\/www.bobergsstuteri.se\/?attachment_id=2530'><img width=\"150\" height=\"150\" src=\"http:\/\/www.bobergsstuteri.se\/wp-content\/uploads\/2013\/09\/IMG_79311-150x150.jpg\" class=\"attachment-thumbnail size-thumbnail\" alt=\"\" decoding=\"async\" loading=\"lazy\" aria-describedby=\"gallery-1-2530\" \/><\/a>\n\t\t\t<\/dt>\n\t\t\t\t<dd class='wp-caption-text gallery-caption' id='gallery-1-2530'>\n\t\t\t\tTypiskt Bobergs\u00e4pple\n\t\t\t\t<\/dd><\/dl><dl class='gallery-item'>\n\t\t\t<dt class='gallery-icon portrait'>\n\t\t\t\t<a href='http:\/\/www.bobergsstuteri.se\/?attachment_id=2528'><img width=\"150\" height=\"150\" src=\"http:\/\/www.bobergsstuteri.se\/wp-content\/uploads\/2013\/09\/IMG_79301-e1505680176298-150x150.jpg\" class=\"attachment-thumbnail size-thumbnail\" alt=\"\" decoding=\"async\" loading=\"lazy\" aria-describedby=\"gallery-1-2528\" \/><\/a>\n\t\t\t<\/dt>\n\t\t\t\t<dd class='wp-caption-text gallery-caption' id='gallery-1-2528'>\n\t\t\t\tPlantor redo att flytta!\n\t\t\t\t<\/dd><\/dl><dl class='gallery-item'>\n\t\t\t<dt class='gallery-icon portrait'>\n\t\t\t\t<a href='http:\/\/www.bobergsstuteri.se\/?attachment_id=2531'><img width=\"150\" height=\"150\" src=\"http:\/\/www.bobergsstuteri.se\/wp-content\/uploads\/2013\/09\/IMG_79321-150x150.jpg\" class=\"attachment-thumbnail size-thumbnail\" alt=\"\" decoding=\"async\" loading=\"lazy\" \/><\/a>\n\t\t\t<\/dt><\/dl><br style=\"clear: both\" \/>\n\t\t<\/div>\n\n<h2 style=\"text-align: center;\"><span style=\"color: #ff0000;\"><strong>V\u00e4lkomna!<\/strong><\/span><\/h2>\n<p style=\"text-align: center;\">Pris ca 550kr\/st<\/p>\n<p style=\"text-align: center;\">Mvh\u00a0Jenny<\/p>\n<p style=\"text-align: center;\">\u00a0Ring: tel.070-519 42 52<\/p>\n<p style=\"text-align: center;\">Maila: <a href=\"mailto:jenny@bobergsstuteri.se\">jenny@bobergsstuteri.se<\/a><\/p>\n","protected":false},"excerpt":{"rendered":"<p>Bobergs\u00e4pplet \u00a0 \u00c4pplesorten &#8221;Bobergs\u00e4pple&#8221; h\u00e4rstammar fr\u00e5n Ellen, Almas och\u00a0Ivans\u00a0farfars farfars farfar Carl August Andersson. I boken &#8221;V\u00e5ra \u00e4pplesorter&#8221; av Anton Nilsson beskrivs frukten och tr\u00e4det: Frukten\u00a0\u00e4r medelstor. Form\u00a0rund till plattrund. K\u00f6ttet \u00e4r n\u00e4stan vitt, fint, r\u00e4tt fast, av behaglig, ganska &hellip; <a href=\"http:\/\/www.bobergsstuteri.se\/?page_id=1024\">Forts\u00e4tt l\u00e4sa <span class=\"meta-nav\">&rarr;<\/span><\/a><\/p>\n","protected":false},"author":2,"featured_media":0,"parent":0,"menu_order":10,"comment_status":"closed","ping_status":"closed","template":"","meta":[],"_links":{"self":[{"href":"http:\/\/www.bobergsstuteri.se\/index.php?rest_route=\/wp\/v2\/pages\/1024"}],"collection":[{"href":"http:\/\/www.bobergsstuteri.se\/index.php?rest_route=\/wp\/v2\/pages"}],"about":[{"href":"http:\/\/www.bobergsstuteri.se\/index.php?rest_route=\/wp\/v2\/types\/page"}],"author":[{"embeddable":true,"href":"http:\/\/www.bobergsstuteri.se\/index.php?rest_route=\/wp\/v2\/users\/2"}],"replies":[{"embeddable":true,"href":"http:\/\/www.bobergsstuteri.se\/index.php?rest_route=%2Fwp%2Fv2%2Fcomments&post=1024"}],"version-history":[{"count":41,"href":"http:\/\/www.bobergsstuteri.se\/index.php?rest_route=\/wp\/v2\/pages\/1024\/revisions"}],"predecessor-version":[{"id":3353,"href":"http:\/\/www.bobergsstuteri.se\/index.php?rest_route=\/wp\/v2\/pages\/1024\/revisions\/3353"}],"wp:attachment":[{"href":"http:\/\/www.bobergsstuteri.se\/index.php?rest_route=%2Fwp%2Fv2%2Fmedia&parent=1024"}],"curies":[{"name":"wp","href":"https:\/\/api.w.org\/{rel}","templated":true}]}}