{"id":1450,"date":"2015-07-07T22:19:43","date_gmt":"2015-07-07T20:19:43","guid":{"rendered":"http:\/\/www.bobergsstuteri.se\/?page_id=1450"},"modified":"2023-08-30T14:56:39","modified_gmt":"2023-08-30T12:56:39","slug":"lammskinn-till-salu","status":"publish","type":"page","link":"http:\/\/www.bobergsstuteri.se\/?page_id=1450","title":{"rendered":"Lammskinn till salu!"},"content":{"rendered":"<h2 style=\"text-align: center;\">Lammskinn till salu!<\/h2>\n<p style=\"text-align: center;\"><span style=\"color: #800080;\"><strong>Nya skinn finns hemma nu, vita, gr\u00e5, n\u00e5gra melerade, \u00e4ven l\u00e5ngh\u00e5riga olika kvalit\u00e9er att v\u00e4lja p\u00e5!<\/strong><\/span><\/p>\n<p style=\"text-align: center;\"><span style=\"color: #800080;\"><strong> V\u00e4lkomna!<\/strong><\/span><\/p>\n<p style=\"text-align: center;\">Vi s\u00e4ljer skinn fr\u00e5n v\u00e5ra egna lamm. Skinnen \u00e4r tv\u00e4ttbara och perfekta att ha i; \u00a0barnvagnen, bilen, b\u00e5ten, husvagnen\/bilen, i soffan eller n\u00e5gon annanstans d\u00e4r man\u00a0vill ha det lite extra mysigt!<\/p>\n<p style=\"text-align: center;\"><a href=\"http:\/\/www.bobergsstuteri.se\/wp-content\/uploads\/2013\/01\/IMG_97741-e1436299615982.jpg\"><img decoding=\"async\" loading=\"lazy\" class=\"alignnone wp-image-1445 size-medium\" src=\"http:\/\/www.bobergsstuteri.se\/wp-content\/uploads\/2013\/01\/IMG_97741-e1693400055163-266x300.jpg\" alt=\"IMG_9774[1]\" width=\"266\" height=\"300\" srcset=\"http:\/\/www.bobergsstuteri.se\/wp-content\/uploads\/2013\/01\/IMG_97741-e1693400055163-266x300.jpg 266w, http:\/\/www.bobergsstuteri.se\/wp-content\/uploads\/2013\/01\/IMG_97741-e1693400055163-907x1024.jpg 907w, http:\/\/www.bobergsstuteri.se\/wp-content\/uploads\/2013\/01\/IMG_97741-e1693400055163-768x867.jpg 768w, http:\/\/www.bobergsstuteri.se\/wp-content\/uploads\/2013\/01\/IMG_97741-e1693400055163-1360x1536.jpg 1360w, http:\/\/www.bobergsstuteri.se\/wp-content\/uploads\/2013\/01\/IMG_97741-e1693400055163-1813x2048.jpg 1813w\" sizes=\"(max-width: 266px) 100vw, 266px\" \/><\/a><\/p>\n<p style=\"text-align: center;\">\n<p style=\"text-align: center;\">\u00a0 Samtliga skinn \u00e4r rena Gotland eller Leicester\/Gotlandkorsningar. F\u00f6r prisuppgifter, fler foton eller storleksuppgift p\u00e5 de olika skinnen och f\u00f6r att k\u00f6pa skinn &#8211; ring eller maila. Kontaktuppgifter finns l\u00e4ngst ner p\u00e5 sidan.<\/p>\n<p style=\"text-align: center;\">V\u00e4lkomna att h\u00f6ra av er!<\/p>\n<p style=\"text-align: center;\">Tel.070-5194252<\/p>\n<p style=\"text-align: center;\"><span style=\"text-decoration: underline;\">Mail:<\/span><\/p>\n<p style=\"text-align: center;\"><span style=\"text-decoration: underline;\"><a href=\"mailto:jenny@bobergsstuteri.se\"><span style=\"color: #000080; text-decoration: underline;\">jenny@bobergsstuteri.se<\/span><\/a><\/span><\/p>\n<p style=\"text-align: center;\">\n","protected":false},"excerpt":{"rendered":"<p>Lammskinn till salu! Nya skinn finns hemma nu, vita, gr\u00e5, n\u00e5gra melerade, \u00e4ven l\u00e5ngh\u00e5riga olika kvalit\u00e9er att v\u00e4lja p\u00e5! V\u00e4lkomna! Vi s\u00e4ljer skinn fr\u00e5n v\u00e5ra egna lamm. Skinnen \u00e4r tv\u00e4ttbara och perfekta att ha i; \u00a0barnvagnen, bilen, b\u00e5ten, husvagnen\/bilen, i &hellip; <a href=\"http:\/\/www.bobergsstuteri.se\/?page_id=1450\">Forts\u00e4tt l\u00e4sa <span class=\"meta-nav\">&rarr;<\/span><\/a><\/p>\n","protected":false},"author":2,"featured_media":0,"parent":0,"menu_order":12,"comment_status":"closed","ping_status":"closed","template":"","meta":[],"_links":{"self":[{"href":"http:\/\/www.bobergsstuteri.se\/index.php?rest_route=\/wp\/v2\/pages\/1450"}],"collection":[{"href":"http:\/\/www.bobergsstuteri.se\/index.php?rest_route=\/wp\/v2\/pages"}],"about":[{"href":"http:\/\/www.bobergsstuteri.se\/index.php?rest_route=\/wp\/v2\/types\/page"}],"author":[{"embeddable":true,"href":"http:\/\/www.bobergsstuteri.se\/index.php?rest_route=\/wp\/v2\/users\/2"}],"replies":[{"embeddable":true,"href":"http:\/\/www.bobergsstuteri.se\/index.php?rest_route=%2Fwp%2Fv2%2Fcomments&post=1450"}],"version-history":[{"count":31,"href":"http:\/\/www.bobergsstuteri.se\/index.php?rest_route=\/wp\/v2\/pages\/1450\/revisions"}],"predecessor-version":[{"id":4008,"href":"http:\/\/www.bobergsstuteri.se\/index.php?rest_route=\/wp\/v2\/pages\/1450\/revisions\/4008"}],"wp:attachment":[{"href":"http:\/\/www.bobergsstuteri.se\/index.php?rest_route=%2Fwp%2Fv2%2Fmedia&parent=1450"}],"curies":[{"name":"wp","href":"https:\/\/api.w.org\/{rel}","templated":true}]}}