{"id":1581,"date":"2015-11-11T20:31:29","date_gmt":"2015-11-11T19:31:29","guid":{"rendered":"http:\/\/www.bobergsstuteri.se\/?page_id=1581"},"modified":"2023-01-15T20:54:30","modified_gmt":"2023-01-15T19:54:30","slug":"ginger-v-h-duurschenbosch","status":"publish","type":"page","link":"http:\/\/www.bobergsstuteri.se\/?page_id=1581","title":{"rendered":"Ginger v.h. Duurschenbosch RS 7379"},"content":{"rendered":"<h2 style=\"text-align: center;\"><span style=\"color: #000000;\"><a style=\"color: #000000;\" href=\"http:\/\/www.shetlandsponnyn.se\/Stambok\/Visa3Led.aspx?Nr1=137401\">Ginger v.h. Duurschenbosch<\/a>\u00a0RS 7379<\/span><\/h2>\n<p style=\"text-align: center;\"><a href=\"http:\/\/www.bobergsstuteri.se\/?attachment_id=2147\" rel=\"attachment wp-att-2147\"><img decoding=\"async\" loading=\"lazy\" class=\"alignnone size-medium wp-image-2147\" src=\"http:\/\/www.bobergsstuteri.se\/wp-content\/uploads\/2015\/11\/25092016-IMG_3148-1-300x200.jpg\" alt=\"25092016-IMG_3148\" width=\"300\" height=\"200\" srcset=\"http:\/\/www.bobergsstuteri.se\/wp-content\/uploads\/2015\/11\/25092016-IMG_3148-1-300x200.jpg 300w, http:\/\/www.bobergsstuteri.se\/wp-content\/uploads\/2015\/11\/25092016-IMG_3148-1-768x512.jpg 768w, http:\/\/www.bobergsstuteri.se\/wp-content\/uploads\/2015\/11\/25092016-IMG_3148-1-1024x683.jpg 1024w\" sizes=\"(max-width: 300px) 100vw, 300px\" \/><\/a><\/p>\n<p style=\"text-align: center;\">\u00a0Br, f-13, 79cm, uts 43p, prem klass 1, Champion ministo, BIS!, SUCH, SUPER-SUCH!<\/p>\n<p style=\"text-align: center;\"><span style=\"color: #000000;\">e: Sander v.d. Hoefslag<\/span><\/p>\n<p style=\"text-align: center;\"><span style=\"color: #000000;\">\u00a0\u00a0(Gentleman v. Bangaerde &#8211; Kelly v.d. Hoefslag)\u00a0\u00a0 <\/span><\/p>\n<p style=\"text-align: center;\"><span style=\"color: #000000;\">u: <a href=\"http:\/\/www.bobergsstuteri.se\/?page_id=1605\">Lindsay v.d. Dennenhoeve<\/a> RS 7330 ELIT<\/span><\/p>\n<p style=\"text-align: center;\"><span style=\"color: #000000;\">(Adam v. Spuitjesdom \u00a0&#8211;\u00a0\u00a0\u00a0\u00a0Plumtree Penelope)<\/span><\/p>\n<div id='gallery-1' class='gallery galleryid-1581 gallery-columns-3 gallery-size-medium'><dl class='gallery-item'>\n\t\t\t<dt class='gallery-icon landscape'>\n\t\t\t\t<a href='http:\/\/www.bobergsstuteri.se\/?attachment_id=2143'><img width=\"300\" height=\"200\" src=\"http:\/\/www.bobergsstuteri.se\/wp-content\/uploads\/2015\/11\/25092016-IMG_3148-300x200.jpg\" class=\"attachment-medium size-medium\" alt=\"\" decoding=\"async\" loading=\"lazy\" aria-describedby=\"gallery-1-2143\" srcset=\"http:\/\/www.bobergsstuteri.se\/wp-content\/uploads\/2015\/11\/25092016-IMG_3148-300x200.jpg 300w, http:\/\/www.bobergsstuteri.se\/wp-content\/uploads\/2015\/11\/25092016-IMG_3148-768x512.jpg 768w, http:\/\/www.bobergsstuteri.se\/wp-content\/uploads\/2015\/11\/25092016-IMG_3148-1024x683.jpg 1024w\" sizes=\"(max-width: 300px) 100vw, 300px\" \/><\/a>\n\t\t\t<\/dt>\n\t\t\t\t<dd class='wp-caption-text gallery-caption' id='gallery-1-2143'>\n\t\t\t\tGinger  \n\t\t\t\t<\/dd><\/dl><dl class='gallery-item'>\n\t\t\t<dt class='gallery-icon landscape'>\n\t\t\t\t<a href='http:\/\/www.bobergsstuteri.se\/?attachment_id=2144'><img width=\"300\" height=\"200\" src=\"http:\/\/www.bobergsstuteri.se\/wp-content\/uploads\/2015\/11\/25092016-IMG_3225-300x200.jpg\" class=\"attachment-medium size-medium\" alt=\"\" decoding=\"async\" loading=\"lazy\" aria-describedby=\"gallery-1-2144\" srcset=\"http:\/\/www.bobergsstuteri.se\/wp-content\/uploads\/2015\/11\/25092016-IMG_3225-300x200.jpg 300w, http:\/\/www.bobergsstuteri.se\/wp-content\/uploads\/2015\/11\/25092016-IMG_3225-768x512.jpg 768w, http:\/\/www.bobergsstuteri.se\/wp-content\/uploads\/2015\/11\/25092016-IMG_3225-1024x683.jpg 1024w\" sizes=\"(max-width: 300px) 100vw, 300px\" \/><\/a>\n\t\t\t<\/dt>\n\t\t\t\t<dd class='wp-caption-text gallery-caption' id='gallery-1-2144'>\n\t\t\t\t Ginger\n\t\t\t\t<\/dd><\/dl><dl class='gallery-item'>\n\t\t\t<dt class='gallery-icon landscape'>\n\t\t\t\t<a href='http:\/\/www.bobergsstuteri.se\/?attachment_id=2145'><img width=\"300\" height=\"200\" src=\"http:\/\/www.bobergsstuteri.se\/wp-content\/uploads\/2015\/11\/27082016-IMG_0120-300x200.jpg\" class=\"attachment-medium size-medium\" alt=\"\" decoding=\"async\" loading=\"lazy\" aria-describedby=\"gallery-1-2145\" srcset=\"http:\/\/www.bobergsstuteri.se\/wp-content\/uploads\/2015\/11\/27082016-IMG_0120-300x200.jpg 300w, http:\/\/www.bobergsstuteri.se\/wp-content\/uploads\/2015\/11\/27082016-IMG_0120-768x512.jpg 768w, http:\/\/www.bobergsstuteri.se\/wp-content\/uploads\/2015\/11\/27082016-IMG_0120-1024x683.jpg 1024w\" sizes=\"(max-width: 300px) 100vw, 300px\" \/><\/a>\n\t\t\t<\/dt>\n\t\t\t\t<dd class='wp-caption-text gallery-caption' id='gallery-1-2145'>\n\t\t\t\tGinger klass 1,  u: Lindsay\n\t\t\t\t<\/dd><\/dl><br style=\"clear: both\" \/><dl class='gallery-item'>\n\t\t\t<dt class='gallery-icon landscape'>\n\t\t\t\t<a href='http:\/\/www.bobergsstuteri.se\/?attachment_id=1812'><img width=\"300\" height=\"248\" src=\"http:\/\/www.bobergsstuteri.se\/wp-content\/uploads\/2015\/11\/IMG_33951-e1615407213842-300x248.jpg\" class=\"attachment-medium size-medium\" alt=\"\" decoding=\"async\" loading=\"lazy\" aria-describedby=\"gallery-1-1812\" srcset=\"http:\/\/www.bobergsstuteri.se\/wp-content\/uploads\/2015\/11\/IMG_33951-e1615407213842-300x248.jpg 300w, http:\/\/www.bobergsstuteri.se\/wp-content\/uploads\/2015\/11\/IMG_33951-e1615407213842-768x635.jpg 768w, http:\/\/www.bobergsstuteri.se\/wp-content\/uploads\/2015\/11\/IMG_33951-e1615407213842-1024x846.jpg 1024w, http:\/\/www.bobergsstuteri.se\/wp-content\/uploads\/2015\/11\/IMG_33951-e1615407213842-1536x1269.jpg 1536w, http:\/\/www.bobergsstuteri.se\/wp-content\/uploads\/2015\/11\/IMG_33951-e1615407213842-2048x1692.jpg 2048w\" sizes=\"(max-width: 300px) 100vw, 300px\" \/><\/a>\n\t\t\t<\/dt>\n\t\t\t\t<dd class='wp-caption-text gallery-caption' id='gallery-1-1812'>\n\t\t\t\tMor Lindsay A-prem.\n\t\t\t\t<\/dd><\/dl><dl class='gallery-item'>\n\t\t\t<dt class='gallery-icon landscape'>\n\t\t\t\t<a href='http:\/\/www.bobergsstuteri.se\/?attachment_id=1923'><img width=\"300\" height=\"200\" src=\"http:\/\/www.bobergsstuteri.se\/wp-content\/uploads\/2016\/08\/IMG_41321-300x200.jpg\" class=\"attachment-medium size-medium\" alt=\"\" decoding=\"async\" loading=\"lazy\" aria-describedby=\"gallery-1-1923\" srcset=\"http:\/\/www.bobergsstuteri.se\/wp-content\/uploads\/2016\/08\/IMG_41321-300x200.jpg 300w, http:\/\/www.bobergsstuteri.se\/wp-content\/uploads\/2016\/08\/IMG_41321-768x512.jpg 768w, http:\/\/www.bobergsstuteri.se\/wp-content\/uploads\/2016\/08\/IMG_41321-1024x683.jpg 1024w, http:\/\/www.bobergsstuteri.se\/wp-content\/uploads\/2016\/08\/IMG_41321.jpg 2048w\" sizes=\"(max-width: 300px) 100vw, 300px\" \/><\/a>\n\t\t\t<\/dt>\n\t\t\t\t<dd class='wp-caption-text gallery-caption' id='gallery-1-1923'>\n\t\t\t\tRIKS 2016, 37p\n\t\t\t\t<\/dd><\/dl><dl class='gallery-item'>\n\t\t\t<dt class='gallery-icon landscape'>\n\t\t\t\t<a href='http:\/\/www.bobergsstuteri.se\/?attachment_id=1906'><img width=\"300\" height=\"228\" src=\"http:\/\/www.bobergsstuteri.se\/wp-content\/uploads\/2015\/11\/IMG_42481-e1472406507449-300x228.jpg\" class=\"attachment-medium size-medium\" alt=\"\" decoding=\"async\" loading=\"lazy\" aria-describedby=\"gallery-1-1906\" srcset=\"http:\/\/www.bobergsstuteri.se\/wp-content\/uploads\/2015\/11\/IMG_42481-e1472406507449-300x228.jpg 300w, http:\/\/www.bobergsstuteri.se\/wp-content\/uploads\/2015\/11\/IMG_42481-e1472406507449.jpg 640w\" sizes=\"(max-width: 300px) 100vw, 300px\" \/><\/a>\n\t\t\t<\/dt>\n\t\t\t\t<dd class='wp-caption-text gallery-caption' id='gallery-1-1906'>\n\t\t\t\tGinger\n\t\t\t\t<\/dd><\/dl><br style=\"clear: both\" \/><dl class='gallery-item'>\n\t\t\t<dt class='gallery-icon portrait'>\n\t\t\t\t<a href='http:\/\/www.bobergsstuteri.se\/?attachment_id=1672'><img width=\"259\" height=\"300\" src=\"http:\/\/www.bobergsstuteri.se\/wp-content\/uploads\/2012\/12\/IMG_09981-e1453669035853-259x300.png\" class=\"attachment-medium size-medium\" alt=\"\" decoding=\"async\" loading=\"lazy\" srcset=\"http:\/\/www.bobergsstuteri.se\/wp-content\/uploads\/2012\/12\/IMG_09981-e1453669035853-259x300.png 259w, http:\/\/www.bobergsstuteri.se\/wp-content\/uploads\/2012\/12\/IMG_09981-e1453669035853.png 640w\" sizes=\"(max-width: 259px) 100vw, 259px\" \/><\/a>\n\t\t\t<\/dt><\/dl><dl class='gallery-item'>\n\t\t\t<dt class='gallery-icon landscape'>\n\t\t\t\t<a href='http:\/\/www.bobergsstuteri.se\/?attachment_id=1624'><img width=\"300\" height=\"277\" src=\"http:\/\/www.bobergsstuteri.se\/wp-content\/uploads\/2015\/11\/IMG_10241-e1615407235565-300x277.jpg\" class=\"attachment-medium size-medium\" alt=\"\" decoding=\"async\" loading=\"lazy\" aria-describedby=\"gallery-1-1624\" srcset=\"http:\/\/www.bobergsstuteri.se\/wp-content\/uploads\/2015\/11\/IMG_10241-e1615407235565-300x277.jpg 300w, http:\/\/www.bobergsstuteri.se\/wp-content\/uploads\/2015\/11\/IMG_10241-e1615407235565-1024x946.jpg 1024w, http:\/\/www.bobergsstuteri.se\/wp-content\/uploads\/2015\/11\/IMG_10241-e1615407235565-768x709.jpg 768w, http:\/\/www.bobergsstuteri.se\/wp-content\/uploads\/2015\/11\/IMG_10241-e1615407235565-1536x1419.jpg 1536w, http:\/\/www.bobergsstuteri.se\/wp-content\/uploads\/2015\/11\/IMG_10241-e1615407235565.jpg 1819w\" sizes=\"(max-width: 300px) 100vw, 300px\" \/><\/a>\n\t\t\t<\/dt>\n\t\t\t\t<dd class='wp-caption-text gallery-caption' id='gallery-1-1624'>\n\t\t\t\tH\u00f6sten 2015 &#8211; 2 \u00e5r\n\t\t\t\t<\/dd><\/dl><dl class='gallery-item'>\n\t\t\t<dt class='gallery-icon landscape'>\n\t\t\t\t<a href='http:\/\/www.bobergsstuteri.se\/?attachment_id=2338'><img width=\"300\" height=\"225\" src=\"http:\/\/www.bobergsstuteri.se\/wp-content\/uploads\/2017\/04\/IMG_67101-300x225.jpg\" class=\"attachment-medium size-medium\" alt=\"\" decoding=\"async\" loading=\"lazy\" aria-describedby=\"gallery-1-2338\" srcset=\"http:\/\/www.bobergsstuteri.se\/wp-content\/uploads\/2017\/04\/IMG_67101-300x225.jpg 300w, http:\/\/www.bobergsstuteri.se\/wp-content\/uploads\/2017\/04\/IMG_67101-768x576.jpg 768w, http:\/\/www.bobergsstuteri.se\/wp-content\/uploads\/2017\/04\/IMG_67101-1024x768.jpg 1024w, http:\/\/www.bobergsstuteri.se\/wp-content\/uploads\/2017\/04\/IMG_67101.jpg 2048w\" sizes=\"(max-width: 300px) 100vw, 300px\" \/><\/a>\n\t\t\t<\/dt>\n\t\t\t\t<dd class='wp-caption-text gallery-caption' id='gallery-1-2338'>\n\t\t\t\tNadja\n\t\t\t\t<\/dd><\/dl><br style=\"clear: both\" \/>\n\t\t<\/div>\n\n<p style=\"text-align: left;\">Om Ginger:<\/p>\n<p style=\"text-align: left;\">Ginger importerades hit fr\u00e5n Holland under h\u00f6sten 2015 tillsammans med sin <a href=\"http:\/\/www.bobergsstuteri.se\/?page_id=1605\">mor <\/a>och syster. Hon har fina g\u00e5ngarter och\u00a0\u00e4r v\u00e4ldigt social och trevlig.\u00a0Hon premierades under sommaren 2016 och fick 38p, klass 1. Hon visades \u00e4ven p\u00e5 flera utst\u00e4llningar med som b\u00e4st hela 43p! Det var p\u00e5\u00a0\u00d6sts Hallowenutst\u00e4llning i Knivberga 2017 som\u00a0 Ginger fick hela 43p och blev utsedd till Best In Show!! Hennes po\u00e4ngrad l\u00f6d 99889 \ud83d\ude42 Domare var Elisabeth Ljungstorp.<\/p>\n<div id='gallery-2' class='gallery galleryid-1581 gallery-columns-3 gallery-size-thumbnail'><dl class='gallery-item'>\n\t\t\t<dt class='gallery-icon landscape'>\n\t\t\t\t<a href='http:\/\/www.bobergsstuteri.se\/?attachment_id=2585'><img width=\"150\" height=\"150\" src=\"http:\/\/www.bobergsstuteri.se\/wp-content\/uploads\/2017\/10\/IMG_E83511-150x150.jpg\" class=\"attachment-thumbnail size-thumbnail\" alt=\"\" decoding=\"async\" loading=\"lazy\" aria-describedby=\"gallery-2-2585\" \/><\/a>\n\t\t\t<\/dt>\n\t\t\t\t<dd class='wp-caption-text gallery-caption' id='gallery-2-2585'>\n\t\t\t\t99889 = 43p!!\n\t\t\t\t<\/dd><\/dl><dl class='gallery-item'>\n\t\t\t<dt class='gallery-icon portrait'>\n\t\t\t\t<a href='http:\/\/www.bobergsstuteri.se\/?attachment_id=2584'><img width=\"150\" height=\"150\" src=\"http:\/\/www.bobergsstuteri.se\/wp-content\/uploads\/2017\/10\/IMG_83181-e1673812429527-150x150.jpg\" class=\"attachment-thumbnail size-thumbnail\" alt=\"\" decoding=\"async\" loading=\"lazy\" aria-describedby=\"gallery-2-2584\" \/><\/a>\n\t\t\t<\/dt>\n\t\t\t\t<dd class='wp-caption-text gallery-caption' id='gallery-2-2584'>\n\t\t\t\tGinger med BIS-rosetten\n\t\t\t\t<\/dd><\/dl><dl class='gallery-item'>\n\t\t\t<dt class='gallery-icon landscape'>\n\t\t\t\t<a href='http:\/\/www.bobergsstuteri.se\/?attachment_id=2583'><img width=\"150\" height=\"150\" src=\"http:\/\/www.bobergsstuteri.se\/wp-content\/uploads\/2017\/10\/IMG_83231-e1673812449858-150x150.jpg\" class=\"attachment-thumbnail size-thumbnail\" alt=\"\" decoding=\"async\" loading=\"lazy\" aria-describedby=\"gallery-2-2583\" srcset=\"http:\/\/www.bobergsstuteri.se\/wp-content\/uploads\/2017\/10\/IMG_83231-e1673812449858-150x150.jpg 150w, http:\/\/www.bobergsstuteri.se\/wp-content\/uploads\/2017\/10\/IMG_83231-e1673812449858-300x300.jpg 300w, http:\/\/www.bobergsstuteri.se\/wp-content\/uploads\/2017\/10\/IMG_83231-e1673812449858-768x768.jpg 768w, http:\/\/www.bobergsstuteri.se\/wp-content\/uploads\/2017\/10\/IMG_83231-e1673812449858-1024x1024.jpg 1024w, http:\/\/www.bobergsstuteri.se\/wp-content\/uploads\/2017\/10\/IMG_83231-e1673812449858-1536x1536.jpg 1536w, http:\/\/www.bobergsstuteri.se\/wp-content\/uploads\/2017\/10\/IMG_83231-e1673812449858-2048x2048.jpg 2048w\" sizes=\"(max-width: 150px) 100vw, 150px\" \/><\/a>\n\t\t\t<\/dt>\n\t\t\t\t<dd class='wp-caption-text gallery-caption' id='gallery-2-2583'>\n\t\t\t\tGinger med alla fina priser\n\t\t\t\t<\/dd><\/dl><br style=\"clear: both\" \/><dl class='gallery-item'>\n\t\t\t<dt class='gallery-icon landscape'>\n\t\t\t\t<a href='http:\/\/www.bobergsstuteri.se\/?attachment_id=2145'><img width=\"150\" height=\"150\" src=\"http:\/\/www.bobergsstuteri.se\/wp-content\/uploads\/2015\/11\/27082016-IMG_0120-150x150.jpg\" class=\"attachment-thumbnail size-thumbnail\" alt=\"\" decoding=\"async\" loading=\"lazy\" aria-describedby=\"gallery-2-2145\" \/><\/a>\n\t\t\t<\/dt>\n\t\t\t\t<dd class='wp-caption-text gallery-caption' id='gallery-2-2145'>\n\t\t\t\tGinger klass 1,  u: Lindsay\n\t\t\t\t<\/dd><\/dl><dl class='gallery-item'>\n\t\t\t<dt class='gallery-icon landscape'>\n\t\t\t\t<a href='http:\/\/www.bobergsstuteri.se\/?attachment_id=2890'><img width=\"150\" height=\"150\" src=\"http:\/\/www.bobergsstuteri.se\/wp-content\/uploads\/2012\/12\/IMG_1101-150x150.jpg\" class=\"attachment-thumbnail size-thumbnail\" alt=\"\" decoding=\"async\" loading=\"lazy\" aria-describedby=\"gallery-2-2890\" \/><\/a>\n\t\t\t<\/dt>\n\t\t\t\t<dd class='wp-caption-text gallery-caption' id='gallery-2-2890'>\n\t\t\t\tGinger\n\t\t\t\t<\/dd><\/dl><dl class='gallery-item'>\n\t\t\t<dt class='gallery-icon landscape'>\n\t\t\t\t<a href='http:\/\/www.bobergsstuteri.se\/?attachment_id=2889'><img width=\"150\" height=\"150\" src=\"http:\/\/www.bobergsstuteri.se\/wp-content\/uploads\/2012\/12\/IMG_1102-150x150.jpg\" class=\"attachment-thumbnail size-thumbnail\" alt=\"\" decoding=\"async\" loading=\"lazy\" aria-describedby=\"gallery-2-2889\" \/><\/a>\n\t\t\t<\/dt>\n\t\t\t\t<dd class='wp-caption-text gallery-caption' id='gallery-2-2889'>\n\t\t\t\tGinger klassvinnare 42p\n\t\t\t\t<\/dd><\/dl><br style=\"clear: both\" \/><dl class='gallery-item'>\n\t\t\t<dt class='gallery-icon landscape'>\n\t\t\t\t<a href='http:\/\/www.bobergsstuteri.se\/?attachment_id=2814'><img width=\"150\" height=\"150\" src=\"http:\/\/www.bobergsstuteri.se\/wp-content\/uploads\/2012\/12\/Ginger-150x150.jpg\" class=\"attachment-thumbnail size-thumbnail\" alt=\"\" decoding=\"async\" loading=\"lazy\" aria-describedby=\"gallery-2-2814\" \/><\/a>\n\t\t\t<\/dt>\n\t\t\t\t<dd class='wp-caption-text gallery-caption' id='gallery-2-2814'>\n\t\t\t\tMamma Ginger \n\t\t\t\t<\/dd><\/dl><dl class='gallery-item'>\n\t\t\t<dt class='gallery-icon landscape'>\n\t\t\t\t<a href='http:\/\/www.bobergsstuteri.se\/?attachment_id=2595'><img width=\"150\" height=\"150\" src=\"http:\/\/www.bobergsstuteri.se\/wp-content\/uploads\/2017\/10\/22886054_1649276001801341_5611880182820124375_n-150x150.jpg\" class=\"attachment-thumbnail size-thumbnail\" alt=\"\" decoding=\"async\" loading=\"lazy\" \/><\/a>\n\t\t\t<\/dt><\/dl>\n\t\t\t<br style='clear: both' \/>\n\t\t<\/div>\n\n<p style=\"text-align: left;\">Hennes mor Lindsay \u00e4r visad flertalet ggr p\u00e5 utst\u00e4llningar, innehar SUCH och \u00e4r ELIT-premierad.<\/p>\n","protected":false},"excerpt":{"rendered":"<p>Ginger v.h. Duurschenbosch\u00a0RS 7379 \u00a0Br, f-13, 79cm, uts 43p, prem klass 1, Champion ministo, BIS!, SUCH, SUPER-SUCH! e: Sander v.d. Hoefslag \u00a0\u00a0(Gentleman v. Bangaerde &#8211; Kelly v.d. Hoefslag)\u00a0\u00a0 u: Lindsay v.d. Dennenhoeve RS 7330 ELIT (Adam v. Spuitjesdom \u00a0&#8211;\u00a0\u00a0\u00a0\u00a0Plumtree Penelope) &hellip; <a href=\"http:\/\/www.bobergsstuteri.se\/?page_id=1581\">Forts\u00e4tt l\u00e4sa <span class=\"meta-nav\">&rarr;<\/span><\/a><\/p>\n","protected":false},"author":2,"featured_media":0,"parent":3521,"menu_order":6,"comment_status":"closed","ping_status":"closed","template":"","meta":[],"_links":{"self":[{"href":"http:\/\/www.bobergsstuteri.se\/index.php?rest_route=\/wp\/v2\/pages\/1581"}],"collection":[{"href":"http:\/\/www.bobergsstuteri.se\/index.php?rest_route=\/wp\/v2\/pages"}],"about":[{"href":"http:\/\/www.bobergsstuteri.se\/index.php?rest_route=\/wp\/v2\/types\/page"}],"author":[{"embeddable":true,"href":"http:\/\/www.bobergsstuteri.se\/index.php?rest_route=\/wp\/v2\/users\/2"}],"replies":[{"embeddable":true,"href":"http:\/\/www.bobergsstuteri.se\/index.php?rest_route=%2Fwp%2Fv2%2Fcomments&post=1581"}],"version-history":[{"count":32,"href":"http:\/\/www.bobergsstuteri.se\/index.php?rest_route=\/wp\/v2\/pages\/1581\/revisions"}],"predecessor-version":[{"id":3830,"href":"http:\/\/www.bobergsstuteri.se\/index.php?rest_route=\/wp\/v2\/pages\/1581\/revisions\/3830"}],"up":[{"embeddable":true,"href":"http:\/\/www.bobergsstuteri.se\/index.php?rest_route=\/wp\/v2\/pages\/3521"}],"wp:attachment":[{"href":"http:\/\/www.bobergsstuteri.se\/index.php?rest_route=%2Fwp%2Fv2%2Fmedia&parent=1581"}],"curies":[{"name":"wp","href":"https:\/\/api.w.org\/{rel}","templated":true}]}}