{"id":2377,"date":"2017-07-08T22:22:41","date_gmt":"2017-07-08T20:22:41","guid":{"rendered":"http:\/\/www.bobergsstuteri.se\/?page_id=2377"},"modified":"2023-03-20T17:23:36","modified_gmt":"2023-03-20T16:23:36","slug":"bobergs-norine","status":"publish","type":"page","link":"http:\/\/www.bobergsstuteri.se\/?page_id=2377","title":{"rendered":"Bobergs Norine RS 7872"},"content":{"rendered":"<h2 style=\"text-align: center;\"><a href=\"http:\/\/www.shetlandsponnyn.se\/Stambok\/Visa3Led.aspx?Nr1=454618\">Bobergs Norine<\/a><\/h2>\n<p><img decoding=\"async\" class=\"aligncenter\" src=\"http:\/\/www.bobergsstuteri.se\/wp-content\/uploads\/2020\/07\/IMG_12481-1024x683.jpg\" alt=\"Denna bild har ett alt-attribut som \u00e4r tomt. Dess filnamn \u00e4r IMG_12481-1024x683.jpg\"><\/p>\n<p style=\"text-align: center;\">Fux m. stj\u00e4rn, f-17, 82cm i mkh, prem G1 41p, uts 42p Chamipion<\/p>\n<p style=\"text-align: center;\"><span style=\"color: #000000;\">e: Sk\u00e4pper\u00f6ds Rex RS 381 SUCH<\/span><\/p>\n<p style=\"text-align: center;\"><span style=\"color: #000000;\">&nbsp;&nbsp;(Sk\u00e4pper\u00f6ds Hector RS 281 &#8211; Fairy Finesse&nbsp;RS 2025&nbsp;)<\/span><\/p>\n<p style=\"text-align: center;\">u: <a href=\"http:\/\/www.bobergsstuteri.se\/?page_id=1605\"><span style=\"color: #000080;\">Lindsay v.d. Dennenhoeve<\/span><\/a> RS 7330 Elit<\/p>\n<p style=\"text-align: center;\">(Adam v. Spuitjesdom &nbsp;\u2013&nbsp;&nbsp;&nbsp;&nbsp;Plumtree Penelope)<\/p>\n<p style=\"text-align: left;\">Om Norine: Vilken lycka att f\u00e5 ett stof\u00f6l efter vackra Lindsay! Jag var med n\u00e4r hon f\u00f6ddes och tyckte hon s\u00e5g riktigt fin ut \u00e4nda fr\u00e5n start.&nbsp;Passade p\u00e5 att visa henne p\u00e5 premiering n\u00e4r Lindsay kunde h\u00f6jas till G1 pga hennes fina utst\u00e4llningresultat. Lilla Norine endast 2 m\u00e5nader gammal fick hela 40p med en 9:a p\u00e5 typen! 2019 A-premierades Lindsay.<\/p>\n<p style=\"text-align: left;\">Norine visades p\u00e5 Jubileeutst\u00e4llningen i augusti 2017 och fick d\u00e5 40p, guld och blev Champion minif\u00f6l!<\/p>\n<p>Hon visades igen som 2-\u00e5ring och fick d\u00e5 41p, 9 p\u00e5 sin fina typ och blev Champion miniungsto.<\/p>\n<p>I juli 2020 Norine tilldelades avelsdiplom av Elisabeth Ljungstorp med fina 41p och gjorde d\u00e5 ocks\u00e5 ett godk\u00e4nt k\u00f6rprov. Samma vecka gav Morgan Johnsson henne 42p p\u00e5 utst\u00e4llning i Tranemo, hon vann sin klass och blev Champion miniungsto.<\/p>\n\n<div class=\"wp-block-image\">\n<figure class=\"aligncenter size-medium\"><img decoding=\"async\" loading=\"lazy\" width=\"300\" height=\"200\" src=\"http:\/\/www.bobergsstuteri.se\/wp-content\/uploads\/2020\/07\/IMG_12481-300x200.jpg\" alt=\"\" class=\"wp-image-3297\" srcset=\"http:\/\/www.bobergsstuteri.se\/wp-content\/uploads\/2020\/07\/IMG_12481-300x200.jpg 300w, http:\/\/www.bobergsstuteri.se\/wp-content\/uploads\/2020\/07\/IMG_12481-1024x683.jpg 1024w, http:\/\/www.bobergsstuteri.se\/wp-content\/uploads\/2020\/07\/IMG_12481-768x512.jpg 768w, http:\/\/www.bobergsstuteri.se\/wp-content\/uploads\/2020\/07\/IMG_12481-1536x1024.jpg 1536w, http:\/\/www.bobergsstuteri.se\/wp-content\/uploads\/2020\/07\/IMG_12481.jpg 1875w\" sizes=\"(max-width: 300px) 100vw, 300px\" \/><\/figure><\/div>\n\n\n<figure class=\"is-layout-flex wp-block-gallery-1 wp-block-gallery has-nested-images columns-default is-cropped\">\n<figure class=\"wp-block-image size-large\"><img decoding=\"async\" loading=\"lazy\" width=\"720\" height=\"479\" data-id=\"3126\"  src=\"http:\/\/www.bobergsstuteri.se\/wp-content\/uploads\/2012\/12\/IMG_68281.jpg\" alt=\"\" class=\"wp-image-3126\" srcset=\"http:\/\/www.bobergsstuteri.se\/wp-content\/uploads\/2012\/12\/IMG_68281.jpg 720w, http:\/\/www.bobergsstuteri.se\/wp-content\/uploads\/2012\/12\/IMG_68281-300x200.jpg 300w\" sizes=\"(max-width: 720px) 100vw, 720px\" \/><figcaption class=\"wp-element-caption\">Norine 2 \u00e5r<\/figcaption><\/figure>\n\n\n\n<figure class=\"wp-block-image size-large\"><img decoding=\"async\" loading=\"lazy\" width=\"1024\" height=\"682\" data-id=\"3052\"  src=\"http:\/\/www.bobergsstuteri.se\/wp-content\/uploads\/2019\/07\/IMG_52381-1024x682.jpg\" alt=\"\" class=\"wp-image-3052\" srcset=\"http:\/\/www.bobergsstuteri.se\/wp-content\/uploads\/2019\/07\/IMG_52381-1024x682.jpg 1024w, http:\/\/www.bobergsstuteri.se\/wp-content\/uploads\/2019\/07\/IMG_52381-300x200.jpg 300w, http:\/\/www.bobergsstuteri.se\/wp-content\/uploads\/2019\/07\/IMG_52381-768x512.jpg 768w, http:\/\/www.bobergsstuteri.se\/wp-content\/uploads\/2019\/07\/IMG_52381.jpg 2000w\" sizes=\"(max-width: 1024px) 100vw, 1024px\" \/><\/figure>\n\n\n\n<figure class=\"wp-block-image size-large\"><img decoding=\"async\" loading=\"lazy\" width=\"1024\" height=\"768\" data-id=\"2575\"  src=\"http:\/\/www.bobergsstuteri.se\/wp-content\/uploads\/2016\/08\/P1340470-1024x768.jpg\" alt=\"\" class=\"wp-image-2575\" srcset=\"http:\/\/www.bobergsstuteri.se\/wp-content\/uploads\/2016\/08\/P1340470-1024x768.jpg 1024w, http:\/\/www.bobergsstuteri.se\/wp-content\/uploads\/2016\/08\/P1340470-300x225.jpg 300w, http:\/\/www.bobergsstuteri.se\/wp-content\/uploads\/2016\/08\/P1340470-768x576.jpg 768w, http:\/\/www.bobergsstuteri.se\/wp-content\/uploads\/2016\/08\/P1340470.jpg 2048w\" sizes=\"(max-width: 1024px) 100vw, 1024px\" \/><figcaption class=\"wp-element-caption\">Norine 40p Championminif\u00f6l<\/figcaption><\/figure>\n\n\n\n<figure class=\"wp-block-image size-large\"><img decoding=\"async\" loading=\"lazy\" width=\"1024\" height=\"683\" data-id=\"2570\"  src=\"http:\/\/www.bobergsstuteri.se\/wp-content\/uploads\/2016\/08\/IMG_7719-1024x683.jpg\" alt=\"\" class=\"wp-image-2570\" srcset=\"http:\/\/www.bobergsstuteri.se\/wp-content\/uploads\/2016\/08\/IMG_7719-1024x683.jpg 1024w, http:\/\/www.bobergsstuteri.se\/wp-content\/uploads\/2016\/08\/IMG_7719-300x200.jpg 300w, http:\/\/www.bobergsstuteri.se\/wp-content\/uploads\/2016\/08\/IMG_7719-768x512.jpg 768w, http:\/\/www.bobergsstuteri.se\/wp-content\/uploads\/2016\/08\/IMG_7719.jpg 1368w\" sizes=\"(max-width: 1024px) 100vw, 1024px\" \/><figcaption class=\"wp-element-caption\">Norine Championminif\u00f6l och mor Lindsay 42p <\/figcaption><\/figure>\n\n\n\n<figure class=\"wp-block-image size-large\"><img decoding=\"async\" loading=\"lazy\" width=\"1024\" height=\"768\" data-id=\"2418\"  src=\"http:\/\/www.bobergsstuteri.se\/wp-content\/uploads\/2012\/12\/P1300440-1024x768.jpg\" alt=\"\" class=\"wp-image-2418\" srcset=\"http:\/\/www.bobergsstuteri.se\/wp-content\/uploads\/2012\/12\/P1300440-1024x768.jpg 1024w, http:\/\/www.bobergsstuteri.se\/wp-content\/uploads\/2012\/12\/P1300440-300x225.jpg 300w, http:\/\/www.bobergsstuteri.se\/wp-content\/uploads\/2012\/12\/P1300440-768x576.jpg 768w, http:\/\/www.bobergsstuteri.se\/wp-content\/uploads\/2012\/12\/P1300440.jpg 2048w\" sizes=\"(max-width: 1024px) 100vw, 1024px\" \/><figcaption class=\"wp-element-caption\">Sommarpremiering 40p<\/figcaption><\/figure>\n\n\n\n<figure class=\"wp-block-image size-large\"><img decoding=\"async\" loading=\"lazy\" width=\"1024\" height=\"768\" data-id=\"2335\"  src=\"http:\/\/www.bobergsstuteri.se\/wp-content\/uploads\/2017\/04\/IMG_67181-1024x768.jpg\" alt=\"\" class=\"wp-image-2335\" srcset=\"http:\/\/www.bobergsstuteri.se\/wp-content\/uploads\/2017\/04\/IMG_67181-1024x768.jpg 1024w, http:\/\/www.bobergsstuteri.se\/wp-content\/uploads\/2017\/04\/IMG_67181-300x225.jpg 300w, http:\/\/www.bobergsstuteri.se\/wp-content\/uploads\/2017\/04\/IMG_67181-768x576.jpg 768w, http:\/\/www.bobergsstuteri.se\/wp-content\/uploads\/2017\/04\/IMG_67181.jpg 2048w\" sizes=\"(max-width: 1024px) 100vw, 1024px\" \/><\/figure>\n<\/figure>\n\n\n\n<figure class=\"wp-block-image size-full\"><a href=\"http:\/\/www.bobergsstuteri.se\/wp-content\/uploads\/2021\/10\/Remington-f\u00f6l-1.jpg\"><img decoding=\"async\" src=\"http:\/\/www.bobergsstuteri.se\/wp-content\/uploads\/2021\/10\/Remington-f\u00f6l-1.jpg\" alt=\"\" class=\"wp-image-3567\"\/><\/a><figcaption class=\"wp-element-caption\">Norines son Bobergs Remington f. 21  e: Jimmy vd Apoloniahoeve RS 818<\/figcaption><\/figure>\n","protected":false},"excerpt":{"rendered":"<p>Bobergs Norine Fux m. stj\u00e4rn, f-17, 82cm i mkh, prem G1 41p, uts 42p Chamipion e: Sk\u00e4pper\u00f6ds Rex RS 381 SUCH &nbsp;&nbsp;(Sk\u00e4pper\u00f6ds Hector RS 281 &#8211; Fairy Finesse&nbsp;RS 2025&nbsp;) u: Lindsay v.d. Dennenhoeve RS 7330 Elit (Adam v. Spuitjesdom &nbsp;\u2013&nbsp;&nbsp;&nbsp;&nbsp;Plumtree &hellip; <a href=\"http:\/\/www.bobergsstuteri.se\/?page_id=2377\">Forts\u00e4tt l\u00e4sa <span class=\"meta-nav\">&rarr;<\/span><\/a><\/p>\n","protected":false},"author":2,"featured_media":0,"parent":3521,"menu_order":3,"comment_status":"closed","ping_status":"closed","template":"","meta":[],"_links":{"self":[{"href":"http:\/\/www.bobergsstuteri.se\/index.php?rest_route=\/wp\/v2\/pages\/2377"}],"collection":[{"href":"http:\/\/www.bobergsstuteri.se\/index.php?rest_route=\/wp\/v2\/pages"}],"about":[{"href":"http:\/\/www.bobergsstuteri.se\/index.php?rest_route=\/wp\/v2\/types\/page"}],"author":[{"embeddable":true,"href":"http:\/\/www.bobergsstuteri.se\/index.php?rest_route=\/wp\/v2\/users\/2"}],"replies":[{"embeddable":true,"href":"http:\/\/www.bobergsstuteri.se\/index.php?rest_route=%2Fwp%2Fv2%2Fcomments&post=2377"}],"version-history":[{"count":27,"href":"http:\/\/www.bobergsstuteri.se\/index.php?rest_route=\/wp\/v2\/pages\/2377\/revisions"}],"predecessor-version":[{"id":3908,"href":"http:\/\/www.bobergsstuteri.se\/index.php?rest_route=\/wp\/v2\/pages\/2377\/revisions\/3908"}],"up":[{"embeddable":true,"href":"http:\/\/www.bobergsstuteri.se\/index.php?rest_route=\/wp\/v2\/pages\/3521"}],"wp:attachment":[{"href":"http:\/\/www.bobergsstuteri.se\/index.php?rest_route=%2Fwp%2Fv2%2Fmedia&parent=2377"}],"curies":[{"name":"wp","href":"https:\/\/api.w.org\/{rel}","templated":true}]}}