{"id":2439,"date":"2017-07-21T20:32:45","date_gmt":"2017-07-21T18:32:45","guid":{"rendered":"http:\/\/www.bobergsstuteri.se\/?page_id=2439"},"modified":"2026-03-16T19:31:38","modified_gmt":"2026-03-16T18:31:38","slug":"bobergs-nicci","status":"publish","type":"page","link":"http:\/\/www.bobergsstuteri.se\/?page_id=2439","title":{"rendered":"Bobergs Nicci RS 7873"},"content":{"rendered":"\n<h2 class=\"has-text-align-center\"><a rel=\"noreferrer noopener\" href=\"http:\/\/www.shetlandsponnyn.se\/Stambok\/Visa3Led.aspx?Nr1=490005\" target=\"_blank\">Bobergs Nicci<\/a><\/h2>\n\n\n<div class=\"wp-block-image\">\n<figure class=\"aligncenter size-medium\"><img decoding=\"async\" loading=\"lazy\" width=\"300\" height=\"200\" src=\"http:\/\/www.bobergsstuteri.se\/wp-content\/uploads\/2020\/07\/IMG_12411-1-300x200.jpg\" alt=\"\" class=\"wp-image-3304\" srcset=\"http:\/\/www.bobergsstuteri.se\/wp-content\/uploads\/2020\/07\/IMG_12411-1-300x200.jpg 300w, http:\/\/www.bobergsstuteri.se\/wp-content\/uploads\/2020\/07\/IMG_12411-1-1024x683.jpg 1024w, http:\/\/www.bobergsstuteri.se\/wp-content\/uploads\/2020\/07\/IMG_12411-1-768x512.jpg 768w, http:\/\/www.bobergsstuteri.se\/wp-content\/uploads\/2020\/07\/IMG_12411-1-1536x1024.jpg 1536w, http:\/\/www.bobergsstuteri.se\/wp-content\/uploads\/2020\/07\/IMG_12411-1.jpg 1875w\" sizes=\"(max-width: 300px) 100vw, 300px\" \/><\/figure><\/div>\n\n\n<div class=\"is-layout-flow wp-block-group\"><div class=\"wp-block-group__inner-container\">\n<p>Gulsvart, sto, 77cm i mkh, f\u00f6dd 2017, prem 41p, champion miniungsto 41p<\/p>\n\n\n\n<p class=\"has-text-align-center\">Littlebignor Giovanni RS 504<\/p>\n\n\n\n<p class=\"has-text-align-center\">Kerswell Fairylight&nbsp;&#8211; Hippominimus Gabriella)<\/p>\n\n\n\n<p class=\"has-text-align-center\">The Rose RS 7353, ELIT<\/p>\n\n\n\n<p class=\"has-text-align-center\">(Harm v. Keizershof&nbsp;&nbsp;RS 501&nbsp;&#8211; Gaterley Golden Feeling)<\/p>\n\n\n\n<p style=\"text-align: center;\">\n<\/p><p style=\"text-align: center;\"><img decoding=\"async\" src=\"http:\/\/www.bobergsstuteri.se\/wp-content\/uploads\/2017\/04\/P1260719-300x225.jpg\" alt=\"P1260719\"><\/p>\n<p style=\"text-align: center;\"><a href=\"http:\/\/www.bobergsstuteri.se\/?attachment_id=3123\" rel=\"attachment wp-att-3123\"><img decoding=\"async\" loading=\"lazy\" class=\"size-medium wp-image-3123 aligncenter\" src=\"http:\/\/www.bobergsstuteri.se\/wp-content\/uploads\/2017\/07\/IMG_7712-300x225.jpg\" alt=\"IMG_7712\" width=\"300\" height=\"225\" srcset=\"http:\/\/www.bobergsstuteri.se\/wp-content\/uploads\/2017\/07\/IMG_7712-300x225.jpg 300w, http:\/\/www.bobergsstuteri.se\/wp-content\/uploads\/2017\/07\/IMG_7712-768x576.jpg 768w, http:\/\/www.bobergsstuteri.se\/wp-content\/uploads\/2017\/07\/IMG_7712-1024x768.jpg 1024w\" sizes=\"(max-width: 300px) 100vw, 300px\" \/><\/a>Nicci 2\u00e5r 41p, Domare Lars Gerth<\/p>\n<p>Om Nicci: Endast 77cm i mkh och lika rar som hon \u00e4r vacker. I juli 2020 premierades hon f\u00f6r Elisabeth Ljungstorp som placerade henne 1:a med 41p i en fin ring av tre\u00e5ringar. 2.a fick Norine g\u00e5. Samma vecka visades b\u00e5da tre\u00e5rsstona p\u00e5 utst\u00e4llning i Tranemo. Morgan Johnsson som d\u00f6mde satte d\u00e5 Norine f\u00f6rst i klassen och Nicci fick g\u00e5 2:a, \u00e4ven d\u00e5 med fina 41p.<\/p>\n<\/div><\/div>\n\n\n\n<figure class=\"wp-block-image size-large\"><img decoding=\"async\" loading=\"lazy\" width=\"1024\" height=\"683\" src=\"http:\/\/www.bobergsstuteri.se\/wp-content\/uploads\/2020\/07\/IMG_12411-1024x683.jpg\" alt=\"\" class=\"wp-image-3294\" srcset=\"http:\/\/www.bobergsstuteri.se\/wp-content\/uploads\/2020\/07\/IMG_12411-1024x683.jpg 1024w, http:\/\/www.bobergsstuteri.se\/wp-content\/uploads\/2020\/07\/IMG_12411-300x200.jpg 300w, http:\/\/www.bobergsstuteri.se\/wp-content\/uploads\/2020\/07\/IMG_12411-768x512.jpg 768w, http:\/\/www.bobergsstuteri.se\/wp-content\/uploads\/2020\/07\/IMG_12411-1536x1024.jpg 1536w, http:\/\/www.bobergsstuteri.se\/wp-content\/uploads\/2020\/07\/IMG_12411.jpg 1875w\" sizes=\"(max-width: 1024px) 100vw, 1024px\" \/><\/figure>\n\n\n\n<figure class=\"wp-block-image size-large\"><img decoding=\"async\" loading=\"lazy\" width=\"1024\" height=\"768\" src=\"http:\/\/www.bobergsstuteri.se\/wp-content\/uploads\/2020\/07\/IMG_11291-1024x768.jpg\" alt=\"\" class=\"wp-image-3303\" srcset=\"http:\/\/www.bobergsstuteri.se\/wp-content\/uploads\/2020\/07\/IMG_11291-1024x768.jpg 1024w, http:\/\/www.bobergsstuteri.se\/wp-content\/uploads\/2020\/07\/IMG_11291-300x225.jpg 300w, http:\/\/www.bobergsstuteri.se\/wp-content\/uploads\/2020\/07\/IMG_11291-768x576.jpg 768w, http:\/\/www.bobergsstuteri.se\/wp-content\/uploads\/2020\/07\/IMG_11291-1536x1152.jpg 1536w, http:\/\/www.bobergsstuteri.se\/wp-content\/uploads\/2020\/07\/IMG_11291-2048x1536.jpg 2048w\" sizes=\"(max-width: 1024px) 100vw, 1024px\" \/><\/figure>\n","protected":false},"excerpt":{"rendered":"<p>Bobergs Nicci Gulsvart, sto, 77cm i mkh, f\u00f6dd 2017, prem 41p, champion miniungsto 41p Littlebignor Giovanni RS 504 Kerswell Fairylight&nbsp;&#8211; Hippominimus Gabriella) The Rose RS 7353, ELIT (Harm v. Keizershof&nbsp;&nbsp;RS 501&nbsp;&#8211; Gaterley Golden Feeling) Nicci 2\u00e5r 41p, Domare Lars Gerth &hellip; <a href=\"http:\/\/www.bobergsstuteri.se\/?page_id=2439\">Forts\u00e4tt l\u00e4sa <span class=\"meta-nav\">&rarr;<\/span><\/a><\/p>\n","protected":false},"author":2,"featured_media":3294,"parent":3521,"menu_order":2,"comment_status":"closed","ping_status":"closed","template":"","meta":[],"_links":{"self":[{"href":"http:\/\/www.bobergsstuteri.se\/index.php?rest_route=\/wp\/v2\/pages\/2439"}],"collection":[{"href":"http:\/\/www.bobergsstuteri.se\/index.php?rest_route=\/wp\/v2\/pages"}],"about":[{"href":"http:\/\/www.bobergsstuteri.se\/index.php?rest_route=\/wp\/v2\/types\/page"}],"author":[{"embeddable":true,"href":"http:\/\/www.bobergsstuteri.se\/index.php?rest_route=\/wp\/v2\/users\/2"}],"replies":[{"embeddable":true,"href":"http:\/\/www.bobergsstuteri.se\/index.php?rest_route=%2Fwp%2Fv2%2Fcomments&post=2439"}],"version-history":[{"count":19,"href":"http:\/\/www.bobergsstuteri.se\/index.php?rest_route=\/wp\/v2\/pages\/2439\/revisions"}],"predecessor-version":[{"id":4334,"href":"http:\/\/www.bobergsstuteri.se\/index.php?rest_route=\/wp\/v2\/pages\/2439\/revisions\/4334"}],"up":[{"embeddable":true,"href":"http:\/\/www.bobergsstuteri.se\/index.php?rest_route=\/wp\/v2\/pages\/3521"}],"wp:featuredmedia":[{"embeddable":true,"href":"http:\/\/www.bobergsstuteri.se\/index.php?rest_route=\/wp\/v2\/media\/3294"}],"wp:attachment":[{"href":"http:\/\/www.bobergsstuteri.se\/index.php?rest_route=%2Fwp%2Fv2%2Fmedia&parent=2439"}],"curies":[{"name":"wp","href":"https:\/\/api.w.org\/{rel}","templated":true}]}}