{"id":251,"date":"2013-01-16T14:41:21","date_gmt":"2013-01-16T13:41:21","guid":{"rendered":"http:\/\/www.bobergsstuteri.se\/?page_id=251"},"modified":"2025-04-19T14:59:11","modified_gmt":"2025-04-19T12:59:11","slug":"bobergs-hwita","status":"publish","type":"page","link":"http:\/\/www.bobergsstuteri.se\/?page_id=251","title":{"rendered":"Bobergs Hwita RS 7472"},"content":{"rendered":"<p style=\"text-align: center;\"><strong><a href=\"http:\/\/www.shetlandsponnyn.se\/Stambok\/Visa3Led.aspx?Nr1=134363\">Bobergs Hwita RS 7472<\/a><\/strong><\/p>\n<p style=\"text-align: center;\"><a href=\"http:\/\/www.bobergsstuteri.se\/?attachment_id=1817\" rel=\"attachment wp-att-1817\"><img decoding=\"async\" loading=\"lazy\" class=\"alignnone wp-image-1817 size-medium\" src=\"http:\/\/www.bobergsstuteri.se\/wp-content\/uploads\/2013\/01\/IMG_34241-e1615403683386-300x275.jpg\" alt=\"IMG_3424[1]\" width=\"300\" height=\"275\" srcset=\"http:\/\/www.bobergsstuteri.se\/wp-content\/uploads\/2013\/01\/IMG_34241-e1615403683386-300x275.jpg 300w, http:\/\/www.bobergsstuteri.se\/wp-content\/uploads\/2013\/01\/IMG_34241-e1615403683386-768x705.jpg 768w, http:\/\/www.bobergsstuteri.se\/wp-content\/uploads\/2013\/01\/IMG_34241-e1615403683386-1024x940.jpg 1024w, http:\/\/www.bobergsstuteri.se\/wp-content\/uploads\/2013\/01\/IMG_34241-e1615403683386-1536x1411.jpg 1536w, http:\/\/www.bobergsstuteri.se\/wp-content\/uploads\/2013\/01\/IMG_34241-e1615403683386-2048x1881.jpg 2048w\" sizes=\"(max-width: 300px) 100vw, 300px\" \/><\/a><\/p>\n<p style=\"text-align: center;\">Skm (f: rskm), f-11, uts 39p, championf\u00f6l, prem 39p<\/p>\n<p style=\"text-align: center;\">e: Pajazzo Di Leva RS 568<\/p>\n<p style=\"text-align: center;\">(Love Spring RS 298 &#8211; Peggy v.d. Stenenheul RS 5231)<\/p>\n<p style=\"text-align: center;\">u: <a title=\"K\u00e4rlingehults Dolly RS 6460\" href=\"http:\/\/www.bobergsstuteri.se\/?page_id=226\">K\u00e4rlingehults Dolly RS 6460<\/a><\/p>\n<p style=\"text-align: center;\">(Alfons RS 302 &#8211; Ballerina)<\/p>\n<p style=\"text-align: left;\">Om Hwita:<\/p>\n<p>Hwita &#8211; sagoh\u00e4sten!- p\u00e5minner mycket om sin mor och \u00e4r likt henne en pigg och glad filur. Hon \u00e4r absolut en av de busigaste h\u00e4starna i hagen. Detta tillsammans med sin otroliga tagelv\u00e4xt g\u00f6r att hon \u00e4r en h\u00e4st som blicken fastnar p\u00e5. Extra kul att hon b\u00e5de \u00e4r konstantskimmel och avblekbar skimmel.<\/p>\n<p>V\u00e5ra barn rider p\u00e5 Hwita. Trots att hon \u00e4r bland de busigaste i hagen s\u00e5 \u00e4r hon otroligt lugn och fin att hantera, \u00e4ven&nbsp;f\u00f6r barnen.<\/p>\n<p style=\"text-align: center;\"><a href=\"http:\/\/www.bobergsstuteri.se\/?attachment_id=2509\" rel=\"attachment wp-att-2509\"><img decoding=\"async\" loading=\"lazy\" class=\"alignnone size-medium wp-image-2509\" src=\"http:\/\/www.bobergsstuteri.se\/wp-content\/uploads\/2013\/01\/P13601121-e1505674467643-300x234.jpg\" alt=\"P1360112[1]\" width=\"300\" height=\"234\" srcset=\"http:\/\/www.bobergsstuteri.se\/wp-content\/uploads\/2013\/01\/P13601121-e1505674467643-300x234.jpg 300w, http:\/\/www.bobergsstuteri.se\/wp-content\/uploads\/2013\/01\/P13601121-e1505674467643-768x598.jpg 768w, http:\/\/www.bobergsstuteri.se\/wp-content\/uploads\/2013\/01\/P13601121-e1505674467643-1024x797.jpg 1024w, http:\/\/www.bobergsstuteri.se\/wp-content\/uploads\/2013\/01\/P13601121-e1505674467643.jpg 1571w\" sizes=\"(max-width: 300px) 100vw, 300px\" \/><\/a><\/p>\n<p style=\"text-align: center;\">Hwita premierades den 16 sept 2017, G med po\u00e4ngen 88788 = 39p, Premieringsf\u00f6r\u00e4ttare Elisabeth Ljungstorp.<\/p>\n<p style=\"text-align: center;\"><a href=\"http:\/\/www.bobergsstuteri.se\/?attachment_id=3085\" rel=\"attachment wp-att-3085\"><img decoding=\"async\" loading=\"lazy\" class=\"alignnone wp-image-3085 size-medium\" src=\"http:\/\/www.bobergsstuteri.se\/wp-content\/uploads\/2019\/07\/IMG_55331-e1615404926752-269x300.jpg\" alt=\"IMG_5533[1]\" width=\"269\" height=\"300\" srcset=\"http:\/\/www.bobergsstuteri.se\/wp-content\/uploads\/2019\/07\/IMG_55331-e1615404926752-269x300.jpg 269w, http:\/\/www.bobergsstuteri.se\/wp-content\/uploads\/2019\/07\/IMG_55331-e1615404926752-768x857.jpg 768w, http:\/\/www.bobergsstuteri.se\/wp-content\/uploads\/2019\/07\/IMG_55331-e1615404926752-918x1024.jpg 918w, http:\/\/www.bobergsstuteri.se\/wp-content\/uploads\/2019\/07\/IMG_55331-e1615404926752-1376x1536.jpg 1376w, http:\/\/www.bobergsstuteri.se\/wp-content\/uploads\/2019\/07\/IMG_55331-e1615404926752-1835x2048.jpg 1835w\" sizes=\"(max-width: 269px) 100vw, 269px\" \/><\/a><\/p>\n<div id='gallery-1' class='gallery galleryid-251 gallery-columns-3 gallery-size-medium'><dl class='gallery-item'>\n\t\t\t<dt class='gallery-icon portrait'>\n\t\t\t\t<a href='http:\/\/www.bobergsstuteri.se\/?attachment_id=3085'><img width=\"269\" height=\"300\" src=\"http:\/\/www.bobergsstuteri.se\/wp-content\/uploads\/2019\/07\/IMG_55331-e1615404926752-269x300.jpg\" class=\"attachment-medium size-medium\" alt=\"\" decoding=\"async\" loading=\"lazy\" srcset=\"http:\/\/www.bobergsstuteri.se\/wp-content\/uploads\/2019\/07\/IMG_55331-e1615404926752-269x300.jpg 269w, http:\/\/www.bobergsstuteri.se\/wp-content\/uploads\/2019\/07\/IMG_55331-e1615404926752-768x857.jpg 768w, http:\/\/www.bobergsstuteri.se\/wp-content\/uploads\/2019\/07\/IMG_55331-e1615404926752-918x1024.jpg 918w, http:\/\/www.bobergsstuteri.se\/wp-content\/uploads\/2019\/07\/IMG_55331-e1615404926752-1376x1536.jpg 1376w, http:\/\/www.bobergsstuteri.se\/wp-content\/uploads\/2019\/07\/IMG_55331-e1615404926752-1835x2048.jpg 1835w\" sizes=\"(max-width: 269px) 100vw, 269px\" \/><\/a>\n\t\t\t<\/dt><\/dl><dl class='gallery-item'>\n\t\t\t<dt class='gallery-icon portrait'>\n\t\t\t\t<a href='http:\/\/www.bobergsstuteri.se\/?attachment_id=3106'><img width=\"222\" height=\"300\" src=\"http:\/\/www.bobergsstuteri.se\/wp-content\/uploads\/2014\/11\/IMG_3165-e1615404838443-222x300.jpg\" class=\"attachment-medium size-medium\" alt=\"\" decoding=\"async\" loading=\"lazy\" srcset=\"http:\/\/www.bobergsstuteri.se\/wp-content\/uploads\/2014\/11\/IMG_3165-e1615404838443-222x300.jpg 222w, http:\/\/www.bobergsstuteri.se\/wp-content\/uploads\/2014\/11\/IMG_3165-e1615404838443-768x1037.jpg 768w, http:\/\/www.bobergsstuteri.se\/wp-content\/uploads\/2014\/11\/IMG_3165-e1615404838443-759x1024.jpg 759w, http:\/\/www.bobergsstuteri.se\/wp-content\/uploads\/2014\/11\/IMG_3165-e1615404838443-1138x1536.jpg 1138w, http:\/\/www.bobergsstuteri.se\/wp-content\/uploads\/2014\/11\/IMG_3165-e1615404838443.jpg 1517w\" sizes=\"(max-width: 222px) 100vw, 222px\" \/><\/a>\n\t\t\t<\/dt><\/dl><dl class='gallery-item'>\n\t\t\t<dt class='gallery-icon landscape'>\n\t\t\t\t<a href='http:\/\/www.bobergsstuteri.se\/?attachment_id=2509'><img width=\"300\" height=\"234\" src=\"http:\/\/www.bobergsstuteri.se\/wp-content\/uploads\/2013\/01\/P13601121-e1505674467643-300x234.jpg\" class=\"attachment-medium size-medium\" alt=\"\" decoding=\"async\" loading=\"lazy\" aria-describedby=\"gallery-1-2509\" srcset=\"http:\/\/www.bobergsstuteri.se\/wp-content\/uploads\/2013\/01\/P13601121-e1505674467643-300x234.jpg 300w, http:\/\/www.bobergsstuteri.se\/wp-content\/uploads\/2013\/01\/P13601121-e1505674467643-768x598.jpg 768w, http:\/\/www.bobergsstuteri.se\/wp-content\/uploads\/2013\/01\/P13601121-e1505674467643-1024x797.jpg 1024w, http:\/\/www.bobergsstuteri.se\/wp-content\/uploads\/2013\/01\/P13601121-e1505674467643.jpg 1571w\" sizes=\"(max-width: 300px) 100vw, 300px\" \/><\/a>\n\t\t\t<\/dt>\n\t\t\t\t<dd class='wp-caption-text gallery-caption' id='gallery-1-2509'>\n\t\t\t\tMamma Hwita\n\t\t\t\t<\/dd><\/dl><br style=\"clear: both\" \/><dl class='gallery-item'>\n\t\t\t<dt class='gallery-icon landscape'>\n\t\t\t\t<a href='http:\/\/www.bobergsstuteri.se\/?attachment_id=2365'><img width=\"300\" height=\"227\" src=\"http:\/\/www.bobergsstuteri.se\/wp-content\/uploads\/2013\/01\/Sommar-2017-003-300x227.jpg\" class=\"attachment-medium size-medium\" alt=\"\" decoding=\"async\" loading=\"lazy\" aria-describedby=\"gallery-1-2365\" srcset=\"http:\/\/www.bobergsstuteri.se\/wp-content\/uploads\/2013\/01\/Sommar-2017-003-300x227.jpg 300w, http:\/\/www.bobergsstuteri.se\/wp-content\/uploads\/2013\/01\/Sommar-2017-003.jpg 500w\" sizes=\"(max-width: 300px) 100vw, 300px\" \/><\/a>\n\t\t\t<\/dt>\n\t\t\t\t<dd class='wp-caption-text gallery-caption' id='gallery-1-2365'>\n\t\t\t\tOLYMPUS DIGITAL CAMERA\n\t\t\t\t<\/dd><\/dl><dl class='gallery-item'>\n\t\t\t<dt class='gallery-icon landscape'>\n\t\t\t\t<a href='http:\/\/www.bobergsstuteri.se\/?attachment_id=1817'><img width=\"300\" height=\"275\" src=\"http:\/\/www.bobergsstuteri.se\/wp-content\/uploads\/2013\/01\/IMG_34241-e1615403683386-300x275.jpg\" class=\"attachment-medium size-medium\" alt=\"\" decoding=\"async\" loading=\"lazy\" aria-describedby=\"gallery-1-1817\" srcset=\"http:\/\/www.bobergsstuteri.se\/wp-content\/uploads\/2013\/01\/IMG_34241-e1615403683386-300x275.jpg 300w, http:\/\/www.bobergsstuteri.se\/wp-content\/uploads\/2013\/01\/IMG_34241-e1615403683386-768x705.jpg 768w, http:\/\/www.bobergsstuteri.se\/wp-content\/uploads\/2013\/01\/IMG_34241-e1615403683386-1024x940.jpg 1024w, http:\/\/www.bobergsstuteri.se\/wp-content\/uploads\/2013\/01\/IMG_34241-e1615403683386-1536x1411.jpg 1536w, http:\/\/www.bobergsstuteri.se\/wp-content\/uploads\/2013\/01\/IMG_34241-e1615403683386-2048x1881.jpg 2048w\" sizes=\"(max-width: 300px) 100vw, 300px\" \/><\/a>\n\t\t\t<\/dt>\n\t\t\t\t<dd class='wp-caption-text gallery-caption' id='gallery-1-1817'>\n\t\t\t\tBobergs  Hwita \n\t\t\t\t<\/dd><\/dl><dl class='gallery-item'>\n\t\t\t<dt class='gallery-icon portrait'>\n\t\t\t\t<a href='http:\/\/www.bobergsstuteri.se\/?attachment_id=1818'><img width=\"210\" height=\"300\" src=\"http:\/\/www.bobergsstuteri.se\/wp-content\/uploads\/2013\/01\/IMG_34211-e1615404864524-210x300.jpg\" class=\"attachment-medium size-medium\" alt=\"\" decoding=\"async\" loading=\"lazy\" aria-describedby=\"gallery-1-1818\" srcset=\"http:\/\/www.bobergsstuteri.se\/wp-content\/uploads\/2013\/01\/IMG_34211-e1615404864524-210x300.jpg 210w, http:\/\/www.bobergsstuteri.se\/wp-content\/uploads\/2013\/01\/IMG_34211-e1615404864524-768x1095.jpg 768w, http:\/\/www.bobergsstuteri.se\/wp-content\/uploads\/2013\/01\/IMG_34211-e1615404864524-718x1024.jpg 718w, http:\/\/www.bobergsstuteri.se\/wp-content\/uploads\/2013\/01\/IMG_34211-e1615404864524-1078x1536.jpg 1078w, http:\/\/www.bobergsstuteri.se\/wp-content\/uploads\/2013\/01\/IMG_34211-e1615404864524-1437x2048.jpg 1437w\" sizes=\"(max-width: 210px) 100vw, 210px\" \/><\/a>\n\t\t\t<\/dt>\n\t\t\t\t<dd class='wp-caption-text gallery-caption' id='gallery-1-1818'>\n\t\t\t\tBobergs Hwitaa\n\t\t\t\t<\/dd><\/dl><br style=\"clear: both\" \/><dl class='gallery-item'>\n\t\t\t<dt class='gallery-icon landscape'>\n\t\t\t\t<a href='http:\/\/www.bobergsstuteri.se\/?attachment_id=1819'><img width=\"300\" height=\"220\" src=\"http:\/\/www.bobergsstuteri.se\/wp-content\/uploads\/2013\/01\/IMG_34221-e1615404893605-300x220.jpg\" class=\"attachment-medium size-medium\" alt=\"\" decoding=\"async\" loading=\"lazy\" aria-describedby=\"gallery-1-1819\" srcset=\"http:\/\/www.bobergsstuteri.se\/wp-content\/uploads\/2013\/01\/IMG_34221-e1615404893605-300x220.jpg 300w, http:\/\/www.bobergsstuteri.se\/wp-content\/uploads\/2013\/01\/IMG_34221-e1615404893605-768x564.jpg 768w, http:\/\/www.bobergsstuteri.se\/wp-content\/uploads\/2013\/01\/IMG_34221-e1615404893605-1024x752.jpg 1024w, http:\/\/www.bobergsstuteri.se\/wp-content\/uploads\/2013\/01\/IMG_34221-e1615404893605-1536x1128.jpg 1536w, http:\/\/www.bobergsstuteri.se\/wp-content\/uploads\/2013\/01\/IMG_34221-e1615404893605-2048x1504.jpg 2048w\" sizes=\"(max-width: 300px) 100vw, 300px\" \/><\/a>\n\t\t\t<\/dt>\n\t\t\t\t<dd class='wp-caption-text gallery-caption' id='gallery-1-1819'>\n\t\t\t\tBobergs Hwita\n\t\t\t\t<\/dd><\/dl><dl class='gallery-item'>\n\t\t\t<dt class='gallery-icon portrait'>\n\t\t\t\t<a href='http:\/\/www.bobergsstuteri.se\/?attachment_id=1208'><img width=\"240\" height=\"300\" src=\"http:\/\/www.bobergsstuteri.se\/wp-content\/uploads\/2013\/01\/Iphone-2014-02-28-432-e1393609746954-240x300.jpg\" class=\"attachment-medium size-medium\" alt=\"\" decoding=\"async\" loading=\"lazy\" srcset=\"http:\/\/www.bobergsstuteri.se\/wp-content\/uploads\/2013\/01\/Iphone-2014-02-28-432-e1393609746954-240x300.jpg 240w, http:\/\/www.bobergsstuteri.se\/wp-content\/uploads\/2013\/01\/Iphone-2014-02-28-432-e1393609746954.jpg 576w\" sizes=\"(max-width: 240px) 100vw, 240px\" \/><\/a>\n\t\t\t<\/dt><\/dl><dl class='gallery-item'>\n\t\t\t<dt class='gallery-icon landscape'>\n\t\t\t\t<a href='http:\/\/www.bobergsstuteri.se\/?attachment_id=81'><img width=\"300\" height=\"200\" src=\"http:\/\/www.bobergsstuteri.se\/wp-content\/uploads\/2012\/12\/DSC085921-300x200.jpg\" class=\"attachment-medium size-medium\" alt=\"\" decoding=\"async\" loading=\"lazy\" aria-describedby=\"gallery-1-81\" srcset=\"http:\/\/www.bobergsstuteri.se\/wp-content\/uploads\/2012\/12\/DSC085921-300x200.jpg 300w, http:\/\/www.bobergsstuteri.se\/wp-content\/uploads\/2012\/12\/DSC085921-1024x682.jpg 1024w\" sizes=\"(max-width: 300px) 100vw, 300px\" \/><\/a>\n\t\t\t<\/dt>\n\t\t\t\t<dd class='wp-caption-text gallery-caption' id='gallery-1-81'>\n\t\t\t\tBobergs Hwita\n\t\t\t\t<\/dd><\/dl><br style=\"clear: both\" \/>\n\t\t<\/div>\n\n<p style=\"text-align: center;\">\n<\/p><p style=\"text-align: center;\">Hwitas avkommor:<\/p>\n\n<div class=\"wp-block-image\">\n<figure class=\"aligncenter size-full is-resized\"><a href=\"http:\/\/www.bobergsstuteri.se\/wp-content\/uploads\/2023\/08\/370611924_316659167444733_4011942981113840931_n.jpg\"><img decoding=\"async\" loading=\"lazy\" src=\"http:\/\/www.bobergsstuteri.se\/wp-content\/uploads\/2023\/08\/370611924_316659167444733_4011942981113840931_n.jpg\" alt=\"\" class=\"wp-image-4000\" width=\"279\" height=\"344\"\/><\/a><figcaption class=\"wp-element-caption\">Bobergs Swarta 1 \u00e5r<\/figcaption><\/figure><\/div>\n\n\n<figure class=\"is-layout-flex wp-block-gallery-1 wp-block-gallery has-nested-images columns-default is-cropped\">\n<figure class=\"wp-block-image size-large\"><a href=\"http:\/\/www.bobergsstuteri.se\/wp-content\/uploads\/2023\/01\/IMG_1139-scaled.jpg\"><img decoding=\"async\" loading=\"lazy\" width=\"1024\" height=\"733\" data-id=\"3800\"  src=\"http:\/\/www.bobergsstuteri.se\/wp-content\/uploads\/2023\/01\/IMG_1139-1024x733.jpg\" alt=\"\" class=\"wp-image-3800\" srcset=\"http:\/\/www.bobergsstuteri.se\/wp-content\/uploads\/2023\/01\/IMG_1139-1024x733.jpg 1024w, http:\/\/www.bobergsstuteri.se\/wp-content\/uploads\/2023\/01\/IMG_1139-300x215.jpg 300w, http:\/\/www.bobergsstuteri.se\/wp-content\/uploads\/2023\/01\/IMG_1139-768x549.jpg 768w, http:\/\/www.bobergsstuteri.se\/wp-content\/uploads\/2023\/01\/IMG_1139-1536x1099.jpg 1536w, http:\/\/www.bobergsstuteri.se\/wp-content\/uploads\/2023\/01\/IMG_1139-2048x1465.jpg 2048w\" sizes=\"(max-width: 1024px) 100vw, 1024px\" \/><\/a><figcaption class=\"wp-element-caption\">Bobergs Prisma e: Bobergs Limerick<\/figcaption><\/figure>\n<\/figure>\n\n\n\n<figure class=\"wp-block-image size-full\"><a href=\"http:\/\/www.bobergsstuteri.se\/wp-content\/uploads\/2021\/03\/IMG_27841.jpg\"><img decoding=\"async\" loading=\"lazy\" width=\"960\" height=\"880\" src=\"http:\/\/www.bobergsstuteri.se\/wp-content\/uploads\/2021\/03\/IMG_27841.jpg\" alt=\"\" class=\"wp-image-3378\" srcset=\"http:\/\/www.bobergsstuteri.se\/wp-content\/uploads\/2021\/03\/IMG_27841.jpg 960w, http:\/\/www.bobergsstuteri.se\/wp-content\/uploads\/2021\/03\/IMG_27841-300x275.jpg 300w, http:\/\/www.bobergsstuteri.se\/wp-content\/uploads\/2021\/03\/IMG_27841-768x704.jpg 768w\" sizes=\"(max-width: 960px) 100vw, 960px\" \/><\/a><figcaption class=\"wp-element-caption\">Bobergs Qarisma e: Jimmy vd Apoloniahoeve RS 818<\/figcaption><\/figure>\n","protected":false},"excerpt":{"rendered":"<p>Bobergs Hwita RS 7472 Skm (f: rskm), f-11, uts 39p, championf\u00f6l, prem 39p e: Pajazzo Di Leva RS 568 (Love Spring RS 298 &#8211; Peggy v.d. Stenenheul RS 5231) u: K\u00e4rlingehults Dolly RS 6460 (Alfons RS 302 &#8211; Ballerina) Om &hellip; <a href=\"http:\/\/www.bobergsstuteri.se\/?page_id=251\">Forts\u00e4tt l\u00e4sa <span class=\"meta-nav\">&rarr;<\/span><\/a><\/p>\n","protected":false},"author":2,"featured_media":0,"parent":3521,"menu_order":11,"comment_status":"closed","ping_status":"closed","template":"","meta":[],"_links":{"self":[{"href":"http:\/\/www.bobergsstuteri.se\/index.php?rest_route=\/wp\/v2\/pages\/251"}],"collection":[{"href":"http:\/\/www.bobergsstuteri.se\/index.php?rest_route=\/wp\/v2\/pages"}],"about":[{"href":"http:\/\/www.bobergsstuteri.se\/index.php?rest_route=\/wp\/v2\/types\/page"}],"author":[{"embeddable":true,"href":"http:\/\/www.bobergsstuteri.se\/index.php?rest_route=\/wp\/v2\/users\/2"}],"replies":[{"embeddable":true,"href":"http:\/\/www.bobergsstuteri.se\/index.php?rest_route=%2Fwp%2Fv2%2Fcomments&post=251"}],"version-history":[{"count":49,"href":"http:\/\/www.bobergsstuteri.se\/index.php?rest_route=\/wp\/v2\/pages\/251\/revisions"}],"predecessor-version":[{"id":4217,"href":"http:\/\/www.bobergsstuteri.se\/index.php?rest_route=\/wp\/v2\/pages\/251\/revisions\/4217"}],"up":[{"embeddable":true,"href":"http:\/\/www.bobergsstuteri.se\/index.php?rest_route=\/wp\/v2\/pages\/3521"}],"wp:attachment":[{"href":"http:\/\/www.bobergsstuteri.se\/index.php?rest_route=%2Fwp%2Fv2%2Fmedia&parent=251"}],"curies":[{"name":"wp","href":"https:\/\/api.w.org\/{rel}","templated":true}]}}