{"id":3178,"date":"2020-05-11T20:58:41","date_gmt":"2020-05-11T18:58:41","guid":{"rendered":"http:\/\/www.bobergsstuteri.se\/?page_id=3178"},"modified":"2024-01-14T21:23:39","modified_gmt":"2024-01-14T20:23:39","slug":"bobergs-paris","status":"publish","type":"page","link":"http:\/\/www.bobergsstuteri.se\/?page_id=3178","title":{"rendered":"Bobergs Paris RS 8233"},"content":{"rendered":"\n<h2 class=\"has-text-align-center\"><a rel=\"noreferrer noopener\" href=\"http:\/\/www.shetlandsponnyn.se\/Stambok\/Visa3Led.aspx?Nr1=515119\" target=\"_blank\">Bobergs Paris<\/a> RS8233<\/h2>\n\n\n\n<figure class=\"wp-block-image size-large\"><a href=\"http:\/\/www.bobergsstuteri.se\/wp-content\/uploads\/2023\/01\/IMG_7702-scaled-e1672865375725.jpg\"><img decoding=\"async\" loading=\"lazy\" width=\"1024\" height=\"855\" src=\"http:\/\/www.bobergsstuteri.se\/wp-content\/uploads\/2023\/01\/IMG_7702-scaled-e1672865375725-1024x855.jpg\" alt=\"\" class=\"wp-image-3816\" srcset=\"http:\/\/www.bobergsstuteri.se\/wp-content\/uploads\/2023\/01\/IMG_7702-scaled-e1672865375725-1024x855.jpg 1024w, http:\/\/www.bobergsstuteri.se\/wp-content\/uploads\/2023\/01\/IMG_7702-scaled-e1672865375725-300x250.jpg 300w, http:\/\/www.bobergsstuteri.se\/wp-content\/uploads\/2023\/01\/IMG_7702-scaled-e1672865375725-768x641.jpg 768w, http:\/\/www.bobergsstuteri.se\/wp-content\/uploads\/2023\/01\/IMG_7702-scaled-e1672865375725.jpg 1203w\" sizes=\"(max-width: 1024px) 100vw, 1024px\" \/><\/a><\/figure>\n\n\n\n<p class=\"has-text-align-center\">isbsk, f\u00f6dd 2019, 81cm i mkh, uts 42p Champion miniungsto, prem 42p G1<\/p>\n\n\n\n<p class=\"has-text-align-center\">e: <a href=\"https:\/\/www.bobergsstuteri.se\/?page_id=1510\" data-type=\"page\" data-id=\"1510\">Bobergs Limerick RS 776 SUCH, G1<\/a><\/p>\n\n\n\n<p class=\"has-text-align-center\">( Sk\u00e4pper\u00f6ds Rex RS 381 &#8211; <a href=\"https:\/\/www.bobergsstuteri.se\/?page_id=3068\" data-type=\"page\" data-id=\"3068\">The Rose RS 7353 ELIT<\/a>)<\/p>\n\n\n\n<p class=\"has-text-align-center\">u: <a href=\"https:\/\/www.bobergsstuteri.se\/?page_id=1610\" data-type=\"page\" data-id=\"1610\">Champ d&#8217;Elysse v. Stal Brammelo RS 7473 ELIT<\/a><\/p>\n\n\n\n<p class=\"has-text-align-center\">(Windsomeboy v.d. Rising Sun Stable &#8211; Scarlet v. Stal Brammelo)<\/p>\n\n\n\n<p>Om Paris: Ja vad ska man s\u00e4ga om Paris? En bild s\u00e4ger mer \u00e4n tusen ord..? Matte hoppas p\u00e5 denna lilla p\u00e4rla. <\/p>\n\n\n\n<p>Paris st\u00e4lldes ut f\u00f6rsta g\u00e5ngen p\u00e5 RIKS i B\u00e5lsta 2021 och blev d\u00e5 Champion miniungsto med fina raden 98889 =42p. P\u00e5 3-\u00e5rspremieringen fick hon diplom 42p och raden 99888.<\/p>\n\n\n\n<p>2023 bel\u00f6nades hon med SUCH &#8211; Svensk Utst\u00e4llningschampion. <\/p>\n\n\n\n<figure class=\"wp-block-image size-large\"><img decoding=\"async\" loading=\"lazy\" width=\"1024\" height=\"826\" src=\"http:\/\/www.bobergsstuteri.se\/wp-content\/uploads\/2019\/07\/IMG_52471-e1614804426825-1024x826.jpg\" alt=\"\" class=\"wp-image-3082\" srcset=\"http:\/\/www.bobergsstuteri.se\/wp-content\/uploads\/2019\/07\/IMG_52471-e1614804426825-1024x826.jpg 1024w, http:\/\/www.bobergsstuteri.se\/wp-content\/uploads\/2019\/07\/IMG_52471-e1614804426825-300x242.jpg 300w, http:\/\/www.bobergsstuteri.se\/wp-content\/uploads\/2019\/07\/IMG_52471-e1614804426825-768x620.jpg 768w, http:\/\/www.bobergsstuteri.se\/wp-content\/uploads\/2019\/07\/IMG_52471-e1614804426825-1536x1239.jpg 1536w, http:\/\/www.bobergsstuteri.se\/wp-content\/uploads\/2019\/07\/IMG_52471-e1614804426825-2048x1652.jpg 2048w\" sizes=\"(max-width: 1024px) 100vw, 1024px\" \/><\/figure>\n\n\n\n<figure class=\"wp-block-image size-full is-resized\"><a href=\"http:\/\/www.bobergsstuteri.se\/wp-content\/uploads\/2021\/12\/263718633_898290517540295_4251275445602657567_n.jpg\"><img decoding=\"async\" loading=\"lazy\" src=\"http:\/\/www.bobergsstuteri.se\/wp-content\/uploads\/2021\/12\/263718633_898290517540295_4251275445602657567_n.jpg\" alt=\"\" class=\"wp-image-3593\" width=\"319\" height=\"354\"\/><\/a><\/figure>\n","protected":false},"excerpt":{"rendered":"<p>Bobergs Paris RS8233 isbsk, f\u00f6dd 2019, 81cm i mkh, uts 42p Champion miniungsto, prem 42p G1 e: Bobergs Limerick RS 776 SUCH, G1 ( Sk\u00e4pper\u00f6ds Rex RS 381 &#8211; The Rose RS 7353 ELIT) u: Champ d&#8217;Elysse v. Stal Brammelo &hellip; <a href=\"http:\/\/www.bobergsstuteri.se\/?page_id=3178\">Forts\u00e4tt l\u00e4sa <span class=\"meta-nav\">&rarr;<\/span><\/a><\/p>\n","protected":false},"author":2,"featured_media":0,"parent":3521,"menu_order":0,"comment_status":"closed","ping_status":"closed","template":"","meta":[],"_links":{"self":[{"href":"http:\/\/www.bobergsstuteri.se\/index.php?rest_route=\/wp\/v2\/pages\/3178"}],"collection":[{"href":"http:\/\/www.bobergsstuteri.se\/index.php?rest_route=\/wp\/v2\/pages"}],"about":[{"href":"http:\/\/www.bobergsstuteri.se\/index.php?rest_route=\/wp\/v2\/types\/page"}],"author":[{"embeddable":true,"href":"http:\/\/www.bobergsstuteri.se\/index.php?rest_route=\/wp\/v2\/users\/2"}],"replies":[{"embeddable":true,"href":"http:\/\/www.bobergsstuteri.se\/index.php?rest_route=%2Fwp%2Fv2%2Fcomments&post=3178"}],"version-history":[{"count":29,"href":"http:\/\/www.bobergsstuteri.se\/index.php?rest_route=\/wp\/v2\/pages\/3178\/revisions"}],"predecessor-version":[{"id":4320,"href":"http:\/\/www.bobergsstuteri.se\/index.php?rest_route=\/wp\/v2\/pages\/3178\/revisions\/4320"}],"up":[{"embeddable":true,"href":"http:\/\/www.bobergsstuteri.se\/index.php?rest_route=\/wp\/v2\/pages\/3521"}],"wp:attachment":[{"href":"http:\/\/www.bobergsstuteri.se\/index.php?rest_route=%2Fwp%2Fv2%2Fmedia&parent=3178"}],"curies":[{"name":"wp","href":"https:\/\/api.w.org\/{rel}","templated":true}]}}