{"id":3180,"date":"2020-05-11T21:00:53","date_gmt":"2020-05-11T19:00:53","guid":{"rendered":"http:\/\/www.bobergsstuteri.se\/?page_id=3180"},"modified":"2025-12-02T16:28:36","modified_gmt":"2025-12-02T15:28:36","slug":"bobergs-prisma","status":"publish","type":"page","link":"http:\/\/www.bobergsstuteri.se\/?page_id=3180","title":{"rendered":"Bobergs Prisma RS 8248"},"content":{"rendered":"\n<h2><a href=\"http:\/\/www.shetlandsponnyn.se\/Stambok\/Visa3Led.aspx?Nr1=515114\" target=\"_blank\" rel=\"noreferrer noopener\">Bobergs Prisma<\/a><\/h2>\n\n\n\n<figure class=\"wp-block-image size-large\"><a href=\"http:\/\/www.bobergsstuteri.se\/wp-content\/uploads\/2023\/01\/IMG_1139-scaled.jpg\"><img decoding=\"async\" loading=\"lazy\" width=\"1024\" height=\"733\" src=\"http:\/\/www.bobergsstuteri.se\/wp-content\/uploads\/2023\/01\/IMG_1139-1024x733.jpg\" alt=\"\" class=\"wp-image-3800\" srcset=\"http:\/\/www.bobergsstuteri.se\/wp-content\/uploads\/2023\/01\/IMG_1139-1024x733.jpg 1024w, http:\/\/www.bobergsstuteri.se\/wp-content\/uploads\/2023\/01\/IMG_1139-300x215.jpg 300w, http:\/\/www.bobergsstuteri.se\/wp-content\/uploads\/2023\/01\/IMG_1139-768x549.jpg 768w, http:\/\/www.bobergsstuteri.se\/wp-content\/uploads\/2023\/01\/IMG_1139-1536x1099.jpg 1536w, http:\/\/www.bobergsstuteri.se\/wp-content\/uploads\/2023\/01\/IMG_1139-2048x1465.jpg 2048w\" sizes=\"(max-width: 1024px) 100vw, 1024px\" \/><\/a><\/figure>\n\n\n\n<p class=\"has-text-align-center\">isbskmsk, sto, f 2019, 81cm i mkh, prem G1 42p, BIS, SUCH<\/p>\n\n\n\n<p class=\"has-text-align-center\">e: <a href=\"https:\/\/www.bobergsstuteri.se\/?page_id=1510\" data-type=\"page\" data-id=\"1510\">Bobergs Limerick RS 776 SUCH BIS<\/a><\/p>\n\n\n\n<p class=\"has-text-align-center\">(Sk\u00e4pper\u00f6ds Rex RS 381 &#8211; <a href=\"https:\/\/www.bobergsstuteri.se\/?page_id=3068\" data-type=\"page\" data-id=\"3068\">The Rose RS 7353 ELIT<\/a>)<\/p>\n\n\n\n<p class=\"has-text-align-center\">u: <a href=\"https:\/\/www.bobergsstuteri.se\/?page_id=251\" data-type=\"page\" data-id=\"251\">Bobergs Hwita RS 7472<\/a><\/p>\n\n\n\n<p class=\"has-text-align-center\">(Pajazzo di Leva RS 568 &#8211; K\u00e4rlingehults Dolly RS 6460 SUCH, A<\/p>\n\n\n\n<p>Om Prisma: Lyckan var total n\u00e4r hon f\u00f6ddes, att f\u00e5 en s\u00e5dan f\u00f6lunge efter Limerick och Hwita var mer \u00e4n jag v\u00e5gat dr\u00f6mma om! Prisma \u00e4r visad en g\u00e5ng som ett\u00e5ring och fick d\u00e5 40p med 9:a p\u00e5 sin typ. Hoppas hon forts\u00e4tter att utvecklas fint. <\/p>\n\n\n\n<p>Och fortsatte utvecklas fint det gjorde hon sannerligen, hon fick avelsdiplom som 3-\u00e5ring p\u00e5 fina 42p. Hon tog ocks\u00e5 hem en BIS-titel \u00e4ven d\u00e5 med 42p. <\/p>\n\n\n\n<p>Tilldelades meriten SUCH &#8211; Svensk Utst\u00e4llningschampion 2023.<\/p>\n\n\n\n<figure class=\"is-layout-flex wp-block-gallery-1 wp-block-gallery has-nested-images columns-default is-cropped\">\n<figure class=\"wp-block-image size-large\"><a href=\"http:\/\/www.bobergsstuteri.se\/wp-content\/uploads\/2021\/03\/IMG_25271-3-scaled-e1615402678814.jpg\"><img decoding=\"async\" loading=\"lazy\" width=\"1024\" height=\"918\" data-id=\"3419\"  src=\"http:\/\/www.bobergsstuteri.se\/wp-content\/uploads\/2021\/03\/IMG_25271-3-scaled-e1615402678814-1024x918.jpg\" alt=\"\" class=\"wp-image-3419\" srcset=\"http:\/\/www.bobergsstuteri.se\/wp-content\/uploads\/2021\/03\/IMG_25271-3-scaled-e1615402678814-1024x918.jpg 1024w, http:\/\/www.bobergsstuteri.se\/wp-content\/uploads\/2021\/03\/IMG_25271-3-scaled-e1615402678814-300x269.jpg 300w, http:\/\/www.bobergsstuteri.se\/wp-content\/uploads\/2021\/03\/IMG_25271-3-scaled-e1615402678814-768x689.jpg 768w, http:\/\/www.bobergsstuteri.se\/wp-content\/uploads\/2021\/03\/IMG_25271-3-scaled-e1615402678814-1536x1378.jpg 1536w, http:\/\/www.bobergsstuteri.se\/wp-content\/uploads\/2021\/03\/IMG_25271-3-scaled-e1615402678814.jpg 1619w\" sizes=\"(max-width: 1024px) 100vw, 1024px\" \/><\/a><\/figure>\n\n\n\n<figure class=\"wp-block-image size-large\"><a href=\"http:\/\/www.bobergsstuteri.se\/wp-content\/uploads\/2023\/01\/IMG_1101.jpg\"><img decoding=\"async\" loading=\"lazy\" width=\"1024\" height=\"799\" data-id=\"3801\"  src=\"http:\/\/www.bobergsstuteri.se\/wp-content\/uploads\/2023\/01\/IMG_1101-1024x799.jpg\" alt=\"\" class=\"wp-image-3801\" srcset=\"http:\/\/www.bobergsstuteri.se\/wp-content\/uploads\/2023\/01\/IMG_1101-1024x799.jpg 1024w, http:\/\/www.bobergsstuteri.se\/wp-content\/uploads\/2023\/01\/IMG_1101-300x234.jpg 300w, http:\/\/www.bobergsstuteri.se\/wp-content\/uploads\/2023\/01\/IMG_1101-768x599.jpg 768w, http:\/\/www.bobergsstuteri.se\/wp-content\/uploads\/2023\/01\/IMG_1101.jpg 1263w\" sizes=\"(max-width: 1024px) 100vw, 1024px\" \/><\/a><\/figure>\n\n\n\n<figure class=\"wp-block-image size-large\"><a href=\"http:\/\/www.bobergsstuteri.se\/wp-content\/uploads\/2023\/01\/IMG_1103-scaled.jpg\"><img decoding=\"async\" loading=\"lazy\" width=\"1024\" height=\"541\" data-id=\"3802\"  src=\"http:\/\/www.bobergsstuteri.se\/wp-content\/uploads\/2023\/01\/IMG_1103-1024x541.jpg\" alt=\"\" class=\"wp-image-3802\" srcset=\"http:\/\/www.bobergsstuteri.se\/wp-content\/uploads\/2023\/01\/IMG_1103-1024x541.jpg 1024w, http:\/\/www.bobergsstuteri.se\/wp-content\/uploads\/2023\/01\/IMG_1103-300x158.jpg 300w, http:\/\/www.bobergsstuteri.se\/wp-content\/uploads\/2023\/01\/IMG_1103-768x406.jpg 768w, http:\/\/www.bobergsstuteri.se\/wp-content\/uploads\/2023\/01\/IMG_1103-1536x811.jpg 1536w, http:\/\/www.bobergsstuteri.se\/wp-content\/uploads\/2023\/01\/IMG_1103-2048x1082.jpg 2048w\" sizes=\"(max-width: 1024px) 100vw, 1024px\" \/><\/a><\/figure>\n\n\n\n<figure class=\"wp-block-image size-large\"><a href=\"http:\/\/www.bobergsstuteri.se\/wp-content\/uploads\/2023\/01\/IMG_1106.jpg\"><img decoding=\"async\" loading=\"lazy\" width=\"1024\" height=\"764\" data-id=\"3803\"  src=\"http:\/\/www.bobergsstuteri.se\/wp-content\/uploads\/2023\/01\/IMG_1106-1024x764.jpg\" alt=\"\" class=\"wp-image-3803\" srcset=\"http:\/\/www.bobergsstuteri.se\/wp-content\/uploads\/2023\/01\/IMG_1106-1024x764.jpg 1024w, http:\/\/www.bobergsstuteri.se\/wp-content\/uploads\/2023\/01\/IMG_1106-300x224.jpg 300w, http:\/\/www.bobergsstuteri.se\/wp-content\/uploads\/2023\/01\/IMG_1106-768x573.jpg 768w, http:\/\/www.bobergsstuteri.se\/wp-content\/uploads\/2023\/01\/IMG_1106-1536x1146.jpg 1536w, http:\/\/www.bobergsstuteri.se\/wp-content\/uploads\/2023\/01\/IMG_1106-2048x1528.jpg 2048w\" sizes=\"(max-width: 1024px) 100vw, 1024px\" \/><\/a><\/figure>\n\n\n\n<figure class=\"wp-block-image size-large\"><a href=\"http:\/\/www.bobergsstuteri.se\/wp-content\/uploads\/2023\/01\/IMG_1113.jpg\"><img decoding=\"async\" loading=\"lazy\" width=\"1024\" height=\"764\" data-id=\"3804\"  src=\"http:\/\/www.bobergsstuteri.se\/wp-content\/uploads\/2023\/01\/IMG_1113-1024x764.jpg\" alt=\"\" class=\"wp-image-3804\" srcset=\"http:\/\/www.bobergsstuteri.se\/wp-content\/uploads\/2023\/01\/IMG_1113-1024x764.jpg 1024w, http:\/\/www.bobergsstuteri.se\/wp-content\/uploads\/2023\/01\/IMG_1113-300x224.jpg 300w, http:\/\/www.bobergsstuteri.se\/wp-content\/uploads\/2023\/01\/IMG_1113-768x573.jpg 768w, http:\/\/www.bobergsstuteri.se\/wp-content\/uploads\/2023\/01\/IMG_1113-1536x1145.jpg 1536w, http:\/\/www.bobergsstuteri.se\/wp-content\/uploads\/2023\/01\/IMG_1113-2048x1527.jpg 2048w\" sizes=\"(max-width: 1024px) 100vw, 1024px\" \/><\/a><\/figure>\n\n\n\n<figure class=\"wp-block-image size-large\"><a href=\"http:\/\/www.bobergsstuteri.se\/wp-content\/uploads\/2023\/01\/IMG_1490-scaled.jpg\"><img decoding=\"async\" loading=\"lazy\" width=\"1024\" height=\"768\" data-id=\"3805\"  src=\"http:\/\/www.bobergsstuteri.se\/wp-content\/uploads\/2023\/01\/IMG_1490-1024x768.jpg\" alt=\"\" class=\"wp-image-3805\" srcset=\"http:\/\/www.bobergsstuteri.se\/wp-content\/uploads\/2023\/01\/IMG_1490-1024x768.jpg 1024w, http:\/\/www.bobergsstuteri.se\/wp-content\/uploads\/2023\/01\/IMG_1490-300x225.jpg 300w, http:\/\/www.bobergsstuteri.se\/wp-content\/uploads\/2023\/01\/IMG_1490-768x576.jpg 768w, http:\/\/www.bobergsstuteri.se\/wp-content\/uploads\/2023\/01\/IMG_1490-1536x1152.jpg 1536w, http:\/\/www.bobergsstuteri.se\/wp-content\/uploads\/2023\/01\/IMG_1490-2048x1536.jpg 2048w\" sizes=\"(max-width: 1024px) 100vw, 1024px\" \/><\/a><\/figure>\n\n\n\n<figure class=\"wp-block-image size-large\"><a href=\"http:\/\/www.bobergsstuteri.se\/wp-content\/uploads\/2023\/01\/IMG_1119.jpg\"><img decoding=\"async\" loading=\"lazy\" width=\"1024\" height=\"624\" data-id=\"3806\"  src=\"http:\/\/www.bobergsstuteri.se\/wp-content\/uploads\/2023\/01\/IMG_1119-1024x624.jpg\" alt=\"\" class=\"wp-image-3806\" srcset=\"http:\/\/www.bobergsstuteri.se\/wp-content\/uploads\/2023\/01\/IMG_1119-1024x624.jpg 1024w, http:\/\/www.bobergsstuteri.se\/wp-content\/uploads\/2023\/01\/IMG_1119-300x183.jpg 300w, http:\/\/www.bobergsstuteri.se\/wp-content\/uploads\/2023\/01\/IMG_1119-768x468.jpg 768w, http:\/\/www.bobergsstuteri.se\/wp-content\/uploads\/2023\/01\/IMG_1119-1536x937.jpg 1536w, http:\/\/www.bobergsstuteri.se\/wp-content\/uploads\/2023\/01\/IMG_1119-2048x1249.jpg 2048w\" sizes=\"(max-width: 1024px) 100vw, 1024px\" \/><\/a><\/figure>\n<\/figure>\n\n\n<div class=\"wp-block-image\">\n<figure class=\"aligncenter size-medium\"><img decoding=\"async\" src=\"http:\/\/www.bobergsstuteri.se\/wp-content\/uploads\/2019\/07\/IMG_55331-e1615404570164-269x300.jpg\" alt=\"\" class=\"wp-image-3085\"\/><\/figure><\/div>","protected":false},"excerpt":{"rendered":"<p>Bobergs Prisma isbskmsk, sto, f 2019, 81cm i mkh, prem G1 42p, BIS, SUCH e: Bobergs Limerick RS 776 SUCH BIS (Sk\u00e4pper\u00f6ds Rex RS 381 &#8211; The Rose RS 7353 ELIT) u: Bobergs Hwita RS 7472 (Pajazzo di Leva RS &hellip; <a href=\"http:\/\/www.bobergsstuteri.se\/?page_id=3180\">Forts\u00e4tt l\u00e4sa <span class=\"meta-nav\">&rarr;<\/span><\/a><\/p>\n","protected":false},"author":2,"featured_media":0,"parent":3521,"menu_order":0,"comment_status":"closed","ping_status":"closed","template":"","meta":[],"_links":{"self":[{"href":"http:\/\/www.bobergsstuteri.se\/index.php?rest_route=\/wp\/v2\/pages\/3180"}],"collection":[{"href":"http:\/\/www.bobergsstuteri.se\/index.php?rest_route=\/wp\/v2\/pages"}],"about":[{"href":"http:\/\/www.bobergsstuteri.se\/index.php?rest_route=\/wp\/v2\/types\/page"}],"author":[{"embeddable":true,"href":"http:\/\/www.bobergsstuteri.se\/index.php?rest_route=\/wp\/v2\/users\/2"}],"replies":[{"embeddable":true,"href":"http:\/\/www.bobergsstuteri.se\/index.php?rest_route=%2Fwp%2Fv2%2Fcomments&post=3180"}],"version-history":[{"count":16,"href":"http:\/\/www.bobergsstuteri.se\/index.php?rest_route=\/wp\/v2\/pages\/3180\/revisions"}],"predecessor-version":[{"id":4300,"href":"http:\/\/www.bobergsstuteri.se\/index.php?rest_route=\/wp\/v2\/pages\/3180\/revisions\/4300"}],"up":[{"embeddable":true,"href":"http:\/\/www.bobergsstuteri.se\/index.php?rest_route=\/wp\/v2\/pages\/3521"}],"wp:attachment":[{"href":"http:\/\/www.bobergsstuteri.se\/index.php?rest_route=%2Fwp%2Fv2%2Fmedia&parent=3180"}],"curies":[{"name":"wp","href":"https:\/\/api.w.org\/{rel}","templated":true}]}}