{"id":3377,"date":"2021-03-01T22:09:15","date_gmt":"2021-03-01T21:09:15","guid":{"rendered":"http:\/\/www.bobergsstuteri.se\/?page_id=3377"},"modified":"2025-12-02T19:36:29","modified_gmt":"2025-12-02T18:36:29","slug":"bobergs-qarisma","status":"publish","type":"page","link":"http:\/\/www.bobergsstuteri.se\/?page_id=3377","title":{"rendered":"Bobergs Qarisma RS 8376 *Till Salu!*"},"content":{"rendered":"\n<p><\/p>\n\n\n\n<p class=\"has-text-align-center\"><a href=\"http:\/\/www.shetlandsponnyn.se\/Stambok\/Visa3Led.aspx?Nr1=528272\" data-type=\"URL\" data-id=\"http:\/\/www.shetlandsponnyn.se\/Stambok\/Visa3Led.aspx?Nr1=528272\">Bobergs Qarisma<\/a> RS8376<\/p>\n\n\n<div class=\"wp-block-image is-style-default\">\n<figure class=\"aligncenter size-full\"><a href=\"http:\/\/www.bobergsstuteri.se\/wp-content\/uploads\/2023\/08\/370614764_837676784415873_2951946551479875318_n.jpg\"><img decoding=\"async\" loading=\"lazy\" width=\"280\" height=\"205\" src=\"http:\/\/www.bobergsstuteri.se\/wp-content\/uploads\/2023\/08\/370614764_837676784415873_2951946551479875318_n.jpg\" alt=\"\" class=\"wp-image-3965\"\/><\/a><figcaption class=\"wp-element-caption\">B Qarisma diplom 41p, SUCH, Mkh 82cm <\/figcaption><\/figure><\/div>\n\n\n<p class=\"has-text-align-center\">e: Jimmy v.d. Apoloniahoeve RS 818<\/p>\n\n\n\n<p class=\"has-text-align-center\">( Shandy v. Bromishet &#8211; Elite v.d. Bosrand)<\/p>\n\n\n\n<p class=\"has-text-align-center\">u: <a href=\"http:\/\/www.bobergsstuteri.se\/?page_id=251\" data-type=\"page\" data-id=\"251\">Bobergs Hwita RS 7472<\/a><\/p>\n\n\n\n<p class=\"has-text-align-center\">( Pajazzo di Leva RS 568 BIS G1 &#8211; K\u00e4rlingehults Dolly RS 6460 SUCH A)<\/p>\n\n\n\n<p>Om Qarisma: Ett v\u00e4ldigt rart sto som fick sitt f\u00f6rsta f\u00f6l 2025. Bobergs Vera ett gulbrunt sto efter Bobergs Limerick! Ett litet dr\u00f6mf\u00f6l. D\u00e4rf\u00f6r kan jag t\u00e4nka mig att s\u00e4lja Qarisma till r\u00e4tt person. V\u00e4lkommen att h\u00f6ra av dig vid intresse!<\/p>\n\n\n\n<figure class=\"is-layout-flex wp-block-gallery-1 wp-block-gallery has-nested-images columns-default is-cropped\">\n<figure class=\"wp-block-image size-large\"><a href=\"http:\/\/www.bobergsstuteri.se\/wp-content\/uploads\/2023\/08\/370614764_837676784415873_2951946551479875318_n.jpg\"><img decoding=\"async\" loading=\"lazy\" width=\"280\" height=\"205\" data-id=\"3965\"  src=\"http:\/\/www.bobergsstuteri.se\/wp-content\/uploads\/2023\/08\/370614764_837676784415873_2951946551479875318_n.jpg\" alt=\"\" class=\"wp-image-3965\"\/><\/a><figcaption class=\"wp-element-caption\">B Qarisma diplom<\/figcaption><\/figure>\n\n\n\n<figure class=\"wp-block-image size-large\"><a href=\"http:\/\/www.bobergsstuteri.se\/wp-content\/uploads\/2019\/04\/IMG_49811.jpg\"><img decoding=\"async\" loading=\"lazy\" width=\"1024\" height=\"936\" data-id=\"2997\"  src=\"http:\/\/www.bobergsstuteri.se\/wp-content\/uploads\/2019\/04\/IMG_49811-1024x936.jpg\" alt=\"\" class=\"wp-image-2997\" srcset=\"http:\/\/www.bobergsstuteri.se\/wp-content\/uploads\/2019\/04\/IMG_49811-1024x936.jpg 1024w, http:\/\/www.bobergsstuteri.se\/wp-content\/uploads\/2019\/04\/IMG_49811-300x274.jpg 300w, http:\/\/www.bobergsstuteri.se\/wp-content\/uploads\/2019\/04\/IMG_49811-768x702.jpg 768w\" sizes=\"(max-width: 1024px) 100vw, 1024px\" \/><\/a><figcaption class=\"wp-element-caption\">Pappa Jimmy<\/figcaption><\/figure>\n\n\n\n<figure class=\"wp-block-image size-large\"><a href=\"http:\/\/www.bobergsstuteri.se\/wp-content\/uploads\/2013\/01\/P13601121-e1505674467643.jpg\"><img decoding=\"async\" loading=\"lazy\" width=\"1024\" height=\"797\" data-id=\"2509\"  src=\"http:\/\/www.bobergsstuteri.se\/wp-content\/uploads\/2013\/01\/P13601121-e1505674467643-1024x797.jpg\" alt=\"\" class=\"wp-image-2509\" srcset=\"http:\/\/www.bobergsstuteri.se\/wp-content\/uploads\/2013\/01\/P13601121-e1505674467643-1024x797.jpg 1024w, http:\/\/www.bobergsstuteri.se\/wp-content\/uploads\/2013\/01\/P13601121-e1505674467643-300x234.jpg 300w, http:\/\/www.bobergsstuteri.se\/wp-content\/uploads\/2013\/01\/P13601121-e1505674467643-768x598.jpg 768w, http:\/\/www.bobergsstuteri.se\/wp-content\/uploads\/2013\/01\/P13601121-e1505674467643.jpg 1571w\" sizes=\"(max-width: 1024px) 100vw, 1024px\" \/><\/a><figcaption class=\"wp-element-caption\">Mamma Hwita<\/figcaption><\/figure>\n\n\n\n<figure class=\"wp-block-image size-large\"><a href=\"http:\/\/www.bobergsstuteri.se\/wp-content\/uploads\/2013\/01\/IMG_34221-e1615404893605.jpg\"><img decoding=\"async\" loading=\"lazy\" width=\"1024\" height=\"752\" data-id=\"1819\"  src=\"http:\/\/www.bobergsstuteri.se\/wp-content\/uploads\/2013\/01\/IMG_34221-e1615404893605-1024x752.jpg\" alt=\"\" class=\"wp-image-1819\" srcset=\"http:\/\/www.bobergsstuteri.se\/wp-content\/uploads\/2013\/01\/IMG_34221-e1615404893605-1024x752.jpg 1024w, http:\/\/www.bobergsstuteri.se\/wp-content\/uploads\/2013\/01\/IMG_34221-e1615404893605-300x220.jpg 300w, http:\/\/www.bobergsstuteri.se\/wp-content\/uploads\/2013\/01\/IMG_34221-e1615404893605-768x564.jpg 768w, http:\/\/www.bobergsstuteri.se\/wp-content\/uploads\/2013\/01\/IMG_34221-e1615404893605-1536x1128.jpg 1536w, http:\/\/www.bobergsstuteri.se\/wp-content\/uploads\/2013\/01\/IMG_34221-e1615404893605-2048x1504.jpg 2048w\" sizes=\"(max-width: 1024px) 100vw, 1024px\" \/><\/a><figcaption class=\"wp-element-caption\">Bobergs Hwita<\/figcaption><\/figure>\n\n\n\n<figure class=\"wp-block-image size-large\"><a href=\"http:\/\/www.bobergsstuteri.se\/wp-content\/uploads\/2013\/01\/IMG_34211-e1615404864524.jpg\"><img decoding=\"async\" loading=\"lazy\" width=\"718\" height=\"1024\" data-id=\"1818\"  src=\"http:\/\/www.bobergsstuteri.se\/wp-content\/uploads\/2013\/01\/IMG_34211-e1615404864524-718x1024.jpg\" alt=\"\" class=\"wp-image-1818\" srcset=\"http:\/\/www.bobergsstuteri.se\/wp-content\/uploads\/2013\/01\/IMG_34211-e1615404864524-718x1024.jpg 718w, http:\/\/www.bobergsstuteri.se\/wp-content\/uploads\/2013\/01\/IMG_34211-e1615404864524-210x300.jpg 210w, http:\/\/www.bobergsstuteri.se\/wp-content\/uploads\/2013\/01\/IMG_34211-e1615404864524-768x1095.jpg 768w, http:\/\/www.bobergsstuteri.se\/wp-content\/uploads\/2013\/01\/IMG_34211-e1615404864524-1078x1536.jpg 1078w, http:\/\/www.bobergsstuteri.se\/wp-content\/uploads\/2013\/01\/IMG_34211-e1615404864524-1437x2048.jpg 1437w\" sizes=\"(max-width: 718px) 100vw, 718px\" \/><\/a><figcaption class=\"wp-element-caption\">Bobergs Hwitaa<\/figcaption><\/figure>\n\n\n\n<figure class=\"wp-block-image size-large\"><a href=\"http:\/\/www.bobergsstuteri.se\/wp-content\/uploads\/2013\/01\/IMG_34241-e1615403683386.jpg\"><img decoding=\"async\" loading=\"lazy\" width=\"1024\" height=\"940\" data-id=\"1817\"  src=\"http:\/\/www.bobergsstuteri.se\/wp-content\/uploads\/2013\/01\/IMG_34241-e1615403683386-1024x940.jpg\" alt=\"\" class=\"wp-image-1817\" srcset=\"http:\/\/www.bobergsstuteri.se\/wp-content\/uploads\/2013\/01\/IMG_34241-e1615403683386-1024x940.jpg 1024w, http:\/\/www.bobergsstuteri.se\/wp-content\/uploads\/2013\/01\/IMG_34241-e1615403683386-300x275.jpg 300w, http:\/\/www.bobergsstuteri.se\/wp-content\/uploads\/2013\/01\/IMG_34241-e1615403683386-768x705.jpg 768w, http:\/\/www.bobergsstuteri.se\/wp-content\/uploads\/2013\/01\/IMG_34241-e1615403683386-1536x1411.jpg 1536w, http:\/\/www.bobergsstuteri.se\/wp-content\/uploads\/2013\/01\/IMG_34241-e1615403683386-2048x1881.jpg 2048w\" sizes=\"(max-width: 1024px) 100vw, 1024px\" \/><\/a><figcaption class=\"wp-element-caption\">Bobergs  Hwita <\/figcaption><\/figure>\n\n\n\n<figure class=\"wp-block-image size-large\"><a href=\"http:\/\/www.bobergsstuteri.se\/wp-content\/uploads\/2013\/01\/IMG_9566.jpg\"><img decoding=\"async\" loading=\"lazy\" width=\"960\" height=\"601\" data-id=\"1527\"  src=\"http:\/\/www.bobergsstuteri.se\/wp-content\/uploads\/2013\/01\/IMG_9566.jpg\" alt=\"\" class=\"wp-image-1527\" srcset=\"http:\/\/www.bobergsstuteri.se\/wp-content\/uploads\/2013\/01\/IMG_9566.jpg 960w, http:\/\/www.bobergsstuteri.se\/wp-content\/uploads\/2013\/01\/IMG_9566-300x188.jpg 300w\" sizes=\"(max-width: 960px) 100vw, 960px\" \/><\/a><figcaption class=\"wp-element-caption\">Bobergs Hwita<\/figcaption><\/figure>\n\n\n\n<figure class=\"wp-block-image size-large\"><a href=\"http:\/\/www.bobergsstuteri.se\/wp-content\/uploads\/2020\/06\/IMG_06911-1-scaled-e1592850690376.jpg\"><img decoding=\"async\" loading=\"lazy\" width=\"1024\" height=\"768\" data-id=\"3247\"  src=\"http:\/\/www.bobergsstuteri.se\/wp-content\/uploads\/2020\/06\/IMG_06911-1-1024x768.jpg\" alt=\"\" class=\"wp-image-3247\"\/><\/a><figcaption class=\"wp-element-caption\">Bobergs Qarisma e: Jimmy vd Apoloniahoeve <\/figcaption><\/figure>\n\n\n\n<figure class=\"wp-block-image size-large\"><a href=\"http:\/\/www.bobergsstuteri.se\/wp-content\/uploads\/2021\/03\/IMG_27841.jpg\"><img decoding=\"async\" loading=\"lazy\" width=\"960\" height=\"880\" data-id=\"3378\"  src=\"http:\/\/www.bobergsstuteri.se\/wp-content\/uploads\/2021\/03\/IMG_27841.jpg\" alt=\"\" class=\"wp-image-3378\" srcset=\"http:\/\/www.bobergsstuteri.se\/wp-content\/uploads\/2021\/03\/IMG_27841.jpg 960w, http:\/\/www.bobergsstuteri.se\/wp-content\/uploads\/2021\/03\/IMG_27841-300x275.jpg 300w, http:\/\/www.bobergsstuteri.se\/wp-content\/uploads\/2021\/03\/IMG_27841-768x704.jpg 768w\" sizes=\"(max-width: 960px) 100vw, 960px\" \/><\/a><\/figure>\n<\/figure>\n","protected":false},"excerpt":{"rendered":"<p>Bobergs Qarisma RS8376 e: Jimmy v.d. Apoloniahoeve RS 818 ( Shandy v. Bromishet &#8211; Elite v.d. Bosrand) u: Bobergs Hwita RS 7472 ( Pajazzo di Leva RS 568 BIS G1 &#8211; K\u00e4rlingehults Dolly RS 6460 SUCH A) Om Qarisma: Ett &hellip; <a href=\"http:\/\/www.bobergsstuteri.se\/?page_id=3377\">Forts\u00e4tt l\u00e4sa <span class=\"meta-nav\">&rarr;<\/span><\/a><\/p>\n","protected":false},"author":2,"featured_media":0,"parent":3521,"menu_order":0,"comment_status":"closed","ping_status":"closed","template":"","meta":[],"_links":{"self":[{"href":"http:\/\/www.bobergsstuteri.se\/index.php?rest_route=\/wp\/v2\/pages\/3377"}],"collection":[{"href":"http:\/\/www.bobergsstuteri.se\/index.php?rest_route=\/wp\/v2\/pages"}],"about":[{"href":"http:\/\/www.bobergsstuteri.se\/index.php?rest_route=\/wp\/v2\/types\/page"}],"author":[{"embeddable":true,"href":"http:\/\/www.bobergsstuteri.se\/index.php?rest_route=\/wp\/v2\/users\/2"}],"replies":[{"embeddable":true,"href":"http:\/\/www.bobergsstuteri.se\/index.php?rest_route=%2Fwp%2Fv2%2Fcomments&post=3377"}],"version-history":[{"count":12,"href":"http:\/\/www.bobergsstuteri.se\/index.php?rest_route=\/wp\/v2\/pages\/3377\/revisions"}],"predecessor-version":[{"id":4310,"href":"http:\/\/www.bobergsstuteri.se\/index.php?rest_route=\/wp\/v2\/pages\/3377\/revisions\/4310"}],"up":[{"embeddable":true,"href":"http:\/\/www.bobergsstuteri.se\/index.php?rest_route=\/wp\/v2\/pages\/3521"}],"wp:attachment":[{"href":"http:\/\/www.bobergsstuteri.se\/index.php?rest_route=%2Fwp%2Fv2%2Fmedia&parent=3377"}],"curies":[{"name":"wp","href":"https:\/\/api.w.org\/{rel}","templated":true}]}}