{"id":3481,"date":"2021-08-31T22:39:01","date_gmt":"2021-08-31T20:39:01","guid":{"rendered":"http:\/\/www.bobergsstuteri.se\/?page_id=3481"},"modified":"2026-01-17T22:44:41","modified_gmt":"2026-01-17T21:44:41","slug":"bobergs-remington","status":"publish","type":"page","link":"http:\/\/www.bobergsstuteri.se\/?page_id=3481","title":{"rendered":"Bobergs Remington RS 941"},"content":{"rendered":"\n<p><strong><a href=\"https:\/\/www.shetlandsponnyn.se\/Stambok\/Visa3Led.aspx?Nr1=537978\" data-type=\"URL\" data-id=\"https:\/\/www.shetlandsponnyn.se\/Stambok\/Visa3Led.aspx?Nr1=537978\">Bobergs Remington<\/a><\/strong><\/p>\n\n\n\n<figure class=\"wp-block-image size-large\"><a href=\"https:\/\/www.bobergsstuteri.se\/wp-content\/uploads\/2025\/09\/Bobergs-Remington-lo-scaled.jpg\"><img decoding=\"async\" loading=\"lazy\" width=\"1024\" height=\"682\" src=\"https:\/\/www.bobergsstuteri.se\/wp-content\/uploads\/2025\/09\/Bobergs-Remington-lo-1024x682.jpg\" alt=\"\" class=\"wp-image-4280\" srcset=\"http:\/\/www.bobergsstuteri.se\/wp-content\/uploads\/2025\/09\/Bobergs-Remington-lo-1024x682.jpg 1024w, http:\/\/www.bobergsstuteri.se\/wp-content\/uploads\/2025\/09\/Bobergs-Remington-lo-300x200.jpg 300w, http:\/\/www.bobergsstuteri.se\/wp-content\/uploads\/2025\/09\/Bobergs-Remington-lo-768x512.jpg 768w, http:\/\/www.bobergsstuteri.se\/wp-content\/uploads\/2025\/09\/Bobergs-Remington-lo-1536x1024.jpg 1536w, http:\/\/www.bobergsstuteri.se\/wp-content\/uploads\/2025\/09\/Bobergs-Remington-lo-2048x1365.jpg 2048w\" sizes=\"(max-width: 1024px) 100vw, 1024px\" \/><\/a><\/figure>\n\n\n\n<p class=\"has-text-align-center\">Isb, hingst, f 2021 <\/p>\n\n\n\n<p class=\"has-text-align-center\">e: Jimmy v.d. Apoloniahoeve RS 818<\/p>\n\n\n\n<p class=\"has-text-align-center\">( Shandy v. Bromishet \u2013 Elite v.d. Bosrand)<\/p>\n\n\n\n<p class=\"has-text-align-center\">Bobergs Norine RS 7872 SUCH, Dpl<\/p>\n\n\n\n<p class=\"has-text-align-center\">Sk\u00e4pper\u00f6ds Rex 381 &#8211; Lindsay vd Dennenhoeve RS 7330 ELIT <\/p>\n\n\n\n<figure class=\"wp-block-image size-large\"><a href=\"http:\/\/www.bobergsstuteri.se\/wp-content\/uploads\/2024\/04\/Bobergs-Remington-4_red2-1-1.jpg\"><img decoding=\"async\" loading=\"lazy\" width=\"1024\" height=\"747\" src=\"http:\/\/www.bobergsstuteri.se\/wp-content\/uploads\/2024\/04\/Bobergs-Remington-4_red2-1-1-1024x747.jpg\" alt=\"\" class=\"wp-image-4120\" srcset=\"http:\/\/www.bobergsstuteri.se\/wp-content\/uploads\/2024\/04\/Bobergs-Remington-4_red2-1-1-1024x747.jpg 1024w, http:\/\/www.bobergsstuteri.se\/wp-content\/uploads\/2024\/04\/Bobergs-Remington-4_red2-1-1-300x219.jpg 300w, http:\/\/www.bobergsstuteri.se\/wp-content\/uploads\/2024\/04\/Bobergs-Remington-4_red2-1-1-768x560.jpg 768w, http:\/\/www.bobergsstuteri.se\/wp-content\/uploads\/2024\/04\/Bobergs-Remington-4_red2-1-1-1536x1120.jpg 1536w, http:\/\/www.bobergsstuteri.se\/wp-content\/uploads\/2024\/04\/Bobergs-Remington-4_red2-1-1.jpg 1920w\" sizes=\"(max-width: 1024px) 100vw, 1024px\" \/><\/a><figcaption class=\"wp-element-caption\">3 \u00e5r och nygodk\u00e4nd<\/figcaption><\/figure>\n\n\n\n<figure class=\"wp-block-image size-large\"><a href=\"http:\/\/www.bobergsstuteri.se\/wp-content\/uploads\/2023\/07\/IMG_E45761.jpg\"><img decoding=\"async\" loading=\"lazy\" width=\"1024\" height=\"912\" src=\"http:\/\/www.bobergsstuteri.se\/wp-content\/uploads\/2023\/07\/IMG_E45761-1024x912.jpg\" alt=\"\" class=\"wp-image-3928\" srcset=\"http:\/\/www.bobergsstuteri.se\/wp-content\/uploads\/2023\/07\/IMG_E45761-1024x912.jpg 1024w, http:\/\/www.bobergsstuteri.se\/wp-content\/uploads\/2023\/07\/IMG_E45761-300x267.jpg 300w, http:\/\/www.bobergsstuteri.se\/wp-content\/uploads\/2023\/07\/IMG_E45761-768x684.jpg 768w, http:\/\/www.bobergsstuteri.se\/wp-content\/uploads\/2023\/07\/IMG_E45761.jpg 1234w\" sizes=\"(max-width: 1024px) 100vw, 1024px\" \/><\/a><figcaption class=\"wp-element-caption\">Remington 2 \u00e5r<\/figcaption><\/figure>\n\n\n<div class=\"wp-block-image\">\n<figure class=\"aligncenter size-full\"><a href=\"http:\/\/www.bobergsstuteri.se\/wp-content\/uploads\/2021\/10\/Remington-f\u00f6l-1-e1688490908473.jpg\"><img decoding=\"async\" loading=\"lazy\" width=\"585\" height=\"628\" src=\"http:\/\/www.bobergsstuteri.se\/wp-content\/uploads\/2021\/10\/Remington-f\u00f6l-1-e1688490908473.jpg\" alt=\"\" class=\"wp-image-3567\" srcset=\"http:\/\/www.bobergsstuteri.se\/wp-content\/uploads\/2021\/10\/Remington-f\u00f6l-1-e1688490908473.jpg 585w, http:\/\/www.bobergsstuteri.se\/wp-content\/uploads\/2021\/10\/Remington-f\u00f6l-1-e1688490908473-279x300.jpg 279w\" sizes=\"(max-width: 585px) 100vw, 585px\" \/><\/a><figcaption class=\"wp-element-caption\">Remington och hans fina mor B Norine<\/figcaption><\/figure><\/div>\n\n\n<p>Om Remington: <\/p>\n\n\n\n<p>Godk\u00e4nd hingst med omd\u00f6met: <\/p>\n\n\n\n<figure id=\"ctl00_MainContent_GridView3\" class=\"wp-block-table\"><table><tbody><tr><td>Harmonisk hingst av mycket bra typ.<br>V\u00e4lformad hals, bra djup, harmonisk \u00f6verlinje, bra bakdel.<br>V\u00e4lbenad fr\u00e5n sidan, t\u00e5vid.<br>Taktm\u00e4ssig skritt med utm\u00e4rkt stegl\u00e4ngd.<br>Fram\u00e5tgripande trav med god mekanik.<br>Hingsten \u00e4r visad utan veterin\u00e4ra anm\u00e4rkningar. Internationell \u00f6verenskommen veterin\u00e4rbesiktning utan anm\u00e4rkning. Temperament 8.\u00a0\u00a0\u00a0\u00a0Hingsten \u00e4r vid p\u00e5b\u00f6rjad avelsv\u00e4rdering godk\u00e4nd enligt rasvisa best\u00e4mmelser. Tilldelad kvalitetsklass G till och med 2024.\u00a0\u00a0Egna meriter: AV 2023, 39 p Hingstlinje: Fairy Regent Far: Import NL. G-prem, BIS, 42 p Mor: GI-prem, SUCH, Diplom, 42 p Morfar: B-prem, Such, champion, 42 p. Far till hingst Vidells Orlando och Bobergs Limerick. <br><br>88798 = 40p<\/td><td><\/td><\/tr><\/tbody><\/table><\/figure>\n\n\n\n<p>Remington har ett fantastiskt trevligt temperament och \u00e4r en fr\u00f6jd att visa fram p\u00e5 utst\u00e4llningar. Han \u00e4t otroligt trevlig b\u00e5de i och utanf\u00f6r ringen. Han bel\u00f6nades med SUCH redan som 4-\u00e5ring. <\/p>\n\n\n\n<figure class=\"is-layout-flex wp-block-gallery-1 wp-block-gallery has-nested-images columns-default is-cropped\">\n<figure class=\"wp-block-image size-large\"><a href=\"https:\/\/www.bobergsstuteri.se\/wp-content\/uploads\/2026\/01\/Remington-Ericsbergs-slott-3ar.jpg\"><img decoding=\"async\" loading=\"lazy\" width=\"600\" height=\"444\" data-id=\"4323\"  src=\"https:\/\/www.bobergsstuteri.se\/wp-content\/uploads\/2026\/01\/Remington-Ericsbergs-slott-3ar.jpg\" alt=\"\" class=\"wp-image-4323\" srcset=\"http:\/\/www.bobergsstuteri.se\/wp-content\/uploads\/2026\/01\/Remington-Ericsbergs-slott-3ar.jpg 600w, http:\/\/www.bobergsstuteri.se\/wp-content\/uploads\/2026\/01\/Remington-Ericsbergs-slott-3ar-300x222.jpg 300w\" sizes=\"(max-width: 600px) 100vw, 600px\" \/><\/a><\/figure>\n<\/figure>\n\n\n\n<div class=\"is-layout-constrained wp-block-group\"><div class=\"wp-block-group__inner-container\">\n<figure class=\"is-layout-flex wp-block-gallery-3 wp-block-gallery has-nested-images columns-default is-cropped\">\n<figure class=\"wp-block-image size-large\"><a href=\"https:\/\/www.bobergsstuteri.se\/wp-content\/uploads\/2026\/01\/Bobergs-Remington-lo-scaled.jpg\"><img decoding=\"async\" loading=\"lazy\" width=\"1024\" height=\"682\" src=\"https:\/\/www.bobergsstuteri.se\/wp-content\/uploads\/2026\/01\/Bobergs-Remington-lo-1024x682.jpg\" alt=\"\" class=\"wp-image-4325\" srcset=\"http:\/\/www.bobergsstuteri.se\/wp-content\/uploads\/2026\/01\/Bobergs-Remington-lo-1024x682.jpg 1024w, http:\/\/www.bobergsstuteri.se\/wp-content\/uploads\/2026\/01\/Bobergs-Remington-lo-300x200.jpg 300w, http:\/\/www.bobergsstuteri.se\/wp-content\/uploads\/2026\/01\/Bobergs-Remington-lo-768x512.jpg 768w, http:\/\/www.bobergsstuteri.se\/wp-content\/uploads\/2026\/01\/Bobergs-Remington-lo-1536x1024.jpg 1536w, http:\/\/www.bobergsstuteri.se\/wp-content\/uploads\/2026\/01\/Bobergs-Remington-lo-2048x1365.jpg 2048w\" sizes=\"(max-width: 1024px) 100vw, 1024px\" \/><\/a><\/figure>\n\n\n\n<figure class=\"wp-block-image size-large\"><a href=\"https:\/\/www.bobergsstuteri.se\/wp-content\/uploads\/2026\/01\/79ab1de1-346d-49fe-b72b-7adf2baab126.jpg\"><img decoding=\"async\" loading=\"lazy\" width=\"1024\" height=\"682\" src=\"https:\/\/www.bobergsstuteri.se\/wp-content\/uploads\/2026\/01\/79ab1de1-346d-49fe-b72b-7adf2baab126.jpg\" alt=\"\" class=\"wp-image-4326\" srcset=\"http:\/\/www.bobergsstuteri.se\/wp-content\/uploads\/2026\/01\/79ab1de1-346d-49fe-b72b-7adf2baab126.jpg 1024w, http:\/\/www.bobergsstuteri.se\/wp-content\/uploads\/2026\/01\/79ab1de1-346d-49fe-b72b-7adf2baab126-300x200.jpg 300w, http:\/\/www.bobergsstuteri.se\/wp-content\/uploads\/2026\/01\/79ab1de1-346d-49fe-b72b-7adf2baab126-768x512.jpg 768w\" sizes=\"(max-width: 1024px) 100vw, 1024px\" \/><\/a><\/figure>\n\n\n\n<figure class=\"wp-block-image size-large\"><a href=\"https:\/\/www.bobergsstuteri.se\/wp-content\/uploads\/2026\/01\/Remington-Ericsbergs-slott-3ar-1.jpg\"><img decoding=\"async\" loading=\"lazy\" width=\"600\" height=\"444\" src=\"https:\/\/www.bobergsstuteri.se\/wp-content\/uploads\/2026\/01\/Remington-Ericsbergs-slott-3ar-1.jpg\" alt=\"\" class=\"wp-image-4324\" srcset=\"http:\/\/www.bobergsstuteri.se\/wp-content\/uploads\/2026\/01\/Remington-Ericsbergs-slott-3ar-1.jpg 600w, http:\/\/www.bobergsstuteri.se\/wp-content\/uploads\/2026\/01\/Remington-Ericsbergs-slott-3ar-1-300x222.jpg 300w\" sizes=\"(max-width: 600px) 100vw, 600px\" \/><\/a><\/figure>\n<\/figure>\n<\/div><\/div>\n\n\n\n<figure class=\"is-layout-flex wp-block-gallery-6 wp-block-gallery has-nested-images columns-default is-cropped\">\n<figure class=\"wp-block-image size-large\"><a href=\"https:\/\/www.bobergsstuteri.se\/wp-content\/uploads\/2026\/01\/c705879a-7500-4a51-8710-3876ebb58e87-1.jpg\"><img decoding=\"async\" loading=\"lazy\" width=\"1024\" height=\"682\" data-id=\"4329\"  src=\"https:\/\/www.bobergsstuteri.se\/wp-content\/uploads\/2026\/01\/c705879a-7500-4a51-8710-3876ebb58e87-1.jpg\" alt=\"\" class=\"wp-image-4329\" srcset=\"http:\/\/www.bobergsstuteri.se\/wp-content\/uploads\/2026\/01\/c705879a-7500-4a51-8710-3876ebb58e87-1.jpg 1024w, http:\/\/www.bobergsstuteri.se\/wp-content\/uploads\/2026\/01\/c705879a-7500-4a51-8710-3876ebb58e87-1-300x200.jpg 300w, http:\/\/www.bobergsstuteri.se\/wp-content\/uploads\/2026\/01\/c705879a-7500-4a51-8710-3876ebb58e87-1-768x512.jpg 768w\" sizes=\"(max-width: 1024px) 100vw, 1024px\" \/><\/a><figcaption class=\"wp-element-caption\">Bobergs Norine RS 7872, diplom, SUCH<\/figcaption><\/figure>\n<\/figure>\n\n\n\n<figure class=\"wp-block-image size-large\"><a href=\"http:\/\/www.bobergsstuteri.se\/wp-content\/uploads\/2019\/04\/IMG_49811.jpg\"><img decoding=\"async\" loading=\"lazy\" width=\"1024\" height=\"936\" src=\"http:\/\/www.bobergsstuteri.se\/wp-content\/uploads\/2019\/04\/IMG_49811-1024x936.jpg\" alt=\"\" class=\"wp-image-2997\" srcset=\"http:\/\/www.bobergsstuteri.se\/wp-content\/uploads\/2019\/04\/IMG_49811-1024x936.jpg 1024w, http:\/\/www.bobergsstuteri.se\/wp-content\/uploads\/2019\/04\/IMG_49811-300x274.jpg 300w, http:\/\/www.bobergsstuteri.se\/wp-content\/uploads\/2019\/04\/IMG_49811-768x702.jpg 768w\" sizes=\"(max-width: 1024px) 100vw, 1024px\" \/><\/a><figcaption class=\"wp-element-caption\">Pappa Jimmy vd Apoloniahoeve RS 818 SUCH, BIS<\/figcaption><\/figure>\n","protected":false},"excerpt":{"rendered":"<p>Bobergs Remington Isb, hingst, f 2021 e: Jimmy v.d. Apoloniahoeve RS 818 ( Shandy v. Bromishet \u2013 Elite v.d. Bosrand) Bobergs Norine RS 7872 SUCH, Dpl Sk\u00e4pper\u00f6ds Rex 381 &#8211; Lindsay vd Dennenhoeve RS 7330 ELIT Om Remington: Godk\u00e4nd hingst &hellip; <a href=\"http:\/\/www.bobergsstuteri.se\/?page_id=3481\">Forts\u00e4tt l\u00e4sa <span class=\"meta-nav\">&rarr;<\/span><\/a><\/p>\n","protected":false},"author":2,"featured_media":0,"parent":1834,"menu_order":0,"comment_status":"closed","ping_status":"closed","template":"","meta":[],"_links":{"self":[{"href":"http:\/\/www.bobergsstuteri.se\/index.php?rest_route=\/wp\/v2\/pages\/3481"}],"collection":[{"href":"http:\/\/www.bobergsstuteri.se\/index.php?rest_route=\/wp\/v2\/pages"}],"about":[{"href":"http:\/\/www.bobergsstuteri.se\/index.php?rest_route=\/wp\/v2\/types\/page"}],"author":[{"embeddable":true,"href":"http:\/\/www.bobergsstuteri.se\/index.php?rest_route=\/wp\/v2\/users\/2"}],"replies":[{"embeddable":true,"href":"http:\/\/www.bobergsstuteri.se\/index.php?rest_route=%2Fwp%2Fv2%2Fcomments&post=3481"}],"version-history":[{"count":20,"href":"http:\/\/www.bobergsstuteri.se\/index.php?rest_route=\/wp\/v2\/pages\/3481\/revisions"}],"predecessor-version":[{"id":4331,"href":"http:\/\/www.bobergsstuteri.se\/index.php?rest_route=\/wp\/v2\/pages\/3481\/revisions\/4331"}],"up":[{"embeddable":true,"href":"http:\/\/www.bobergsstuteri.se\/index.php?rest_route=\/wp\/v2\/pages\/1834"}],"wp:attachment":[{"href":"http:\/\/www.bobergsstuteri.se\/index.php?rest_route=%2Fwp%2Fv2%2Fmedia&parent=3481"}],"curies":[{"name":"wp","href":"https:\/\/api.w.org\/{rel}","templated":true}]}}