{"id":3736,"date":"2022-12-03T21:08:06","date_gmt":"2022-12-03T20:08:06","guid":{"rendered":"http:\/\/www.bobergsstuteri.se\/?page_id=3736"},"modified":"2023-04-25T20:46:31","modified_gmt":"2023-04-25T18:46:31","slug":"richard-freddy","status":"publish","type":"page","link":"http:\/\/www.bobergsstuteri.se\/?page_id=3736","title":{"rendered":"RICHARD (FREDDY)"},"content":{"rendered":"\n<figure class=\"is-layout-flex wp-block-gallery-1 wp-block-gallery has-nested-images columns-default is-cropped\">\n<figure class=\"wp-block-image size-large\"><a href=\"http:\/\/www.bobergsstuteri.se\/wp-content\/uploads\/2022\/12\/Ellen-Gunnarson-5-scaled.jpg\"><img decoding=\"async\" loading=\"lazy\" width=\"1024\" height=\"678\" data-id=\"3739\"  src=\"http:\/\/www.bobergsstuteri.se\/wp-content\/uploads\/2022\/12\/Ellen-Gunnarson-5-1024x678.jpg\" alt=\"\" class=\"wp-image-3739\" srcset=\"http:\/\/www.bobergsstuteri.se\/wp-content\/uploads\/2022\/12\/Ellen-Gunnarson-5-1024x678.jpg 1024w, http:\/\/www.bobergsstuteri.se\/wp-content\/uploads\/2022\/12\/Ellen-Gunnarson-5-300x199.jpg 300w, http:\/\/www.bobergsstuteri.se\/wp-content\/uploads\/2022\/12\/Ellen-Gunnarson-5-768x509.jpg 768w, http:\/\/www.bobergsstuteri.se\/wp-content\/uploads\/2022\/12\/Ellen-Gunnarson-5-1536x1017.jpg 1536w, http:\/\/www.bobergsstuteri.se\/wp-content\/uploads\/2022\/12\/Ellen-Gunnarson-5-2048x1356.jpg 2048w\" sizes=\"(max-width: 1024px) 100vw, 1024px\" \/><\/a><\/figure>\n<\/figure>\n\n\n\n<p>Om Freddy:<\/p>\n\n\n\n<p>V\u00e5ren 2022 var det dags att b\u00f6rja leta efter st\u00f6rre ponny till Ellen. Vi beh\u00f6vde inte leta s\u00e5 l\u00e4nge, han stod i stort sett n\u00e4stg\u00e5rds. B\u00e4ttre kunde det inte blivit! Vilken h\u00e4st han \u00e4r Freddy, s\u00e5 okomplicerad p\u00e5 alla s\u00e4tt. Bra i hagen med shetlandsponnyerna, bra att rida ut p\u00e5 och p\u00e5 t\u00e4vling &#8211; en stj\u00e4rna! Ellen har utvecklats enormt i sin ridning sedan Freddy kom till oss. Freddy \u00e4r erfaren p\u00e5 t\u00e4vlingsbanorna, 19 \u00e5r ung, fram\u00e5t, ambiti\u00f6s och otroligt sn\u00e4ll &#8211; en klippa helt enkelt!<\/p>\n\n\n\n<figure class=\"is-layout-flex wp-block-gallery-3 wp-block-gallery has-nested-images columns-default is-cropped\">\n<figure class=\"wp-block-image size-large\"><a href=\"http:\/\/www.bobergsstuteri.se\/wp-content\/uploads\/2022\/12\/Ellen-Gunnarson-5-1-scaled.jpg\"><img decoding=\"async\" loading=\"lazy\" width=\"1024\" height=\"678\" data-id=\"3741\"  src=\"http:\/\/www.bobergsstuteri.se\/wp-content\/uploads\/2022\/12\/Ellen-Gunnarson-5-1-1024x678.jpg\" alt=\"\" class=\"wp-image-3741\" srcset=\"http:\/\/www.bobergsstuteri.se\/wp-content\/uploads\/2022\/12\/Ellen-Gunnarson-5-1-1024x678.jpg 1024w, http:\/\/www.bobergsstuteri.se\/wp-content\/uploads\/2022\/12\/Ellen-Gunnarson-5-1-300x199.jpg 300w, http:\/\/www.bobergsstuteri.se\/wp-content\/uploads\/2022\/12\/Ellen-Gunnarson-5-1-768x509.jpg 768w, http:\/\/www.bobergsstuteri.se\/wp-content\/uploads\/2022\/12\/Ellen-Gunnarson-5-1-1536x1017.jpg 1536w, http:\/\/www.bobergsstuteri.se\/wp-content\/uploads\/2022\/12\/Ellen-Gunnarson-5-1-2048x1356.jpg 2048w\" sizes=\"(max-width: 1024px) 100vw, 1024px\" \/><\/a><\/figure>\n\n\n\n<figure class=\"wp-block-image size-large\"><a href=\"http:\/\/www.bobergsstuteri.se\/wp-content\/uploads\/2022\/12\/Ellen-Gunnarson-7-scaled.jpg\"><img decoding=\"async\" loading=\"lazy\" width=\"1024\" height=\"678\" data-id=\"3748\"  src=\"http:\/\/www.bobergsstuteri.se\/wp-content\/uploads\/2022\/12\/Ellen-Gunnarson-7-1024x678.jpg\" alt=\"\" class=\"wp-image-3748\" srcset=\"http:\/\/www.bobergsstuteri.se\/wp-content\/uploads\/2022\/12\/Ellen-Gunnarson-7-1024x678.jpg 1024w, http:\/\/www.bobergsstuteri.se\/wp-content\/uploads\/2022\/12\/Ellen-Gunnarson-7-300x199.jpg 300w, http:\/\/www.bobergsstuteri.se\/wp-content\/uploads\/2022\/12\/Ellen-Gunnarson-7-768x509.jpg 768w, http:\/\/www.bobergsstuteri.se\/wp-content\/uploads\/2022\/12\/Ellen-Gunnarson-7-1536x1018.jpg 1536w, http:\/\/www.bobergsstuteri.se\/wp-content\/uploads\/2022\/12\/Ellen-Gunnarson-7-2048x1357.jpg 2048w\" sizes=\"(max-width: 1024px) 100vw, 1024px\" \/><\/a><\/figure>\n\n\n\n<figure class=\"wp-block-image size-large\"><a href=\"http:\/\/www.bobergsstuteri.se\/wp-content\/uploads\/2022\/12\/Ellen-Gunnarson-15-scaled.jpg\"><img decoding=\"async\" loading=\"lazy\" width=\"1024\" height=\"678\" data-id=\"3744\"  src=\"http:\/\/www.bobergsstuteri.se\/wp-content\/uploads\/2022\/12\/Ellen-Gunnarson-15-1024x678.jpg\" alt=\"\" class=\"wp-image-3744\" srcset=\"http:\/\/www.bobergsstuteri.se\/wp-content\/uploads\/2022\/12\/Ellen-Gunnarson-15-1024x678.jpg 1024w, http:\/\/www.bobergsstuteri.se\/wp-content\/uploads\/2022\/12\/Ellen-Gunnarson-15-300x199.jpg 300w, http:\/\/www.bobergsstuteri.se\/wp-content\/uploads\/2022\/12\/Ellen-Gunnarson-15-768x509.jpg 768w, http:\/\/www.bobergsstuteri.se\/wp-content\/uploads\/2022\/12\/Ellen-Gunnarson-15-1536x1018.jpg 1536w, http:\/\/www.bobergsstuteri.se\/wp-content\/uploads\/2022\/12\/Ellen-Gunnarson-15-2048x1357.jpg 2048w\" sizes=\"(max-width: 1024px) 100vw, 1024px\" \/><\/a><\/figure>\n\n\n\n<figure class=\"wp-block-image size-large\"><a href=\"http:\/\/www.bobergsstuteri.se\/wp-content\/uploads\/2022\/12\/Ellen-Gunnarson-12-scaled.jpg\"><img decoding=\"async\" loading=\"lazy\" width=\"1024\" height=\"678\" data-id=\"3743\"  src=\"http:\/\/www.bobergsstuteri.se\/wp-content\/uploads\/2022\/12\/Ellen-Gunnarson-12-1024x678.jpg\" alt=\"\" class=\"wp-image-3743\" srcset=\"http:\/\/www.bobergsstuteri.se\/wp-content\/uploads\/2022\/12\/Ellen-Gunnarson-12-1024x678.jpg 1024w, http:\/\/www.bobergsstuteri.se\/wp-content\/uploads\/2022\/12\/Ellen-Gunnarson-12-300x199.jpg 300w, http:\/\/www.bobergsstuteri.se\/wp-content\/uploads\/2022\/12\/Ellen-Gunnarson-12-768x509.jpg 768w, http:\/\/www.bobergsstuteri.se\/wp-content\/uploads\/2022\/12\/Ellen-Gunnarson-12-1536x1017.jpg 1536w, http:\/\/www.bobergsstuteri.se\/wp-content\/uploads\/2022\/12\/Ellen-Gunnarson-12-2048x1356.jpg 2048w\" sizes=\"(max-width: 1024px) 100vw, 1024px\" \/><\/a><\/figure>\n\n\n\n<figure class=\"wp-block-image size-large\"><a href=\"http:\/\/www.bobergsstuteri.se\/wp-content\/uploads\/2022\/12\/Ellen-Gunnarson-11-scaled.jpg\"><img decoding=\"async\" loading=\"lazy\" width=\"1024\" height=\"678\" data-id=\"3742\"  src=\"http:\/\/www.bobergsstuteri.se\/wp-content\/uploads\/2022\/12\/Ellen-Gunnarson-11-1024x678.jpg\" alt=\"\" class=\"wp-image-3742\" srcset=\"http:\/\/www.bobergsstuteri.se\/wp-content\/uploads\/2022\/12\/Ellen-Gunnarson-11-1024x678.jpg 1024w, http:\/\/www.bobergsstuteri.se\/wp-content\/uploads\/2022\/12\/Ellen-Gunnarson-11-300x199.jpg 300w, http:\/\/www.bobergsstuteri.se\/wp-content\/uploads\/2022\/12\/Ellen-Gunnarson-11-768x509.jpg 768w, http:\/\/www.bobergsstuteri.se\/wp-content\/uploads\/2022\/12\/Ellen-Gunnarson-11-1536x1017.jpg 1536w, http:\/\/www.bobergsstuteri.se\/wp-content\/uploads\/2022\/12\/Ellen-Gunnarson-11-2048x1356.jpg 2048w\" sizes=\"(max-width: 1024px) 100vw, 1024px\" \/><\/a><\/figure>\n\n\n\n<figure class=\"wp-block-image size-large\"><a href=\"http:\/\/www.bobergsstuteri.se\/wp-content\/uploads\/2022\/12\/Ellen-Gunnarson-22-scaled.jpg\"><img decoding=\"async\" loading=\"lazy\" width=\"1024\" height=\"678\" data-id=\"3746\"  src=\"http:\/\/www.bobergsstuteri.se\/wp-content\/uploads\/2022\/12\/Ellen-Gunnarson-22-1024x678.jpg\" alt=\"\" class=\"wp-image-3746\" srcset=\"http:\/\/www.bobergsstuteri.se\/wp-content\/uploads\/2022\/12\/Ellen-Gunnarson-22-1024x678.jpg 1024w, http:\/\/www.bobergsstuteri.se\/wp-content\/uploads\/2022\/12\/Ellen-Gunnarson-22-300x199.jpg 300w, http:\/\/www.bobergsstuteri.se\/wp-content\/uploads\/2022\/12\/Ellen-Gunnarson-22-768x509.jpg 768w, http:\/\/www.bobergsstuteri.se\/wp-content\/uploads\/2022\/12\/Ellen-Gunnarson-22-1536x1017.jpg 1536w, http:\/\/www.bobergsstuteri.se\/wp-content\/uploads\/2022\/12\/Ellen-Gunnarson-22-2048x1356.jpg 2048w\" sizes=\"(max-width: 1024px) 100vw, 1024px\" \/><\/a><\/figure>\n\n\n\n<figure class=\"wp-block-image size-large\"><a href=\"http:\/\/www.bobergsstuteri.se\/wp-content\/uploads\/2022\/12\/Ellen-Gunnarson-16-scaled.jpg\"><img decoding=\"async\" loading=\"lazy\" width=\"1024\" height=\"678\" data-id=\"3745\"  src=\"http:\/\/www.bobergsstuteri.se\/wp-content\/uploads\/2022\/12\/Ellen-Gunnarson-16-1024x678.jpg\" alt=\"\" class=\"wp-image-3745\" srcset=\"http:\/\/www.bobergsstuteri.se\/wp-content\/uploads\/2022\/12\/Ellen-Gunnarson-16-1024x678.jpg 1024w, http:\/\/www.bobergsstuteri.se\/wp-content\/uploads\/2022\/12\/Ellen-Gunnarson-16-300x199.jpg 300w, http:\/\/www.bobergsstuteri.se\/wp-content\/uploads\/2022\/12\/Ellen-Gunnarson-16-768x509.jpg 768w, http:\/\/www.bobergsstuteri.se\/wp-content\/uploads\/2022\/12\/Ellen-Gunnarson-16-1536x1017.jpg 1536w, http:\/\/www.bobergsstuteri.se\/wp-content\/uploads\/2022\/12\/Ellen-Gunnarson-16-2048x1356.jpg 2048w\" sizes=\"(max-width: 1024px) 100vw, 1024px\" \/><\/a><\/figure>\n\n\n\n<figure class=\"wp-block-image size-large\"><a href=\"http:\/\/www.bobergsstuteri.se\/wp-content\/uploads\/2022\/12\/Ellen-Gunnarson-4-scaled.jpg\"><img decoding=\"async\" loading=\"lazy\" width=\"1024\" height=\"678\" data-id=\"3740\"  src=\"http:\/\/www.bobergsstuteri.se\/wp-content\/uploads\/2022\/12\/Ellen-Gunnarson-4-1024x678.jpg\" alt=\"\" class=\"wp-image-3740\" srcset=\"http:\/\/www.bobergsstuteri.se\/wp-content\/uploads\/2022\/12\/Ellen-Gunnarson-4-1024x678.jpg 1024w, http:\/\/www.bobergsstuteri.se\/wp-content\/uploads\/2022\/12\/Ellen-Gunnarson-4-300x199.jpg 300w, http:\/\/www.bobergsstuteri.se\/wp-content\/uploads\/2022\/12\/Ellen-Gunnarson-4-768x509.jpg 768w, http:\/\/www.bobergsstuteri.se\/wp-content\/uploads\/2022\/12\/Ellen-Gunnarson-4-1536x1017.jpg 1536w, http:\/\/www.bobergsstuteri.se\/wp-content\/uploads\/2022\/12\/Ellen-Gunnarson-4-2048x1357.jpg 2048w\" sizes=\"(max-width: 1024px) 100vw, 1024px\" \/><\/a><\/figure>\n<\/figure>\n\n\n\n<figure class=\"is-layout-flex wp-block-gallery-5 wp-block-gallery has-nested-images columns-default is-cropped\">\n<figure class=\"wp-block-image size-large\"><a href=\"http:\/\/www.bobergsstuteri.se\/wp-content\/uploads\/2023\/01\/IMG_E1074.jpg\"><img decoding=\"async\" loading=\"lazy\" width=\"798\" height=\"511\" data-id=\"3810\"  src=\"http:\/\/www.bobergsstuteri.se\/wp-content\/uploads\/2023\/01\/IMG_E1074.jpg\" alt=\"\" class=\"wp-image-3810\" srcset=\"http:\/\/www.bobergsstuteri.se\/wp-content\/uploads\/2023\/01\/IMG_E1074.jpg 798w, http:\/\/www.bobergsstuteri.se\/wp-content\/uploads\/2023\/01\/IMG_E1074-300x192.jpg 300w, http:\/\/www.bobergsstuteri.se\/wp-content\/uploads\/2023\/01\/IMG_E1074-768x492.jpg 768w\" sizes=\"(max-width: 798px) 100vw, 798px\" \/><\/a><\/figure>\n<\/figure>\n","protected":false},"excerpt":{"rendered":"<p>Om Freddy: V\u00e5ren 2022 var det dags att b\u00f6rja leta efter st\u00f6rre ponny till Ellen. Vi beh\u00f6vde inte leta s\u00e5 l\u00e4nge, han stod i stort sett n\u00e4stg\u00e5rds. B\u00e4ttre kunde det inte blivit! Vilken h\u00e4st han \u00e4r Freddy, s\u00e5 okomplicerad p\u00e5 &hellip; <a href=\"http:\/\/www.bobergsstuteri.se\/?page_id=3736\">Forts\u00e4tt l\u00e4sa <span class=\"meta-nav\">&rarr;<\/span><\/a><\/p>\n","protected":false},"author":2,"featured_media":0,"parent":0,"menu_order":0,"comment_status":"closed","ping_status":"closed","template":"","meta":[],"_links":{"self":[{"href":"http:\/\/www.bobergsstuteri.se\/index.php?rest_route=\/wp\/v2\/pages\/3736"}],"collection":[{"href":"http:\/\/www.bobergsstuteri.se\/index.php?rest_route=\/wp\/v2\/pages"}],"about":[{"href":"http:\/\/www.bobergsstuteri.se\/index.php?rest_route=\/wp\/v2\/types\/page"}],"author":[{"embeddable":true,"href":"http:\/\/www.bobergsstuteri.se\/index.php?rest_route=\/wp\/v2\/users\/2"}],"replies":[{"embeddable":true,"href":"http:\/\/www.bobergsstuteri.se\/index.php?rest_route=%2Fwp%2Fv2%2Fcomments&post=3736"}],"version-history":[{"count":6,"href":"http:\/\/www.bobergsstuteri.se\/index.php?rest_route=\/wp\/v2\/pages\/3736\/revisions"}],"predecessor-version":[{"id":3921,"href":"http:\/\/www.bobergsstuteri.se\/index.php?rest_route=\/wp\/v2\/pages\/3736\/revisions\/3921"}],"wp:attachment":[{"href":"http:\/\/www.bobergsstuteri.se\/index.php?rest_route=%2Fwp%2Fv2%2Fmedia&parent=3736"}],"curies":[{"name":"wp","href":"https:\/\/api.w.org\/{rel}","templated":true}]}}