{"id":3759,"date":"2022-12-03T22:14:23","date_gmt":"2022-12-03T21:14:23","guid":{"rendered":"http:\/\/www.bobergsstuteri.se\/?page_id=3759"},"modified":"2025-07-21T21:25:17","modified_gmt":"2025-07-21T19:25:17","slug":"ekskogens-pride","status":"publish","type":"page","link":"http:\/\/www.bobergsstuteri.se\/?page_id=3759","title":{"rendered":"Ekskogens Pride"},"content":{"rendered":"\n<p class=\"has-text-align-center\"><a href=\"http:\/\/www.shetlandsponnyn.se\/Stambok\/Visa3Led.aspx?Nr1=539060\" data-type=\"URL\" data-id=\"http:\/\/www.shetlandsponnyn.se\/Stambok\/Visa3Led.aspx?Nr1=539060\">Ekskogens Pride<\/a><\/p>\n\n\n\n<figure class=\"wp-block-image size-large\"><a href=\"http:\/\/www.bobergsstuteri.se\/wp-content\/uploads\/2022\/12\/Pride-scaled.jpg\"><img decoding=\"async\" loading=\"lazy\" width=\"768\" height=\"1024\" src=\"http:\/\/www.bobergsstuteri.se\/wp-content\/uploads\/2022\/12\/Pride-768x1024.jpg\" alt=\"\" class=\"wp-image-3762\" srcset=\"http:\/\/www.bobergsstuteri.se\/wp-content\/uploads\/2022\/12\/Pride-768x1024.jpg 768w, http:\/\/www.bobergsstuteri.se\/wp-content\/uploads\/2022\/12\/Pride-225x300.jpg 225w, http:\/\/www.bobergsstuteri.se\/wp-content\/uploads\/2022\/12\/Pride-1152x1536.jpg 1152w, http:\/\/www.bobergsstuteri.se\/wp-content\/uploads\/2022\/12\/Pride-1536x2048.jpg 1536w, http:\/\/www.bobergsstuteri.se\/wp-content\/uploads\/2022\/12\/Pride-scaled.jpg 1920w\" sizes=\"(max-width: 768px) 100vw, 768px\" \/><\/a><\/figure>\n\n\n\n<p class=\"has-text-align-center\">Sv m. stj\u00e4rn, valack, f-21, ca 100 cm<\/p>\n\n\n\n<p class=\"has-text-align-center\">e: Verano Lee v.d. Zandkamp RS 639<\/p>\n\n\n\n<p class=\"has-text-align-center\">&nbsp;&nbsp;( Pybe v.st. de Toekomst &#8211; Nora Lee v.d. Zandkamp)<\/p>\n\n\n\n<p class=\"has-text-align-center\">u: Ekskogens Pandora RS 5938<\/p>\n\n\n\n<p class=\"has-text-align-center\">(Furun\u00e4s Bonzo RS 269 &#8211; Ekskogens Pikach\u00fa RS 4961  )<\/p>\n\n\n\n<p>Om Pride: Pride k\u00f6ptes in v\u00e5ren 2022, jag har haft tanken att skaffa en yngre individ f\u00f6r att s\u00e4tta i par med Indigo n\u00e4r Buster g\u00e5r i pension. N\u00e4r jag blev erbjuden Pride s\u00e5 slog jag till, Det hade g\u00e5tt \u00f6ver 20 \u00e5r sedan jag k\u00f6pte en &#8221;Ekskogen-ponny&#8221; s\u00e5 det var liksom dags igen \ud83d\ude09 <\/p>\n\n\n\n<p>Sommaren 2022 gick han p\u00e5 bete med de andra unghingstarna och i vintras fick han &#8221;b\u00f6rja skolan s\u00e5 sm\u00e5tt&#8221;. Han har lite f\u00f6rsiktigt blivit longerad och t\u00f6mk\u00f6rning \u00e4r p\u00e5b\u00f6rjad. Hans peronlighet visar att han kommer passa fint som k\u00f6rh\u00e4st. <\/p>\n\n\n\n<p><\/p>\n","protected":false},"excerpt":{"rendered":"<p>Ekskogens Pride Sv m. stj\u00e4rn, valack, f-21, ca 100 cm e: Verano Lee v.d. Zandkamp RS 639 &nbsp;&nbsp;( Pybe v.st. de Toekomst &#8211; Nora Lee v.d. Zandkamp) u: Ekskogens Pandora RS 5938 (Furun\u00e4s Bonzo RS 269 &#8211; Ekskogens Pikach\u00fa RS &hellip; <a href=\"http:\/\/www.bobergsstuteri.se\/?page_id=3759\">Forts\u00e4tt l\u00e4sa <span class=\"meta-nav\">&rarr;<\/span><\/a><\/p>\n","protected":false},"author":2,"featured_media":0,"parent":4265,"menu_order":0,"comment_status":"closed","ping_status":"closed","template":"","meta":[],"_links":{"self":[{"href":"http:\/\/www.bobergsstuteri.se\/index.php?rest_route=\/wp\/v2\/pages\/3759"}],"collection":[{"href":"http:\/\/www.bobergsstuteri.se\/index.php?rest_route=\/wp\/v2\/pages"}],"about":[{"href":"http:\/\/www.bobergsstuteri.se\/index.php?rest_route=\/wp\/v2\/types\/page"}],"author":[{"embeddable":true,"href":"http:\/\/www.bobergsstuteri.se\/index.php?rest_route=\/wp\/v2\/users\/2"}],"replies":[{"embeddable":true,"href":"http:\/\/www.bobergsstuteri.se\/index.php?rest_route=%2Fwp%2Fv2%2Fcomments&post=3759"}],"version-history":[{"count":12,"href":"http:\/\/www.bobergsstuteri.se\/index.php?rest_route=\/wp\/v2\/pages\/3759\/revisions"}],"predecessor-version":[{"id":4037,"href":"http:\/\/www.bobergsstuteri.se\/index.php?rest_route=\/wp\/v2\/pages\/3759\/revisions\/4037"}],"up":[{"embeddable":true,"href":"http:\/\/www.bobergsstuteri.se\/index.php?rest_route=\/wp\/v2\/pages\/4265"}],"wp:attachment":[{"href":"http:\/\/www.bobergsstuteri.se\/index.php?rest_route=%2Fwp%2Fv2%2Fmedia&parent=3759"}],"curies":[{"name":"wp","href":"https:\/\/api.w.org\/{rel}","templated":true}]}}