{"id":3790,"date":"2022-12-13T10:46:38","date_gmt":"2022-12-13T09:46:38","guid":{"rendered":"http:\/\/www.bobergsstuteri.se\/?page_id=3790"},"modified":"2025-12-02T19:27:58","modified_gmt":"2025-12-02T18:27:58","slug":"bobergs-svea","status":"publish","type":"page","link":"http:\/\/www.bobergsstuteri.se\/?page_id=3790","title":{"rendered":"Bobergs Svea RS 8700 *Till Salu!*"},"content":{"rendered":"\n<p><strong><a href=\"https:\/\/www.shetlandsponnyn.se\/Stambok\/Visa3Led.aspx?Nr1=548060\" data-type=\"URL\" data-id=\"https:\/\/www.shetlandsponnyn.se\/Stambok\/Visa3Led.aspx?Nr1=548060\">Bobergs Svea<\/a><\/strong><\/p>\n\n\n\n<figure class=\"wp-block-image size-full\"><a href=\"https:\/\/www.bobergsstuteri.se\/wp-content\/uploads\/2025\/12\/3b450a8c-5e80-43b4-b019-d856e3d2c3a2.jpg\"><img decoding=\"async\" loading=\"lazy\" width=\"1024\" height=\"768\" src=\"https:\/\/www.bobergsstuteri.se\/wp-content\/uploads\/2025\/12\/3b450a8c-5e80-43b4-b019-d856e3d2c3a2.jpg\" alt=\"\" class=\"wp-image-4304\" srcset=\"http:\/\/www.bobergsstuteri.se\/wp-content\/uploads\/2025\/12\/3b450a8c-5e80-43b4-b019-d856e3d2c3a2.jpg 1024w, http:\/\/www.bobergsstuteri.se\/wp-content\/uploads\/2025\/12\/3b450a8c-5e80-43b4-b019-d856e3d2c3a2-300x225.jpg 300w, http:\/\/www.bobergsstuteri.se\/wp-content\/uploads\/2025\/12\/3b450a8c-5e80-43b4-b019-d856e3d2c3a2-768x576.jpg 768w\" sizes=\"(max-width: 1024px) 100vw, 1024px\" \/><\/a><\/figure>\n\n\n\n<p class=\"has-text-align-center\">Rsk, sto, f 2022, 80cm i mkh, diplom, utst\u00e4lld m. flera guld <\/p>\n\n\n\n<p><\/p>\n\n\n\n<p class=\"has-text-align-center\">e:<a href=\"https:\/\/www.bobergsstuteri.se\/?page_id=1510\" data-type=\"page\" data-id=\"1510\"> Bobergs Limerick RS 776<\/a><\/p>\n\n\n\n<p class=\"has-text-align-center\">Sk\u00e4pper\u00f6ds Rex RS 381 \u2013 <a href=\"https:\/\/www.bobergsstuteri.se\/?page_id=3068\" data-type=\"page\" data-id=\"3068\">The Rose RS 7353 ELIT<\/a><\/p>\n\n\n\n<p class=\"has-text-align-center\">u: <a href=\"https:\/\/www.bobergsstuteri.se\/?page_id=1581\" data-type=\"page\" data-id=\"1581\">Ginger v.h. Duurschenbosch RS 7379 SUPER- SUCH<\/a><\/p>\n\n\n\n<p class=\"has-text-align-center\">( Sander v.d Hoefslag \u2013 Lindsay v.d. Dennenhoeve RS 7330 SUCH, ELIT<\/p>\n\n\n\n<p><\/p>\n\n\n\n<p>Om Svea: Ett litet toppensto! V\u00e4<\/p>\n\n\n\n<p>V\u00e4ldigt trevlig att hantera! Hennes pappa har blivit BIS p\u00e5 46p, SUCH och flerfaldig Champion, s\u00e4rskilt fin trav! N\u00e5got som f\u00f6renar hans avkommor. Mamman \u00e4r inte d\u00e5lig hon heller, BIS \u00e4ven hon, 2ggr till och med och ett R-BIS, SUPER-SUCH, Mormor \u00e4r Elitpremierad. <\/p>\n\n\n\n<figure class=\"wp-block-image size-large\"><a href=\"http:\/\/www.bobergsstuteri.se\/wp-content\/uploads\/2024\/03\/IMG_1300-scaled.jpg\"><img decoding=\"async\" loading=\"lazy\" width=\"1024\" height=\"768\" src=\"http:\/\/www.bobergsstuteri.se\/wp-content\/uploads\/2024\/03\/IMG_1300-1024x768.jpg\" alt=\"\" class=\"wp-image-4089\" srcset=\"http:\/\/www.bobergsstuteri.se\/wp-content\/uploads\/2024\/03\/IMG_1300-1024x768.jpg 1024w, http:\/\/www.bobergsstuteri.se\/wp-content\/uploads\/2024\/03\/IMG_1300-300x225.jpg 300w, http:\/\/www.bobergsstuteri.se\/wp-content\/uploads\/2024\/03\/IMG_1300-768x576.jpg 768w, http:\/\/www.bobergsstuteri.se\/wp-content\/uploads\/2024\/03\/IMG_1300-1536x1152.jpg 1536w, http:\/\/www.bobergsstuteri.se\/wp-content\/uploads\/2024\/03\/IMG_1300-2048x1536.jpg 2048w\" sizes=\"(max-width: 1024px) 100vw, 1024px\" \/><\/a><\/figure>\n","protected":false},"excerpt":{"rendered":"<p>Bobergs Svea Rsk, sto, f 2022, 80cm i mkh, diplom, utst\u00e4lld m. flera guld e: Bobergs Limerick RS 776 Sk\u00e4pper\u00f6ds Rex RS 381 \u2013 The Rose RS 7353 ELIT u: Ginger v.h. Duurschenbosch RS 7379 SUPER- SUCH ( Sander v.d &hellip; <a href=\"http:\/\/www.bobergsstuteri.se\/?page_id=3790\">Forts\u00e4tt l\u00e4sa <span class=\"meta-nav\">&rarr;<\/span><\/a><\/p>\n","protected":false},"author":2,"featured_media":0,"parent":20,"menu_order":0,"comment_status":"closed","ping_status":"closed","template":"","meta":[],"_links":{"self":[{"href":"http:\/\/www.bobergsstuteri.se\/index.php?rest_route=\/wp\/v2\/pages\/3790"}],"collection":[{"href":"http:\/\/www.bobergsstuteri.se\/index.php?rest_route=\/wp\/v2\/pages"}],"about":[{"href":"http:\/\/www.bobergsstuteri.se\/index.php?rest_route=\/wp\/v2\/types\/page"}],"author":[{"embeddable":true,"href":"http:\/\/www.bobergsstuteri.se\/index.php?rest_route=\/wp\/v2\/users\/2"}],"replies":[{"embeddable":true,"href":"http:\/\/www.bobergsstuteri.se\/index.php?rest_route=%2Fwp%2Fv2%2Fcomments&post=3790"}],"version-history":[{"count":15,"href":"http:\/\/www.bobergsstuteri.se\/index.php?rest_route=\/wp\/v2\/pages\/3790\/revisions"}],"predecessor-version":[{"id":4306,"href":"http:\/\/www.bobergsstuteri.se\/index.php?rest_route=\/wp\/v2\/pages\/3790\/revisions\/4306"}],"up":[{"embeddable":true,"href":"http:\/\/www.bobergsstuteri.se\/index.php?rest_route=\/wp\/v2\/pages\/20"}],"wp:attachment":[{"href":"http:\/\/www.bobergsstuteri.se\/index.php?rest_route=%2Fwp%2Fv2%2Fmedia&parent=3790"}],"curies":[{"name":"wp","href":"https:\/\/api.w.org\/{rel}","templated":true}]}}