{"id":4255,"date":"2025-07-21T20:55:04","date_gmt":"2025-07-21T18:55:04","guid":{"rendered":"https:\/\/www.bobergsstuteri.se\/?page_id=4255"},"modified":"2025-07-21T20:55:30","modified_gmt":"2025-07-21T18:55:30","slug":"bobergs-winter","status":"publish","type":"page","link":"http:\/\/www.bobergsstuteri.se\/?page_id=4255","title":{"rendered":"Bobergs Winter"},"content":{"rendered":"\n<p><\/p>\n\n\n\n<p class=\"has-text-align-center\">Skimmel (f. Brunskimmel, vhip), Hingst, f. 2025<\/p>\n\n\n\n<p><\/p>\n\n\n\n<p class=\"has-text-align-center\">e: O&#8217;brian af J\u00e4boruder RS 936 G<\/p>\n\n\n\n<p class=\"has-text-align-center\">( Viper af J\u00e4boruder RS 633 SUCH &#8211; Hermine af J\u00e4boruder RS 7999 G)<\/p>\n\n\n\n<p class=\"has-text-align-center\">u: Bobergs Hwita RS 7472<\/p>\n\n\n\n<p class=\"has-text-align-center\">(Pajazzo di Leva RS 568 BIS &#8211; K\u00e4rlingehults Dolly RS 6460 SUCH A)<\/p>\n","protected":false},"excerpt":{"rendered":"<p>Skimmel (f. Brunskimmel, vhip), Hingst, f. 2025 e: O&#8217;brian af J\u00e4boruder RS 936 G ( Viper af J\u00e4boruder RS 633 SUCH &#8211; Hermine af J\u00e4boruder RS 7999 G) u: Bobergs Hwita RS 7472 (Pajazzo di Leva RS 568 BIS &#8211; &hellip; <a href=\"http:\/\/www.bobergsstuteri.se\/?page_id=4255\">Forts\u00e4tt l\u00e4sa <span class=\"meta-nav\">&rarr;<\/span><\/a><\/p>\n","protected":false},"author":2,"featured_media":0,"parent":4249,"menu_order":0,"comment_status":"closed","ping_status":"closed","template":"","meta":[],"_links":{"self":[{"href":"http:\/\/www.bobergsstuteri.se\/index.php?rest_route=\/wp\/v2\/pages\/4255"}],"collection":[{"href":"http:\/\/www.bobergsstuteri.se\/index.php?rest_route=\/wp\/v2\/pages"}],"about":[{"href":"http:\/\/www.bobergsstuteri.se\/index.php?rest_route=\/wp\/v2\/types\/page"}],"author":[{"embeddable":true,"href":"http:\/\/www.bobergsstuteri.se\/index.php?rest_route=\/wp\/v2\/users\/2"}],"replies":[{"embeddable":true,"href":"http:\/\/www.bobergsstuteri.se\/index.php?rest_route=%2Fwp%2Fv2%2Fcomments&post=4255"}],"version-history":[{"count":1,"href":"http:\/\/www.bobergsstuteri.se\/index.php?rest_route=\/wp\/v2\/pages\/4255\/revisions"}],"predecessor-version":[{"id":4256,"href":"http:\/\/www.bobergsstuteri.se\/index.php?rest_route=\/wp\/v2\/pages\/4255\/revisions\/4256"}],"up":[{"embeddable":true,"href":"http:\/\/www.bobergsstuteri.se\/index.php?rest_route=\/wp\/v2\/pages\/4249"}],"wp:attachment":[{"href":"http:\/\/www.bobergsstuteri.se\/index.php?rest_route=%2Fwp%2Fv2%2Fmedia&parent=4255"}],"curies":[{"name":"wp","href":"https:\/\/api.w.org\/{rel}","templated":true}]}}