{"id":4273,"date":"2025-07-21T21:38:55","date_gmt":"2025-07-21T19:38:55","guid":{"rendered":"https:\/\/www.bobergsstuteri.se\/?page_id=4273"},"modified":"2025-07-21T21:38:55","modified_gmt":"2025-07-21T19:38:55","slug":"spartacus-af-jaboruder","status":"publish","type":"page","link":"http:\/\/www.bobergsstuteri.se\/?page_id=4273","title":{"rendered":"Spartacus af J\u00e4boruder"},"content":{"rendered":"\n<p><\/p>\n\n\n\n<p><\/p>\n\n\n\n<p>Sv, Valack, f. 2023<\/p>\n\n\n\n<p class=\"has-text-align-center\">e: Skippy v Geldersoord RS 728<\/p>\n\n\n\n<p class=\"has-text-align-center\">(Newton v Dorpzicht &#8211; Margo v Geldersoord)<\/p>\n\n\n\n<p class=\"has-text-align-center\">u: Gwendolyn af J\u00e4boruder RS 7546<\/p>\n\n\n\n<p class=\"has-text-align-center\">(Black Boy af J\u00e4boruder RS 609 BIS G1 &#8211; Shakra af J\u00e4boruder RS 5643 SUCH ELIT)<\/p>\n","protected":false},"excerpt":{"rendered":"<p>Sv, Valack, f. 2023 e: Skippy v Geldersoord RS 728 (Newton v Dorpzicht &#8211; Margo v Geldersoord) u: Gwendolyn af J\u00e4boruder RS 7546 (Black Boy af J\u00e4boruder RS 609 BIS G1 &#8211; Shakra af J\u00e4boruder RS 5643 SUCH ELIT)<\/p>\n","protected":false},"author":2,"featured_media":0,"parent":4265,"menu_order":0,"comment_status":"closed","ping_status":"closed","template":"","meta":[],"_links":{"self":[{"href":"http:\/\/www.bobergsstuteri.se\/index.php?rest_route=\/wp\/v2\/pages\/4273"}],"collection":[{"href":"http:\/\/www.bobergsstuteri.se\/index.php?rest_route=\/wp\/v2\/pages"}],"about":[{"href":"http:\/\/www.bobergsstuteri.se\/index.php?rest_route=\/wp\/v2\/types\/page"}],"author":[{"embeddable":true,"href":"http:\/\/www.bobergsstuteri.se\/index.php?rest_route=\/wp\/v2\/users\/2"}],"replies":[{"embeddable":true,"href":"http:\/\/www.bobergsstuteri.se\/index.php?rest_route=%2Fwp%2Fv2%2Fcomments&post=4273"}],"version-history":[{"count":1,"href":"http:\/\/www.bobergsstuteri.se\/index.php?rest_route=\/wp\/v2\/pages\/4273\/revisions"}],"predecessor-version":[{"id":4274,"href":"http:\/\/www.bobergsstuteri.se\/index.php?rest_route=\/wp\/v2\/pages\/4273\/revisions\/4274"}],"up":[{"embeddable":true,"href":"http:\/\/www.bobergsstuteri.se\/index.php?rest_route=\/wp\/v2\/pages\/4265"}],"wp:attachment":[{"href":"http:\/\/www.bobergsstuteri.se\/index.php?rest_route=%2Fwp%2Fv2%2Fmedia&parent=4273"}],"curies":[{"name":"wp","href":"https:\/\/api.w.org\/{rel}","templated":true}]}}