{"id":2,"date":"2012-12-29T13:55:01","date_gmt":"2012-12-29T12:55:01","guid":{"rendered":"http:\/\/bobergsstuteri.se.preview.citynetwork.se\/?page_id=2"},"modified":"2026-01-17T21:41:38","modified_gmt":"2026-01-17T20:41:38","slug":"exempelsida","status":"publish","type":"page","link":"https:\/\/www.bobergsstuteri.se\/","title":{"rendered":"V\u00e4lkomna till Bobergs Stuteri"},"content":{"rendered":"<p>\u00a0<\/p>\n<p>Stuteriet ligger bel\u00e4get p\u00e5 Boberg V\u00e4sterg\u00e5rd strax utanf\u00f6r Forn\u00e5sa i \u00d6sterg\u00f6tland. H\u00e4r f\u00f6der vi upp minishetlandsponnyer med bra exteri\u00f6r, trevligt lynne och de flesta f\u00e4rgerna finns representerade p\u00e5 stuteriet.<\/p>\n<p>H\u00e4starna \u00e4r v\u00e4lhanterade,\u00a0flera av dem\u00a0k\u00f6rs eller rids\u00a0regelbundet.\u00a0Samtliga avelsston \u00e4r premierade med klass 1 och\u00a0de\u00a0flesta \u00e4r flerfaldigt guldbel\u00f6nade p\u00e5 utst\u00e4llning samt innehar utm\u00e4rkelsen SUCH, Svensk utst\u00e4llningschampion.<\/p>\n<p>P\u00e5 hemsidan kan man ocks\u00e5 l\u00e4sa om \u00a0g\u00e5rdens f\u00e5rbes\u00e4ttning som best\u00e5r av Gotl\u00e4ndska p\u00e4lsf\u00e5r. Fr\u00e5n dessa kan man \u00a0k\u00f6pa lammk\u00f6tt och skinn. Bobergs\u00e4ppletr\u00e4det har ocks\u00e5 en egen sida. V\u00e4lkommen att titta runt!<\/p>\n<p>Om du vill bes\u00f6ka oss, maila eller ring g\u00e4rna f\u00f6r att boka en tid.<\/p>\n<p>\/\/ Jenny Gunnarson<\/p>\n<p><em>Senast uppd<\/em><em>aterad  2026-01-17<\/em><\/p>\n\n\n<p><\/p>\n\n\n\n<figure class=\"is-layout-flex wp-block-gallery-1 wp-block-gallery has-nested-images columns-default is-cropped\">\n<figure class=\"wp-block-image size-large\"><a href=\"http:\/\/www.bobergsstuteri.se\/wp-content\/uploads\/2023\/01\/IMG_1103-scaled.jpg\"><img decoding=\"async\" loading=\"lazy\" width=\"1024\" height=\"541\" data-id=\"3802\"  src=\"http:\/\/www.bobergsstuteri.se\/wp-content\/uploads\/2023\/01\/IMG_1103-1024x541.jpg\" alt=\"\" class=\"wp-image-3802\" srcset=\"https:\/\/www.bobergsstuteri.se\/wp-content\/uploads\/2023\/01\/IMG_1103-1024x541.jpg 1024w, https:\/\/www.bobergsstuteri.se\/wp-content\/uploads\/2023\/01\/IMG_1103-300x158.jpg 300w, https:\/\/www.bobergsstuteri.se\/wp-content\/uploads\/2023\/01\/IMG_1103-768x406.jpg 768w, https:\/\/www.bobergsstuteri.se\/wp-content\/uploads\/2023\/01\/IMG_1103-1536x811.jpg 1536w, https:\/\/www.bobergsstuteri.se\/wp-content\/uploads\/2023\/01\/IMG_1103-2048x1082.jpg 2048w\" sizes=\"(max-width: 1024px) 100vw, 1024px\" \/><\/a><\/figure>\n\n\n\n<figure class=\"wp-block-image size-large is-style-default\"><a href=\"http:\/\/www.bobergsstuteri.se\/wp-content\/uploads\/2022\/12\/Ellen-Gunnarson-5-scaled.jpg\"><img decoding=\"async\" loading=\"lazy\" width=\"1024\" height=\"678\" data-id=\"3739\"  src=\"http:\/\/www.bobergsstuteri.se\/wp-content\/uploads\/2022\/12\/Ellen-Gunnarson-5-1024x678.jpg\" alt=\"\" class=\"wp-image-3739\" srcset=\"https:\/\/www.bobergsstuteri.se\/wp-content\/uploads\/2022\/12\/Ellen-Gunnarson-5-1024x678.jpg 1024w, https:\/\/www.bobergsstuteri.se\/wp-content\/uploads\/2022\/12\/Ellen-Gunnarson-5-300x199.jpg 300w, https:\/\/www.bobergsstuteri.se\/wp-content\/uploads\/2022\/12\/Ellen-Gunnarson-5-768x509.jpg 768w, https:\/\/www.bobergsstuteri.se\/wp-content\/uploads\/2022\/12\/Ellen-Gunnarson-5-1536x1017.jpg 1536w, https:\/\/www.bobergsstuteri.se\/wp-content\/uploads\/2022\/12\/Ellen-Gunnarson-5-2048x1356.jpg 2048w\" sizes=\"(max-width: 1024px) 100vw, 1024px\" \/><\/a><\/figure>\n\n\n\n<figure class=\"wp-block-image size-large\"><a href=\"http:\/\/www.bobergsstuteri.se\/wp-content\/uploads\/2023\/01\/IMG_E1074.jpg\"><img decoding=\"async\" loading=\"lazy\" width=\"798\" height=\"511\" data-id=\"3810\"  src=\"http:\/\/www.bobergsstuteri.se\/wp-content\/uploads\/2023\/01\/IMG_E1074.jpg\" alt=\"\" class=\"wp-image-3810\" srcset=\"https:\/\/www.bobergsstuteri.se\/wp-content\/uploads\/2023\/01\/IMG_E1074.jpg 798w, https:\/\/www.bobergsstuteri.se\/wp-content\/uploads\/2023\/01\/IMG_E1074-300x192.jpg 300w, https:\/\/www.bobergsstuteri.se\/wp-content\/uploads\/2023\/01\/IMG_E1074-768x492.jpg 768w\" sizes=\"(max-width: 798px) 100vw, 798px\" \/><\/a><\/figure>\n\n\n\n<figure class=\"wp-block-image size-large\"><a href=\"http:\/\/www.bobergsstuteri.se\/wp-content\/uploads\/2022\/10\/290149491_5388961877827426_2130947040003725102_n.jpg\"><img decoding=\"async\" loading=\"lazy\" width=\"585\" height=\"540\" data-id=\"3720\"  src=\"http:\/\/www.bobergsstuteri.se\/wp-content\/uploads\/2022\/10\/290149491_5388961877827426_2130947040003725102_n.jpg\" alt=\"\" class=\"wp-image-3720\" srcset=\"https:\/\/www.bobergsstuteri.se\/wp-content\/uploads\/2022\/10\/290149491_5388961877827426_2130947040003725102_n.jpg 585w, https:\/\/www.bobergsstuteri.se\/wp-content\/uploads\/2022\/10\/290149491_5388961877827426_2130947040003725102_n-300x277.jpg 300w\" sizes=\"(max-width: 585px) 100vw, 585px\" \/><\/a><\/figure>\n\n\n\n<figure class=\"wp-block-image size-large\"><a href=\"http:\/\/www.bobergsstuteri.se\/wp-content\/uploads\/2022\/10\/290183270_5388963991160548_5267810276892611629_n-1-2.jpg\"><img decoding=\"async\" loading=\"lazy\" width=\"1024\" height=\"686\" data-id=\"3723\"  src=\"http:\/\/www.bobergsstuteri.se\/wp-content\/uploads\/2022\/10\/290183270_5388963991160548_5267810276892611629_n-1-2-1024x686.jpg\" alt=\"\" class=\"wp-image-3723\" srcset=\"https:\/\/www.bobergsstuteri.se\/wp-content\/uploads\/2022\/10\/290183270_5388963991160548_5267810276892611629_n-1-2-1024x686.jpg 1024w, https:\/\/www.bobergsstuteri.se\/wp-content\/uploads\/2022\/10\/290183270_5388963991160548_5267810276892611629_n-1-2-300x201.jpg 300w, https:\/\/www.bobergsstuteri.se\/wp-content\/uploads\/2022\/10\/290183270_5388963991160548_5267810276892611629_n-1-2-768x515.jpg 768w, https:\/\/www.bobergsstuteri.se\/wp-content\/uploads\/2022\/10\/290183270_5388963991160548_5267810276892611629_n-1-2.jpg 1091w\" sizes=\"(max-width: 1024px) 100vw, 1024px\" \/><\/a><\/figure>\n\n\n\n<figure class=\"wp-block-image size-large\"><a href=\"http:\/\/www.bobergsstuteri.se\/wp-content\/uploads\/2020\/05\/cropped-IMG_96091.jpg\"><img decoding=\"async\" loading=\"lazy\" width=\"940\" height=\"409\" data-id=\"3162\"  src=\"http:\/\/www.bobergsstuteri.se\/wp-content\/uploads\/2020\/05\/cropped-IMG_96091.jpg\" alt=\"\" class=\"wp-image-3162\" srcset=\"https:\/\/www.bobergsstuteri.se\/wp-content\/uploads\/2020\/05\/cropped-IMG_96091.jpg 940w, https:\/\/www.bobergsstuteri.se\/wp-content\/uploads\/2020\/05\/cropped-IMG_96091-300x131.jpg 300w, https:\/\/www.bobergsstuteri.se\/wp-content\/uploads\/2020\/05\/cropped-IMG_96091-768x334.jpg 768w\" sizes=\"(max-width: 940px) 100vw, 940px\" \/><\/a><\/figure>\n\n\n\n<figure class=\"wp-block-image size-large\"><a href=\"http:\/\/www.bobergsstuteri.se\/wp-content\/uploads\/2019\/04\/IMG_64271.jpg\"><img decoding=\"async\" loading=\"lazy\" width=\"800\" height=\"532\" data-id=\"3094\"  src=\"http:\/\/www.bobergsstuteri.se\/wp-content\/uploads\/2019\/04\/IMG_64271.jpg\" alt=\"\" class=\"wp-image-3094\" srcset=\"https:\/\/www.bobergsstuteri.se\/wp-content\/uploads\/2019\/04\/IMG_64271.jpg 800w, https:\/\/www.bobergsstuteri.se\/wp-content\/uploads\/2019\/04\/IMG_64271-300x200.jpg 300w, https:\/\/www.bobergsstuteri.se\/wp-content\/uploads\/2019\/04\/IMG_64271-768x511.jpg 768w\" sizes=\"(max-width: 800px) 100vw, 800px\" \/><\/a><figcaption class=\"wp-element-caption\">Ivan och Indigo<\/figcaption><\/figure>\n\n\n\n<figure class=\"wp-block-image size-large\"><a href=\"http:\/\/www.bobergsstuteri.se\/wp-content\/uploads\/2019\/04\/IMG_64481.jpg\"><img decoding=\"async\" loading=\"lazy\" width=\"800\" height=\"565\" data-id=\"3095\"  src=\"http:\/\/www.bobergsstuteri.se\/wp-content\/uploads\/2019\/04\/IMG_64481.jpg\" alt=\"\" class=\"wp-image-3095\" srcset=\"https:\/\/www.bobergsstuteri.se\/wp-content\/uploads\/2019\/04\/IMG_64481.jpg 800w, https:\/\/www.bobergsstuteri.se\/wp-content\/uploads\/2019\/04\/IMG_64481-300x212.jpg 300w, https:\/\/www.bobergsstuteri.se\/wp-content\/uploads\/2019\/04\/IMG_64481-768x542.jpg 768w\" sizes=\"(max-width: 800px) 100vw, 800px\" \/><\/a><figcaption class=\"wp-element-caption\">Ellen och Indigo<\/figcaption><\/figure>\n\n\n\n<figure class=\"wp-block-image size-large\"><a href=\"http:\/\/www.bobergsstuteri.se\/wp-content\/uploads\/2019\/04\/IMG_64361.jpg\"><img decoding=\"async\" loading=\"lazy\" width=\"800\" height=\"547\" data-id=\"3096\"  src=\"http:\/\/www.bobergsstuteri.se\/wp-content\/uploads\/2019\/04\/IMG_64361.jpg\" alt=\"\" class=\"wp-image-3096\" srcset=\"https:\/\/www.bobergsstuteri.se\/wp-content\/uploads\/2019\/04\/IMG_64361.jpg 800w, https:\/\/www.bobergsstuteri.se\/wp-content\/uploads\/2019\/04\/IMG_64361-300x205.jpg 300w, https:\/\/www.bobergsstuteri.se\/wp-content\/uploads\/2019\/04\/IMG_64361-768x525.jpg 768w\" sizes=\"(max-width: 800px) 100vw, 800px\" \/><\/a><figcaption class=\"wp-element-caption\">Ivan, Ellen och Indigo<\/figcaption><\/figure>\n\n\n\n<figure class=\"wp-block-image size-large\"><a href=\"http:\/\/www.bobergsstuteri.se\/wp-content\/uploads\/2012\/12\/IMG_E25431.jpg\"><img decoding=\"async\" loading=\"lazy\" width=\"1024\" height=\"977\" data-id=\"2933\"  src=\"http:\/\/www.bobergsstuteri.se\/wp-content\/uploads\/2012\/12\/IMG_E25431-1024x977.jpg\" alt=\"\" class=\"wp-image-2933\" srcset=\"https:\/\/www.bobergsstuteri.se\/wp-content\/uploads\/2012\/12\/IMG_E25431-1024x977.jpg 1024w, https:\/\/www.bobergsstuteri.se\/wp-content\/uploads\/2012\/12\/IMG_E25431-300x286.jpg 300w, https:\/\/www.bobergsstuteri.se\/wp-content\/uploads\/2012\/12\/IMG_E25431-768x733.jpg 768w, https:\/\/www.bobergsstuteri.se\/wp-content\/uploads\/2012\/12\/IMG_E25431.jpg 2005w\" sizes=\"(max-width: 1024px) 100vw, 1024px\" \/><\/a><figcaption class=\"wp-element-caption\">Limerick BIS!!!<\/figcaption><\/figure>\n\n\n\n<figure class=\"wp-block-image size-large\"><a href=\"http:\/\/www.bobergsstuteri.se\/wp-content\/uploads\/2015\/09\/IMG_48191.jpg\"><img decoding=\"async\" loading=\"lazy\" width=\"504\" height=\"700\" data-id=\"3007\"  src=\"http:\/\/www.bobergsstuteri.se\/wp-content\/uploads\/2015\/09\/IMG_48191.jpg\" alt=\"\" class=\"wp-image-3007\" srcset=\"https:\/\/www.bobergsstuteri.se\/wp-content\/uploads\/2015\/09\/IMG_48191.jpg 504w, https:\/\/www.bobergsstuteri.se\/wp-content\/uploads\/2015\/09\/IMG_48191-216x300.jpg 216w\" sizes=\"(max-width: 504px) 100vw, 504px\" \/><\/a><figcaption class=\"wp-element-caption\">98889 =42p G1<\/figcaption><\/figure>\n\n\n\n<figure class=\"wp-block-image size-large\"><a href=\"http:\/\/www.bobergsstuteri.se\/wp-content\/uploads\/2015\/09\/Limerick-champion.jpg\"><img decoding=\"async\" loading=\"lazy\" width=\"720\" height=\"960\" data-id=\"2769\"  src=\"http:\/\/www.bobergsstuteri.se\/wp-content\/uploads\/2015\/09\/Limerick-champion.jpg\" alt=\"\" class=\"wp-image-2769\" srcset=\"https:\/\/www.bobergsstuteri.se\/wp-content\/uploads\/2015\/09\/Limerick-champion.jpg 720w, https:\/\/www.bobergsstuteri.se\/wp-content\/uploads\/2015\/09\/Limerick-champion-225x300.jpg 225w\" sizes=\"(max-width: 720px) 100vw, 720px\" \/><\/a><figcaption class=\"wp-element-caption\">Limerick 40p<\/figcaption><\/figure>\n\n\n\n<figure class=\"wp-block-image size-large\"><a href=\"http:\/\/www.bobergsstuteri.se\/wp-content\/uploads\/2015\/09\/Utst\u00e4llning-kristinehamn-2018-03.jpg\"><img decoding=\"async\" loading=\"lazy\" width=\"960\" height=\"922\" data-id=\"2768\"  src=\"http:\/\/www.bobergsstuteri.se\/wp-content\/uploads\/2015\/09\/Utst\u00e4llning-kristinehamn-2018-03.jpg\" alt=\"\" class=\"wp-image-2768\" srcset=\"https:\/\/www.bobergsstuteri.se\/wp-content\/uploads\/2015\/09\/Utst\u00e4llning-kristinehamn-2018-03.jpg 960w, https:\/\/www.bobergsstuteri.se\/wp-content\/uploads\/2015\/09\/Utst\u00e4llning-kristinehamn-2018-03-300x288.jpg 300w, https:\/\/www.bobergsstuteri.se\/wp-content\/uploads\/2015\/09\/Utst\u00e4llning-kristinehamn-2018-03-768x738.jpg 768w\" sizes=\"(max-width: 960px) 100vw, 960px\" \/><\/a><figcaption class=\"wp-element-caption\">Limerick Minichampionunghingst<\/figcaption><\/figure>\n\n\n\n<figure class=\"wp-block-image size-large\"><a href=\"http:\/\/www.bobergsstuteri.se\/wp-content\/uploads\/2015\/09\/Bobergs-Limerick-2.jpg\"><img decoding=\"async\" loading=\"lazy\" width=\"1024\" height=\"768\" data-id=\"2705\"  src=\"http:\/\/www.bobergsstuteri.se\/wp-content\/uploads\/2015\/09\/Bobergs-Limerick-2-1024x768.jpg\" alt=\"\" class=\"wp-image-2705\" srcset=\"https:\/\/www.bobergsstuteri.se\/wp-content\/uploads\/2015\/09\/Bobergs-Limerick-2-1024x768.jpg 1024w, https:\/\/www.bobergsstuteri.se\/wp-content\/uploads\/2015\/09\/Bobergs-Limerick-2-300x225.jpg 300w, https:\/\/www.bobergsstuteri.se\/wp-content\/uploads\/2015\/09\/Bobergs-Limerick-2-768x576.jpg 768w\" sizes=\"(max-width: 1024px) 100vw, 1024px\" \/><\/a><figcaption class=\"wp-element-caption\">Foto: Anette Wadmann<\/figcaption><\/figure>\n\n\n\n<figure class=\"wp-block-image size-large\"><a href=\"http:\/\/www.bobergsstuteri.se\/wp-content\/uploads\/2013\/09\/IMG_79311.jpg\"><img decoding=\"async\" loading=\"lazy\" width=\"768\" height=\"1024\" data-id=\"2530\"  src=\"http:\/\/www.bobergsstuteri.se\/wp-content\/uploads\/2013\/09\/IMG_79311-768x1024.jpg\" alt=\"\" class=\"wp-image-2530\" srcset=\"https:\/\/www.bobergsstuteri.se\/wp-content\/uploads\/2013\/09\/IMG_79311-768x1024.jpg 768w, https:\/\/www.bobergsstuteri.se\/wp-content\/uploads\/2013\/09\/IMG_79311-225x300.jpg 225w, https:\/\/www.bobergsstuteri.se\/wp-content\/uploads\/2013\/09\/IMG_79311.jpg 1000w\" sizes=\"(max-width: 768px) 100vw, 768px\" \/><\/a><figcaption class=\"wp-element-caption\">Typiskt Bobergs\u00e4pple<\/figcaption><\/figure>\n\n\n\n<figure class=\"wp-block-image size-large\"><a href=\"http:\/\/www.bobergsstuteri.se\/wp-content\/uploads\/2017\/10\/IMG_83181-e1673812429527.jpg\"><img decoding=\"async\" loading=\"lazy\" width=\"678\" height=\"1024\" data-id=\"2584\"  src=\"http:\/\/www.bobergsstuteri.se\/wp-content\/uploads\/2017\/10\/IMG_83181-e1673812429527-678x1024.jpg\" alt=\"\" class=\"wp-image-2584\" srcset=\"https:\/\/www.bobergsstuteri.se\/wp-content\/uploads\/2017\/10\/IMG_83181-e1673812429527-678x1024.jpg 678w, https:\/\/www.bobergsstuteri.se\/wp-content\/uploads\/2017\/10\/IMG_83181-e1673812429527-199x300.jpg 199w, https:\/\/www.bobergsstuteri.se\/wp-content\/uploads\/2017\/10\/IMG_83181-e1673812429527-768x1160.jpg 768w, https:\/\/www.bobergsstuteri.se\/wp-content\/uploads\/2017\/10\/IMG_83181-e1673812429527-1017x1536.jpg 1017w, https:\/\/www.bobergsstuteri.se\/wp-content\/uploads\/2017\/10\/IMG_83181-e1673812429527-1356x2048.jpg 1356w, https:\/\/www.bobergsstuteri.se\/wp-content\/uploads\/2017\/10\/IMG_83181-e1673812429527.jpg 1534w\" sizes=\"(max-width: 678px) 100vw, 678px\" \/><\/a><figcaption class=\"wp-element-caption\">Ginger med BIS-rosetten<\/figcaption><\/figure>\n\n\n\n<figure class=\"wp-block-image size-large\"><a href=\"http:\/\/www.bobergsstuteri.se\/wp-content\/uploads\/2017\/07\/IMG_72741.jpg\"><img decoding=\"async\" loading=\"lazy\" width=\"1000\" height=\"665\" data-id=\"2434\"  src=\"http:\/\/www.bobergsstuteri.se\/wp-content\/uploads\/2017\/07\/IMG_72741.jpg\" alt=\"\" class=\"wp-image-2434\" srcset=\"https:\/\/www.bobergsstuteri.se\/wp-content\/uploads\/2017\/07\/IMG_72741.jpg 1000w, https:\/\/www.bobergsstuteri.se\/wp-content\/uploads\/2017\/07\/IMG_72741-300x200.jpg 300w, https:\/\/www.bobergsstuteri.se\/wp-content\/uploads\/2017\/07\/IMG_72741-768x511.jpg 768w\" sizes=\"(max-width: 1000px) 100vw, 1000px\" \/><\/a><figcaption class=\"wp-element-caption\">Bobergs Nix 40p Championf\u00f6l<\/figcaption><\/figure>\n\n\n\n<figure class=\"wp-block-image size-large\"><a href=\"http:\/\/www.bobergsstuteri.se\/wp-content\/uploads\/2017\/04\/IMG_65161-e1500666364632.jpg\"><img decoding=\"async\" loading=\"lazy\" width=\"768\" height=\"1024\" data-id=\"2337\"  src=\"http:\/\/www.bobergsstuteri.se\/wp-content\/uploads\/2017\/04\/IMG_65161-e1500666364632-768x1024.jpg\" alt=\"\" class=\"wp-image-2337\" srcset=\"https:\/\/www.bobergsstuteri.se\/wp-content\/uploads\/2017\/04\/IMG_65161-e1500666364632-768x1024.jpg 768w, https:\/\/www.bobergsstuteri.se\/wp-content\/uploads\/2017\/04\/IMG_65161-e1500666364632-225x300.jpg 225w\" sizes=\"(max-width: 768px) 100vw, 768px\" \/><\/a><figcaption class=\"wp-element-caption\">Norton f\u00f6ds<\/figcaption><\/figure>\n\n\n\n<figure class=\"wp-block-image size-large\"><a href=\"http:\/\/www.bobergsstuteri.se\/wp-content\/uploads\/2017\/01\/1276.jpg\"><img decoding=\"async\" loading=\"lazy\" width=\"768\" height=\"1024\" data-id=\"2120\"  src=\"http:\/\/www.bobergsstuteri.se\/wp-content\/uploads\/2017\/01\/1276-768x1024.jpg\" alt=\"\" class=\"wp-image-2120\" srcset=\"https:\/\/www.bobergsstuteri.se\/wp-content\/uploads\/2017\/01\/1276-768x1024.jpg 768w, https:\/\/www.bobergsstuteri.se\/wp-content\/uploads\/2017\/01\/1276-225x300.jpg 225w\" sizes=\"(max-width: 768px) 100vw, 768px\" \/><\/a><\/figure>\n\n\n\n<figure class=\"wp-block-image size-large\"><a href=\"http:\/\/www.bobergsstuteri.se\/wp-content\/uploads\/2017\/01\/1485.jpg\"><img decoding=\"async\" loading=\"lazy\" width=\"768\" height=\"1024\" data-id=\"2118\"  src=\"http:\/\/www.bobergsstuteri.se\/wp-content\/uploads\/2017\/01\/1485-768x1024.jpg\" alt=\"\" class=\"wp-image-2118\" srcset=\"https:\/\/www.bobergsstuteri.se\/wp-content\/uploads\/2017\/01\/1485-768x1024.jpg 768w, https:\/\/www.bobergsstuteri.se\/wp-content\/uploads\/2017\/01\/1485-225x300.jpg 225w, https:\/\/www.bobergsstuteri.se\/wp-content\/uploads\/2017\/01\/1485.jpg 960w\" sizes=\"(max-width: 768px) 100vw, 768px\" \/><\/a><\/figure>\n\n\n\n<figure class=\"wp-block-image size-large\"><a href=\"http:\/\/www.bobergsstuteri.se\/wp-content\/uploads\/2016\/08\/IMG_41301.jpg\"><img decoding=\"async\" loading=\"lazy\" width=\"923\" height=\"1024\" data-id=\"1918\"  src=\"http:\/\/www.bobergsstuteri.se\/wp-content\/uploads\/2016\/08\/IMG_41301-923x1024.jpg\" alt=\"\" class=\"wp-image-1918\" srcset=\"https:\/\/www.bobergsstuteri.se\/wp-content\/uploads\/2016\/08\/IMG_41301-923x1024.jpg 923w, https:\/\/www.bobergsstuteri.se\/wp-content\/uploads\/2016\/08\/IMG_41301-270x300.jpg 270w, https:\/\/www.bobergsstuteri.se\/wp-content\/uploads\/2016\/08\/IMG_41301-768x852.jpg 768w, https:\/\/www.bobergsstuteri.se\/wp-content\/uploads\/2016\/08\/IMG_41301.jpg 1846w\" sizes=\"(max-width: 923px) 100vw, 923px\" \/><\/a><\/figure>\n\n\n\n<figure class=\"wp-block-image size-large\"><a href=\"http:\/\/www.bobergsstuteri.se\/wp-content\/uploads\/2013\/01\/IMG_34221-e1615404893605.jpg\"><img decoding=\"async\" loading=\"lazy\" width=\"1024\" height=\"752\" data-id=\"1819\"  src=\"http:\/\/www.bobergsstuteri.se\/wp-content\/uploads\/2013\/01\/IMG_34221-e1615404893605-1024x752.jpg\" alt=\"\" class=\"wp-image-1819\" srcset=\"https:\/\/www.bobergsstuteri.se\/wp-content\/uploads\/2013\/01\/IMG_34221-e1615404893605-1024x752.jpg 1024w, https:\/\/www.bobergsstuteri.se\/wp-content\/uploads\/2013\/01\/IMG_34221-e1615404893605-300x220.jpg 300w, https:\/\/www.bobergsstuteri.se\/wp-content\/uploads\/2013\/01\/IMG_34221-e1615404893605-768x564.jpg 768w, https:\/\/www.bobergsstuteri.se\/wp-content\/uploads\/2013\/01\/IMG_34221-e1615404893605-1536x1128.jpg 1536w, https:\/\/www.bobergsstuteri.se\/wp-content\/uploads\/2013\/01\/IMG_34221-e1615404893605-2048x1504.jpg 2048w\" sizes=\"(max-width: 1024px) 100vw, 1024px\" \/><\/a><figcaption class=\"wp-element-caption\">Bobergs Hwita<\/figcaption><\/figure>\n\n\n\n<figure class=\"wp-block-image size-large\"><a href=\"http:\/\/www.bobergsstuteri.se\/wp-content\/uploads\/2013\/01\/IMG_8972-e1615408344104.jpg\"><img decoding=\"async\" loading=\"lazy\" width=\"907\" height=\"1024\" data-id=\"1750\"  src=\"http:\/\/www.bobergsstuteri.se\/wp-content\/uploads\/2013\/01\/IMG_8972-e1615408344104-907x1024.jpg\" alt=\"\" class=\"wp-image-1750\" srcset=\"https:\/\/www.bobergsstuteri.se\/wp-content\/uploads\/2013\/01\/IMG_8972-e1615408344104-907x1024.jpg 907w, https:\/\/www.bobergsstuteri.se\/wp-content\/uploads\/2013\/01\/IMG_8972-e1615408344104-266x300.jpg 266w, https:\/\/www.bobergsstuteri.se\/wp-content\/uploads\/2013\/01\/IMG_8972-e1615408344104-768x867.jpg 768w, https:\/\/www.bobergsstuteri.se\/wp-content\/uploads\/2013\/01\/IMG_8972-e1615408344104-1361x1536.jpg 1361w, https:\/\/www.bobergsstuteri.se\/wp-content\/uploads\/2013\/01\/IMG_8972-e1615408344104-1815x2048.jpg 1815w\" sizes=\"(max-width: 907px) 100vw, 907px\" \/><\/a><\/figure>\n\n\n\n<figure class=\"wp-block-image size-large\"><a href=\"http:\/\/www.bobergsstuteri.se\/wp-content\/uploads\/2013\/01\/IMG_9566.jpg\"><img decoding=\"async\" loading=\"lazy\" width=\"960\" height=\"601\" data-id=\"1527\"  src=\"http:\/\/www.bobergsstuteri.se\/wp-content\/uploads\/2013\/01\/IMG_9566.jpg\" alt=\"\" class=\"wp-image-1527\" srcset=\"https:\/\/www.bobergsstuteri.se\/wp-content\/uploads\/2013\/01\/IMG_9566.jpg 960w, https:\/\/www.bobergsstuteri.se\/wp-content\/uploads\/2013\/01\/IMG_9566-300x188.jpg 300w\" sizes=\"(max-width: 960px) 100vw, 960px\" \/><\/a><figcaption class=\"wp-element-caption\">fotograf Amanda Misty Ingels<\/figcaption><\/figure>\n\n\n\n<figure class=\"wp-block-image size-large\"><a href=\"http:\/\/www.bobergsstuteri.se\/wp-content\/uploads\/2013\/01\/FullSizeRender4.jpg\"><img decoding=\"async\" loading=\"lazy\" width=\"480\" height=\"640\" data-id=\"1505\"  src=\"http:\/\/www.bobergsstuteri.se\/wp-content\/uploads\/2013\/01\/FullSizeRender4.jpg\" alt=\"\" class=\"wp-image-1505\" srcset=\"https:\/\/www.bobergsstuteri.se\/wp-content\/uploads\/2013\/01\/FullSizeRender4.jpg 480w, https:\/\/www.bobergsstuteri.se\/wp-content\/uploads\/2013\/01\/FullSizeRender4-225x300.jpg 225w\" sizes=\"(max-width: 480px) 100vw, 480px\" \/><\/a><figcaption class=\"wp-element-caption\">Lilly och hennes &#8221;bror&#8221;.<\/figcaption><\/figure>\n<\/figure>\n","protected":false},"excerpt":{"rendered":"<p>\u00a0 Stuteriet ligger bel\u00e4get p\u00e5 Boberg V\u00e4sterg\u00e5rd strax utanf\u00f6r Forn\u00e5sa i \u00d6sterg\u00f6tland. H\u00e4r f\u00f6der vi upp minishetlandsponnyer med bra exteri\u00f6r, trevligt lynne och de flesta f\u00e4rgerna finns representerade p\u00e5 stuteriet. H\u00e4starna \u00e4r v\u00e4lhanterade,\u00a0flera av dem\u00a0k\u00f6rs eller rids\u00a0regelbundet.\u00a0Samtliga avelsston \u00e4r premierade &hellip; <a href=\"https:\/\/www.bobergsstuteri.se\/\">Forts\u00e4tt l\u00e4sa <span class=\"meta-nav\">&rarr;<\/span><\/a><\/p>\n","protected":false},"author":1,"featured_media":0,"parent":0,"menu_order":17,"comment_status":"closed","ping_status":"closed","template":"","meta":[],"_links":{"self":[{"href":"https:\/\/www.bobergsstuteri.se\/index.php?rest_route=\/wp\/v2\/pages\/2"}],"collection":[{"href":"https:\/\/www.bobergsstuteri.se\/index.php?rest_route=\/wp\/v2\/pages"}],"about":[{"href":"https:\/\/www.bobergsstuteri.se\/index.php?rest_route=\/wp\/v2\/types\/page"}],"author":[{"embeddable":true,"href":"https:\/\/www.bobergsstuteri.se\/index.php?rest_route=\/wp\/v2\/users\/1"}],"replies":[{"embeddable":true,"href":"https:\/\/www.bobergsstuteri.se\/index.php?rest_route=%2Fwp%2Fv2%2Fcomments&post=2"}],"version-history":[{"count":89,"href":"https:\/\/www.bobergsstuteri.se\/index.php?rest_route=\/wp\/v2\/pages\/2\/revisions"}],"predecessor-version":[{"id":4229,"href":"https:\/\/www.bobergsstuteri.se\/index.php?rest_route=\/wp\/v2\/pages\/2\/revisions\/4229"}],"wp:attachment":[{"href":"https:\/\/www.bobergsstuteri.se\/index.php?rest_route=%2Fwp%2Fv2%2Fmedia&parent=2"}],"curies":[{"name":"wp","href":"https:\/\/api.w.org\/{rel}","templated":true}]}}