{"id":3361,"date":"2021-03-01T21:03:48","date_gmt":"2021-03-01T20:03:48","guid":{"rendered":"http:\/\/www.bobergsstuteri.se\/?page_id=3361"},"modified":"2026-03-16T19:31:10","modified_gmt":"2026-03-16T18:31:10","slug":"bobergs-qlarizza","status":"publish","type":"page","link":"https:\/\/www.bobergsstuteri.se\/?page_id=3361","title":{"rendered":"Bobergs Qlarizza RS 8377"},"content":{"rendered":"\n<p><strong><a href=\"https:\/\/www.shetlandsponnyn.se\/Stambok\/Visa3Led.aspx?Nr1=526347\">Bobergs Qlarizza RS 8377<\/a><\/strong><\/p>\n\n\n<div class=\"wp-block-image\">\n<figure class=\"aligncenter size-medium\"><img decoding=\"async\" loading=\"lazy\" width=\"300\" height=\"243\" src=\"http:\/\/www.bobergsstuteri.se\/wp-content\/uploads\/2022\/06\/IMG_70131-e1655752207671-300x243.jpg\" alt=\"\" class=\"wp-image-3651\" srcset=\"https:\/\/www.bobergsstuteri.se\/wp-content\/uploads\/2022\/06\/IMG_70131-e1655752207671-300x243.jpg 300w, https:\/\/www.bobergsstuteri.se\/wp-content\/uploads\/2022\/06\/IMG_70131-e1655752207671-768x622.jpg 768w, https:\/\/www.bobergsstuteri.se\/wp-content\/uploads\/2022\/06\/IMG_70131-e1655752207671.jpg 876w\" sizes=\"(max-width: 300px) 100vw, 300px\" \/><\/figure><\/div>\n\n\n<p class=\"has-text-align-center\">gsv, f 2020, Dpl, uts 41p, SUCH<\/p>\n\n\n\n<p class=\"has-text-align-center\">e: Jimmy v.d. Apoloniahoeve RS 818, BIS<\/p>\n\n\n\n<p class=\"has-text-align-center\">(Shandy v. Bromishet &#8211; Elite v.d. Bosrand)<\/p>\n\n\n\n<p class=\"has-text-align-center\">u: Ginger v.h. Duurschenbosch RS 7379 BIS, SUPER- SUCH, ELIT<\/p>\n\n\n\n<p class=\"has-text-align-center\">( Sander v.d Hoefslag &#8211; Lindsay v.d. Dennenhoeve RS 7330 SUCH,  ELIT<\/p>\n\n\n\n<p>Om Qlarizza: Ett mycket trevligt och vackert sto. Hon \u00e4r fick diplom som 3-\u00e5ring och sedan SUCH som redan 4-\u00e5ring. Ett v\u00e4ldigt trevligt litet sto 80cm i mhk. Hon \u00e4r till salu!<\/p>\n\n\n<div class=\"wp-block-image\">\n<figure class=\"aligncenter\"><img decoding=\"async\" src=\"http:\/\/www.bobergsstuteri.se\/wp-content\/uploads\/2021\/03\/IMG_E06741-300x289.jpg\" alt=\"Denna bild har ett alt-attribut som \u00e4r tomt. Dess filnamn \u00e4r IMG_E06741-300x289.jpg\"\/><\/figure><\/div>\n\n\n<p><\/p>\n\n\n\n<figure class=\"is-layout-flex wp-block-gallery-1 wp-block-gallery has-nested-images columns-default is-cropped\">\n<figure class=\"wp-block-image size-large\"><a href=\"http:\/\/www.bobergsstuteri.se\/wp-content\/uploads\/2012\/12\/Ginger.jpg\"><img decoding=\"async\" loading=\"lazy\" width=\"960\" height=\"873\" data-id=\"2814\"  src=\"http:\/\/www.bobergsstuteri.se\/wp-content\/uploads\/2012\/12\/Ginger.jpg\" alt=\"\" class=\"wp-image-2814\" srcset=\"https:\/\/www.bobergsstuteri.se\/wp-content\/uploads\/2012\/12\/Ginger.jpg 960w, https:\/\/www.bobergsstuteri.se\/wp-content\/uploads\/2012\/12\/Ginger-300x273.jpg 300w, https:\/\/www.bobergsstuteri.se\/wp-content\/uploads\/2012\/12\/Ginger-768x698.jpg 768w\" sizes=\"(max-width: 960px) 100vw, 960px\" \/><\/a><figcaption class=\"wp-element-caption\">Mamma Ginger <\/figcaption><\/figure>\n\n\n\n<figure class=\"wp-block-image size-large\"><a href=\"http:\/\/www.bobergsstuteri.se\/wp-content\/uploads\/2019\/04\/IMG_49811.jpg\"><img decoding=\"async\" loading=\"lazy\" width=\"1024\" height=\"936\" data-id=\"2997\"  src=\"http:\/\/www.bobergsstuteri.se\/wp-content\/uploads\/2019\/04\/IMG_49811-1024x936.jpg\" alt=\"\" class=\"wp-image-2997\" srcset=\"https:\/\/www.bobergsstuteri.se\/wp-content\/uploads\/2019\/04\/IMG_49811-1024x936.jpg 1024w, https:\/\/www.bobergsstuteri.se\/wp-content\/uploads\/2019\/04\/IMG_49811-300x274.jpg 300w, https:\/\/www.bobergsstuteri.se\/wp-content\/uploads\/2019\/04\/IMG_49811-768x702.jpg 768w\" sizes=\"(max-width: 1024px) 100vw, 1024px\" \/><\/a><figcaption class=\"wp-element-caption\">Pappa Jimmy<\/figcaption><\/figure>\n<\/figure>\n","protected":false},"excerpt":{"rendered":"<p>Bobergs Qlarizza RS 8377 gsv, f 2020, Dpl, uts 41p, SUCH e: Jimmy v.d. Apoloniahoeve RS 818, BIS (Shandy v. Bromishet &#8211; Elite v.d. Bosrand) u: Ginger v.h. Duurschenbosch RS 7379 BIS, SUPER- SUCH, ELIT ( Sander v.d Hoefslag &#8211; &hellip; <a href=\"https:\/\/www.bobergsstuteri.se\/?page_id=3361\">Forts\u00e4tt l\u00e4sa <span class=\"meta-nav\">&rarr;<\/span><\/a><\/p>\n","protected":false},"author":2,"featured_media":0,"parent":3521,"menu_order":0,"comment_status":"closed","ping_status":"closed","template":"","meta":[],"_links":{"self":[{"href":"https:\/\/www.bobergsstuteri.se\/index.php?rest_route=\/wp\/v2\/pages\/3361"}],"collection":[{"href":"https:\/\/www.bobergsstuteri.se\/index.php?rest_route=\/wp\/v2\/pages"}],"about":[{"href":"https:\/\/www.bobergsstuteri.se\/index.php?rest_route=\/wp\/v2\/types\/page"}],"author":[{"embeddable":true,"href":"https:\/\/www.bobergsstuteri.se\/index.php?rest_route=\/wp\/v2\/users\/2"}],"replies":[{"embeddable":true,"href":"https:\/\/www.bobergsstuteri.se\/index.php?rest_route=%2Fwp%2Fv2%2Fcomments&post=3361"}],"version-history":[{"count":18,"href":"https:\/\/www.bobergsstuteri.se\/index.php?rest_route=\/wp\/v2\/pages\/3361\/revisions"}],"predecessor-version":[{"id":4333,"href":"https:\/\/www.bobergsstuteri.se\/index.php?rest_route=\/wp\/v2\/pages\/3361\/revisions\/4333"}],"up":[{"embeddable":true,"href":"https:\/\/www.bobergsstuteri.se\/index.php?rest_route=\/wp\/v2\/pages\/3521"}],"wp:attachment":[{"href":"https:\/\/www.bobergsstuteri.se\/index.php?rest_route=%2Fwp%2Fv2%2Fmedia&parent=3361"}],"curies":[{"name":"wp","href":"https:\/\/api.w.org\/{rel}","templated":true}]}}