{"id":4232,"date":"2025-07-21T19:34:56","date_gmt":"2025-07-21T17:34:56","guid":{"rendered":"https:\/\/www.bobergsstuteri.se\/?page_id=4232"},"modified":"2025-07-21T20:09:34","modified_gmt":"2025-07-21T18:09:34","slug":"bobergs-udine","status":"publish","type":"page","link":"https:\/\/www.bobergsstuteri.se\/?page_id=4232","title":{"rendered":"Bobergs Udine"},"content":{"rendered":"\n<figure class=\"wp-block-image size-full\"><a href=\"https:\/\/www.bobergsstuteri.se\/wp-content\/uploads\/2025\/07\/a085d610-8382-4976-b3c1-33140b40ee7c.jpg\"><img decoding=\"async\" loading=\"lazy\" width=\"1024\" height=\"683\" src=\"https:\/\/www.bobergsstuteri.se\/wp-content\/uploads\/2025\/07\/a085d610-8382-4976-b3c1-33140b40ee7c.jpg\" alt=\"\" class=\"wp-image-4233\" srcset=\"https:\/\/www.bobergsstuteri.se\/wp-content\/uploads\/2025\/07\/a085d610-8382-4976-b3c1-33140b40ee7c.jpg 1024w, https:\/\/www.bobergsstuteri.se\/wp-content\/uploads\/2025\/07\/a085d610-8382-4976-b3c1-33140b40ee7c-300x200.jpg 300w, https:\/\/www.bobergsstuteri.se\/wp-content\/uploads\/2025\/07\/a085d610-8382-4976-b3c1-33140b40ee7c-768x512.jpg 768w\" sizes=\"(max-width: 1024px) 100vw, 1024px\" \/><\/a><\/figure>\n\n\n\n<p class=\"has-text-align-center\">Skimmel (f. fux), sto, f 2024, 42p uts<\/p>\n\n\n\n<p class=\"has-text-align-center\">e: Melkers BB King RS 775 SUCH, BIS<\/p>\n\n\n\n<p class=\"has-text-align-center\">(Pajazzo di Leva RS 568 BIS &#8211; Melkers Backyard Barbie RS 6832)<\/p>\n\n\n\n<p class=\"has-text-align-center\">u: Bobergs Norine RS 7872 SUCH G1<\/p>\n\n\n\n<p class=\"has-text-align-center\">(Sk\u00e4pper\u00f6ds Rex RS 381 SUCH &#8211; Lindsay vd Dennenhoeve RS 7330 SUCH ELIT)<\/p>\n\n\n\n<p>Om Udine: Ett sto som jag verkligen gillat fr\u00e5n dag ett! Testade att visa henne nu som 1-\u00e5ring och som hon visade sig sen! Hela 42p med raden 99888. Hoppas hon forts\u00e4tter att h\u00e5lla sig fin och utvecklas. Hon \u00e4r en fr\u00f6jd att se i hagen varje dag, \u00e5ret om!<\/p>\n","protected":false},"excerpt":{"rendered":"<p>Skimmel (f. fux), sto, f 2024, 42p uts e: Melkers BB King RS 775 SUCH, BIS (Pajazzo di Leva RS 568 BIS &#8211; Melkers Backyard Barbie RS 6832) u: Bobergs Norine RS 7872 SUCH G1 (Sk\u00e4pper\u00f6ds Rex RS 381 SUCH &hellip; <a href=\"https:\/\/www.bobergsstuteri.se\/?page_id=4232\">Forts\u00e4tt l\u00e4sa <span class=\"meta-nav\">&rarr;<\/span><\/a><\/p>\n","protected":false},"author":2,"featured_media":0,"parent":20,"menu_order":0,"comment_status":"closed","ping_status":"closed","template":"","meta":[],"_links":{"self":[{"href":"https:\/\/www.bobergsstuteri.se\/index.php?rest_route=\/wp\/v2\/pages\/4232"}],"collection":[{"href":"https:\/\/www.bobergsstuteri.se\/index.php?rest_route=\/wp\/v2\/pages"}],"about":[{"href":"https:\/\/www.bobergsstuteri.se\/index.php?rest_route=\/wp\/v2\/types\/page"}],"author":[{"embeddable":true,"href":"https:\/\/www.bobergsstuteri.se\/index.php?rest_route=\/wp\/v2\/users\/2"}],"replies":[{"embeddable":true,"href":"https:\/\/www.bobergsstuteri.se\/index.php?rest_route=%2Fwp%2Fv2%2Fcomments&post=4232"}],"version-history":[{"count":3,"href":"https:\/\/www.bobergsstuteri.se\/index.php?rest_route=\/wp\/v2\/pages\/4232\/revisions"}],"predecessor-version":[{"id":4241,"href":"https:\/\/www.bobergsstuteri.se\/index.php?rest_route=\/wp\/v2\/pages\/4232\/revisions\/4241"}],"up":[{"embeddable":true,"href":"https:\/\/www.bobergsstuteri.se\/index.php?rest_route=\/wp\/v2\/pages\/20"}],"wp:attachment":[{"href":"https:\/\/www.bobergsstuteri.se\/index.php?rest_route=%2Fwp%2Fv2%2Fmedia&parent=4232"}],"curies":[{"name":"wp","href":"https:\/\/api.w.org\/{rel}","templated":true}]}}