{"id":891,"date":"2013-06-30T22:23:46","date_gmt":"2013-06-30T20:23:46","guid":{"rendered":"http:\/\/www.bobergsstuteri.se\/?page_id=891"},"modified":"2026-01-17T21:41:03","modified_gmt":"2026-01-17T20:41:03","slug":"till-salu-2","status":"publish","type":"page","link":"https:\/\/www.bobergsstuteri.se\/?page_id=891","title":{"rendered":"H\u00e4star till salu! 2026-01-17*"},"content":{"rendered":"\n<p class=\"has-text-align-center\">Samtliga saluh\u00e4star \u00e4r tr\u00e4nade f\u00f6r sin \u00e5lder, vana vid daglig hantering, kan st\u00e5 uppbundna, lyfta hovar samt \u00e4r ledtama. F\u00f6r mer info om varje individ, g\u00e5 in p\u00e5 deras respektive sida eller ring! Jag har fler h\u00e4star \u00e4n de som jag presenterar nedan till salu, ring eller skriv till mig om du vill veta mer.<\/p>\n\n\n\n<p class=\"has-text-align-center\">Tel.070-5194252 \/\/ Jenny <\/p>\n\n\n\n<p>Jag har fina avelston till salu, samtliga har diplom, de som \u00e4r 4 \u00e5r och \u00e4ldre har SUCH dvs \u00e4r Svenska Utst\u00e4llningschampions. Var och en har &#8221;f\u00e4rg&#8221; som bonus. Passa p\u00e5 nu du som beh\u00f6ver nytt blod till ditt stuteri! Har satt ut alla dessa d\u00e5 de \u00e4r i stort s\u00e4tt lika bra. N\u00e4r jag s\u00e5lt n\u00e5gra s\u00e5 stoppar jag f\u00f6rs\u00e4ljningen och beh\u00e5ller resten sj\u00e4lv att forts\u00e4tta med. Klicka dig in p\u00e5 f\u00f6ljande ston och l\u00e4s mer antingen h\u00e4r, p\u00e5 fb eller webstamboken. <\/p>\n\n\n\n<p>Bobergs Svea, r\u00f6dsk\u00e4ck, SA-fri, diplom <a href=\"https:\/\/www.shetlandsponnyn.se\/Stambok\/Visa3Led.aspx?Nr1=548060\">Webstamboken<\/a><\/p>\n\n\n\n<p>Bobergs Swarta, svart, SA-fri, diplom <a href=\"https:\/\/www.shetlandsponnyn.se\/Stambok\/Visa3Led.aspx?Nr1=548059\">Webstamboken<\/a><\/p>\n\n\n\n<p>Bobergs Qarisma, isabell, SA-fri, diplom, SUCH <a href=\"https:\/\/www.shetlandsponnyn.se\/Stambok\/Visa3Led.aspx?Nr1=528272\">Webstamboken<\/a><\/p>\n\n\n\n<p>Bobergs Qlarizza, gulsvart, SA-fri, diplom, SUCH <a href=\"https:\/\/www.shetlandsponnyn.se\/Stambok\/Visa3Led.aspx?Nr1=526347\">Webstamboken<\/a><\/p>\n\n\n\n<p>Bobergs Nicci, svensk utst\u00e4llningschampion, diplom och godk\u00e4nt k\u00f6rprov. Gulsvart med enormt mkt tagel! Ca 78cm i mhk. L\u00e4tt att f\u00e5 dr\u00e4ktig, l\u00e4tta f\u00f6lningar och en mkt bra mamma. Dr\u00e4ktig, f\u00f6let ing\u00e5r ej i f\u00f6rs\u00e4ljningen. SA-b\u00e4rare, ska bet\u00e4ckas med SA-fri hingst Gudasn\u00e4ll verkligen helt underbar. Det \u00e4r v\u00e4l ocks\u00e5 d\u00e4rf\u00f6r jag tvekar om att s\u00e4lja henne&#8230;<\/p>\n\n\n\n<p class=\"has-text-align-center\"><strong><a href=\"https:\/\/www.bobergsstuteri.se\/?page_id=2439\" data-type=\"page\" data-id=\"2439\">Bobergs Nicci RS 7873<\/a><\/strong><\/p>\n\n\n\n<figure class=\"wp-block-image size-large\"><a href=\"http:\/\/www.bobergsstuteri.se\/wp-content\/uploads\/2020\/07\/IMG_12411.jpg\"><img decoding=\"async\" loading=\"lazy\" width=\"1024\" height=\"683\" src=\"http:\/\/www.bobergsstuteri.se\/wp-content\/uploads\/2020\/07\/IMG_12411-1024x683.jpg\" alt=\"\" class=\"wp-image-3294\" srcset=\"https:\/\/www.bobergsstuteri.se\/wp-content\/uploads\/2020\/07\/IMG_12411-1024x683.jpg 1024w, https:\/\/www.bobergsstuteri.se\/wp-content\/uploads\/2020\/07\/IMG_12411-300x200.jpg 300w, https:\/\/www.bobergsstuteri.se\/wp-content\/uploads\/2020\/07\/IMG_12411-768x512.jpg 768w, https:\/\/www.bobergsstuteri.se\/wp-content\/uploads\/2020\/07\/IMG_12411-1536x1024.jpg 1536w, https:\/\/www.bobergsstuteri.se\/wp-content\/uploads\/2020\/07\/IMG_12411.jpg 1875w\" sizes=\"(max-width: 1024px) 100vw, 1024px\" \/><\/a><figcaption class=\"wp-element-caption\">Bobergs NIcc<\/figcaption><\/figure>\n\n\n\n<p><\/p>\n\n\n\n<p><\/p>\n\n\n\n<p>Vi s\u00e4ljer <a href=\"http:\/\/www.bobergsstuteri.se\/?page_id=1450\">lamm\/f\u00e5rskinn <\/a>fr\u00e5n v\u00e5r egna bes\u00e4ttning och p\u00e5 sensommar\/h\u00f6st s\u00e4ljs ocks\u00e5 <a href=\"http:\/\/www.bobergsstuteri.se\/?page_id=1447\">lammk\u00f6tt,<\/a> l\u00e4s mer under respektive flik.<\/p>\n\n\n\n<p>Fr\u00e5n v\u00e5ra Bobergs\u00e4ppletr\u00e4d ympas ris varje \u00e5r. Vill man kan man k\u00f6pa en planta. G\u00e5 in p\u00e5 <a href=\"http:\/\/www.bobergsstuteri.se\/?page_id=1024\">Bobergs\u00e4pplesidan<\/a> f\u00f6r mer information.<\/p>\n\n\n\n<h1><a href=\"http:\/\/www.bobergsstuteri.se\/?attachment_id=116\"><\/a><\/h1>\n\n\n\n<p><\/p>\n","protected":false},"excerpt":{"rendered":"<p>Samtliga saluh\u00e4star \u00e4r tr\u00e4nade f\u00f6r sin \u00e5lder, vana vid daglig hantering, kan st\u00e5 uppbundna, lyfta hovar samt \u00e4r ledtama. F\u00f6r mer info om varje individ, g\u00e5 in p\u00e5 deras respektive sida eller ring! Jag har fler h\u00e4star \u00e4n de som &hellip; <a href=\"https:\/\/www.bobergsstuteri.se\/?page_id=891\">Forts\u00e4tt l\u00e4sa <span class=\"meta-nav\">&rarr;<\/span><\/a><\/p>\n","protected":false},"author":2,"featured_media":0,"parent":0,"menu_order":9,"comment_status":"closed","ping_status":"closed","template":"","meta":[],"_links":{"self":[{"href":"https:\/\/www.bobergsstuteri.se\/index.php?rest_route=\/wp\/v2\/pages\/891"}],"collection":[{"href":"https:\/\/www.bobergsstuteri.se\/index.php?rest_route=\/wp\/v2\/pages"}],"about":[{"href":"https:\/\/www.bobergsstuteri.se\/index.php?rest_route=\/wp\/v2\/types\/page"}],"author":[{"embeddable":true,"href":"https:\/\/www.bobergsstuteri.se\/index.php?rest_route=\/wp\/v2\/users\/2"}],"replies":[{"embeddable":true,"href":"https:\/\/www.bobergsstuteri.se\/index.php?rest_route=%2Fwp%2Fv2%2Fcomments&post=891"}],"version-history":[{"count":172,"href":"https:\/\/www.bobergsstuteri.se\/index.php?rest_route=\/wp\/v2\/pages\/891\/revisions"}],"predecessor-version":[{"id":4335,"href":"https:\/\/www.bobergsstuteri.se\/index.php?rest_route=\/wp\/v2\/pages\/891\/revisions\/4335"}],"wp:attachment":[{"href":"https:\/\/www.bobergsstuteri.se\/index.php?rest_route=%2Fwp%2Fv2%2Fmedia&parent=891"}],"curies":[{"name":"wp","href":"https:\/\/api.w.org\/{rel}","templated":true}]}}